{"id":4068,"date":"2024-01-31T12:06:30","date_gmt":"2024-01-31T12:06:30","guid":{"rendered":"https:\/\/wp2.yogsthemes.com\/thewp\/oment\/?page_id=642"},"modified":"2025-08-28T11:12:55","modified_gmt":"2025-08-28T11:12:55","slug":"hakkimizda","status":"publish","type":"page","link":"https:\/\/nobelanamob.com\/ar\/hakkimizda\/","title":{"rendered":"\u0646\u0628\u0630\u0629 \u0639\u0646\u0627"},"content":{"rendered":"<div data-elementor-type=\"wp-page\" data-elementor-id=\"4068\" class=\"elementor elementor-4068\">\n\t\t\t\t<div class=\"elementor-element elementor-element-1f30e3d e-flex e-con-boxed e-con e-parent\" data-id=\"1f30e3d\" data-element_type=\"container\">\n\t\t\t\t\t<div class=\"e-con-inner\">\n\t\t\t\t<div class=\"elementor-element elementor-element-bf2ed6b elementor-widget elementor-widget-text-editor\" data-id=\"bf2ed6b\" data-element_type=\"widget\" data-widget_type=\"text-editor.default\">\n\t\t\t\t\t\t\t\t\t<h2 class=\"fuar-hakkinda-title\"><span style=\"color: #e20613;\">\u0623\u0643\u0628\u0631 \u0645\u0639\u0631\u0636 \u0644\u0644\u0623\u062b\u0627\u062b \u0641\u064a \u0627\u0644\u0623\u0646\u0627\u0636\u0648\u0644<\/span><\/h2><p class=\"fuar-hakkinda-metin\">\u064a\u0642\u0627\u0645 \u0645\u0639\u0631\u0636 \u0623\u0646\u0627\u0645\u0648\u0628 \u0644\u0644\u0623\u062b\u0627\u062b \u0627\u0644\u0623\u0646\u0627\u0636\u0648\u0644\u064a \u0627\u0644\u0630\u064a \u062a\u0646\u0638\u0645\u0647 \u0634\u0631\u0643\u0629 \u0646\u0648\u0628\u0644 \u0625\u0643\u0633\u0628\u0648 \u0641\u064a \u0642\u064a\u0635\u0631\u064a\u060c \u0642\u0644\u0628 \u0635\u0646\u0627\u0639\u0629 \u0627\u0644\u0623\u062b\u0627\u062b. \u062a\u064f\u0639\u062f \u0642\u064a\u0635\u0631\u064a\u060c \u0648\u0647\u064a \u0648\u0627\u062d\u062f\u0629 \u0645\u0646 \u0623\u0643\u0628\u0631 \u0645\u0631\u0627\u0643\u0632 \u0627\u0644\u0625\u0646\u062a\u0627\u062c \u0641\u064a \u062a\u0631\u0643\u064a\u0627\u060c \u0644\u0627\u0639\u0628\u0627\u064b \u0642\u0648\u064a\u0627\u064b \u0644\u064a\u0633 \u0641\u0642\u0637 \u0641\u064a \u0633\u0648\u0642 \u0627\u0644\u0623\u062b\u0627\u062b \u0627\u0644\u0645\u062d\u0644\u064a \u0648\u0644\u0643\u0646 \u0623\u064a\u0636\u0627\u064b \u0641\u064a \u0633\u0648\u0642 \u0627\u0644\u0623\u062b\u0627\u062b \u0627\u0644\u0639\u0627\u0644\u0645\u064a \u0645\u0639 \u0645\u0626\u0627\u062a \u0627\u0644\u0634\u0631\u0643\u0627\u062a \u0627\u0644\u0635\u0646\u0627\u0639\u064a\u0629. \u064a\u062c\u0645\u0639 ANAMOB \u0647\u0630\u0647 \u0627\u0644\u0642\u0648\u0629 \u0645\u0639 \u0627\u0644\u062a\u062c\u0627\u0631\u0629 \u0627\u0644\u062f\u0648\u0644\u064a\u0629 \u0648\u064a\u0648\u0641\u0631 \u062a\u0639\u0627\u0648\u0646\u064b\u0627 \u062c\u062f\u064a\u062f\u064b\u0627 \u0648\u0623\u0633\u0648\u0627\u0642\u064b\u0627 \u062c\u062f\u064a\u062f\u0629 \u0648\u0641\u0631\u0635\u064b\u0627 \u0645\u0648\u062c\u0647\u0629 \u0644\u0644\u062a\u0635\u062f\u064a\u0631 \u0644\u0644\u0642\u0637\u0627\u0639.<\/p><p class=\"fuar-hakkinda-metin\">\u00a0<\/p><h3><span style=\"color: #e20613;\">\u0623\u0642\u0648\u0649 \u0646\u0642\u0637\u0629 \u0627\u0644\u062a\u0642\u0627\u0621 \u0644\u0644\u0642\u0637\u0627\u0639<\/span><\/h3><p>\u064a\u0641\u062a\u062d \u0645\u0639\u0631\u0636 \u0623\u0646\u0627\u0645\u0648\u0628 \u0627\u0644\u0630\u064a \u064a\u062c\u0645\u0639 \u0623\u0643\u062b\u0631 \u0645\u0646 450 \u0639\u0644\u0627\u0645\u0629 \u062a\u062c\u0627\u0631\u064a\u0629 \u0648\u0623\u0643\u062b\u0631 \u0645\u0646 27,000 \u0632\u0627\u0626\u0631 \u0645\u062d\u062a\u0631\u0641 \u0639\u0644\u0649 \u0645\u0633\u0627\u062d\u0629 40,000 \u0645\u062a\u0631 \u0645\u0631\u0628\u0639\u060c \u0623\u0628\u0648\u0627\u0628 \u0627\u0644\u062a\u062c\u0627\u0631\u0629 \u0627\u0644\u0639\u0627\u0644\u0645\u064a\u0629 \u0623\u0645\u0627\u0645 \u0627\u0644\u0645\u0634\u0627\u0631\u0643\u064a\u0646 \u0641\u064a\u0647 \u0645\u0639 \u0648\u0641\u0648\u062f \u0645\u0634\u062a\u0631\u064a\u0627\u062a \u0645\u0646 \u0623\u0643\u062b\u0631 \u0645\u0646 72 \u062f\u0648\u0644\u0629. \u0625\u0646\u0647 \u0644\u064a\u0633 \u0645\u062c\u0631\u062f \u0645\u0639\u0631\u0636 \u0644\u0644\u0645\u0647\u0646\u064a\u064a\u0646 \u0641\u064a \u0647\u0630\u0627 \u0627\u0644\u0645\u062c\u0627\u0644\u060c \u0628\u0644 \u0647\u0648 \u0623\u064a\u0636\u0627\u064b \u0645\u0646\u0635\u0629 \u062a\u062c\u0627\u0631\u064a\u0629 \u064a\u062a\u0645 \u0641\u064a\u0647\u0627 \u062a\u0642\u062f\u064a\u0645 \u0645\u062c\u0645\u0648\u0639\u0627\u062a \u062c\u062f\u064a\u062f\u0629 \u0648\u0639\u0642\u062f \u0627\u062c\u062a\u0645\u0627\u0639\u0627\u062a \u0639\u0645\u0644 \u062b\u0646\u0627\u0626\u064a\u0629 \u0648\u0625\u0642\u0627\u0645\u0629 \u0634\u0631\u0627\u0643\u0627\u062a \u062a\u062c\u0627\u0631\u064a\u0629 \u0627\u0633\u062a\u0631\u0627\u062a\u064a\u062c\u064a\u0629.<\/p>\t\t\t\t\t\t\t\t<\/div>\n\t\t\t\t\t<\/div>\n\t\t\t\t<\/div>\n\t\t<div class=\"elementor-element elementor-element-2137eec e-flex e-con-boxed e-con e-parent\" data-id=\"2137eec\" data-element_type=\"container\">\n\t\t\t\t\t<div class=\"e-con-inner\">\n\t\t\t\t<div class=\"elementor-element elementor-element-f739a35 elementor-widget elementor-widget-text-editor\" data-id=\"f739a35\" data-element_type=\"widget\" data-widget_type=\"text-editor.default\">\n\t\t\t\t\t\t\t\t\t<h3><span style=\"color: #e20613;\">\u0645\u0631\u0643\u0632 \u0627\u0644\u0623\u062b\u0627\u062b \u0642\u064a\u0635\u0631\u064a<\/span><\/h3><p>\u064a\u0633\u062a\u0642\u0637\u0628 \u0645\u0639\u0631\u0636 \u0623\u0646\u0627\u0645\u0648\u0628 \u0645\u062c\u0645\u0648\u0639\u0629 \u0648\u0627\u0633\u0639\u0629 \u0645\u0646 \u0627\u0644\u0639\u0627\u0631\u0636\u064a\u0646 \u0648\u0627\u0644\u0632\u0648\u0627\u0631\u060c \u0645\u0646 \u0645\u0635\u0646\u0639\u064a \u0627\u0644\u0623\u062b\u0627\u062b \u0625\u0644\u0649 \u0627\u0644\u0645\u0635\u062f\u0631\u064a\u0646\u060c \u0648\u0645\u0646 \u0627\u0644\u0645\u0635\u0645\u0645\u064a\u0646 \u0625\u0644\u0649 \u0627\u0644\u0645\u0648\u0631\u062f\u064a\u0646. \u0648\u0628\u064a\u0646\u0645\u0627 \u064a\u0643\u0634\u0641 \u0627\u0644\u0645\u0639\u0631\u0636 \u0639\u0646 \u0642\u0648\u0629 \u062a\u0631\u0643\u064a\u0627 \u0627\u0644\u0625\u0646\u062a\u0627\u062c\u064a\u0629 \u0648\u0642\u062f\u0631\u062a\u0647\u0627 \u0639\u0644\u0649 \u0627\u0644\u0627\u0628\u062a\u0643\u0627\u0631\u060c \u0641\u0625\u0646\u0647 \u064a\u0631\u0633\u0645 \u0645\u0633\u062a\u0642\u0628\u0644 \u0635\u0646\u0627\u0639\u0629 \u0627\u0644\u0623\u062b\u0627\u062b. 365 \u064a\u0648\u0645\u0627\u064b \u0645\u0646 \u0627\u0644\u062e\u062f\u0645\u0629 \u0644\u0644\u0642\u0637\u0627\u0639 \u062a\u0646\u0638\u0645\u0647 \u0634\u0631\u0643\u0629 \u0646\u0648\u0628\u0644 \u0625\u0643\u0633\u0628\u0648 \u0645\u0646 \u062e\u0644\u0627\u0644 \u0646\u0647\u062c \u0627\u0644\u062c\u064a\u0644 \u0627\u0644\u062c\u062f\u064a\u062f \u0645\u0646 \u0625\u062f\u0627\u0631\u0629 \u0627\u0644\u0645\u0639\u0627\u0631\u0636\u060c \u062d\u064a\u062b \u062a\u0631\u0634\u062f \u0623\u0646\u0627\u0645\u0648\u0628 \u0639\u0627\u0644\u0645 \u0627\u0644\u0623\u0639\u0645\u0627\u0644 \u0628\u0627\u0644\u062e\u062f\u0645\u0627\u062a \u0627\u0644\u062a\u064a \u062a\u0642\u062f\u0645\u0647\u0627 \u0644\u064a\u0633 \u0641\u0642\u0637 \u062e\u0644\u0627\u0644 \u0623\u064a\u0627\u0645 \u0627\u0644\u0645\u0639\u0631\u0636 \u0648\u0644\u0643\u0646 \u0623\u064a\u0636\u0627\u064b \u0639\u0644\u0649 \u0645\u062f\u0627\u0631 \u0627\u0644\u0639\u0627\u0645. \u0648\u0628\u0641\u0636\u0644 \u0627\u0644\u0627\u0645\u062a\u064a\u0627\u0632\u0627\u062a \u0627\u0644\u062a\u064a \u064a\u0642\u062f\u0645\u0647\u0627 \u0642\u0628\u0644 \u0627\u0644\u0645\u0639\u0631\u0636 \u0648\u0623\u062b\u0646\u0627\u0621\u0647 \u0648\u0628\u0639\u062f\u0647\u060c \u0641\u0647\u0648 \u0634\u0631\u064a\u0643 \u062a\u062c\u0627\u0631\u064a \u0645\u0648\u062b\u0648\u0642 \u0628\u0647 \u0644\u062c\u0645\u064a\u0639 \u0627\u0644\u0639\u0645\u0644\u064a\u0627\u062a \u0627\u0644\u062a\u062c\u0627\u0631\u064a\u0629 \u0641\u064a \u0635\u0646\u0627\u0639\u0629 \u0627\u0644\u0623\u062b\u0627\u062b.<\/p><p>\u00a0<\/p><h3><strong><em><span style=\"color: #e20613;\">\u0623\u0646\u0627\u0645\u0648\u0628 - \u0646\u0648\u0628\u0644 \u0627\u0644\u0645\u0639\u0631\u0636 \u0644\u0645\u0646 \u064a\u0641\u0647\u0645 \u0641\u064a \u0627\u0644\u0623\u062b\u0627\u062b!<\/span><\/em><\/strong><\/h3>\t\t\t\t\t\t\t\t<\/div>\n\t\t\t\t\t<\/div>\n\t\t\t\t<\/div>\n\t\t\t\t<\/div>","protected":false},"excerpt":{"rendered":"<p>\u0623\u0643\u0628\u0631 \u0645\u0639\u0631\u0636 \u0644\u0644\u0623\u062b\u0627\u062b \u0641\u064a \u0627\u0644\u0623\u0646\u0627\u0636\u0648\u0644 \u0627\u0644\u0630\u064a \u062a\u0646\u0638\u0645\u0647 \u0634\u0631\u0643\u0629 \u0646\u0648\u0628\u0644 \u0625\u0643\u0633\u0628\u0648\u060c \u064a\u0642\u0627\u0645 \u0645\u0639\u0631\u0636 \u0623\u0646\u0627\u0645\u0648\u0628 \u0644\u0644\u0623\u062b\u0627\u062b \u0627\u0644\u0623\u0646\u0627\u0636\u0648\u0644\u064a \u0641\u064a \u0642\u064a\u0635\u0631\u064a\u060c \u0642\u0644\u0628 \u0635\u0646\u0627\u0639\u0629 \u0627\u0644\u0623\u062b\u0627\u062b. \u062a\u064f\u0639\u062f \u0642\u064a\u0635\u0631\u064a\u060c \u0648\u0647\u064a \u0648\u0627\u062d\u062f\u0629 \u0645\u0646 \u0623\u0643\u0628\u0631 \u0645\u0631\u0627\u0643\u0632 \u0627\u0644\u0625\u0646\u062a\u0627\u062c \u0641\u064a \u062a\u0631\u0643\u064a\u0627\u060c \u0644\u0627\u0639\u0628\u0627\u064b \u0642\u0648\u064a\u0627\u064b \u0644\u064a\u0633 \u0641\u0642\u0637 \u0641\u064a \u0633\u0648\u0642 \u0627\u0644\u0623\u062b\u0627\u062b \u0627\u0644\u0645\u062d\u0644\u064a \u0648\u0644\u0643\u0646 \u0623\u064a\u0636\u0627\u064b \u0641\u064a \u0633\u0648\u0642 \u0627\u0644\u0623\u062b\u0627\u062b \u0627\u0644\u0639\u0627\u0644\u0645\u064a \u0645\u0639 \u0645\u0626\u0627\u062a \u0627\u0644\u0634\u0631\u0643\u0627\u062a \u0627\u0644\u0635\u0646\u0627\u0639\u064a\u0629. \u064a\u062c\u0645\u0639 ANAMOB \u0647\u0630\u0647 \u0627\u0644\u0642\u0648\u0629 \u0645\u0639 \u0627\u0644\u062a\u062c\u0627\u0631\u0629 \u0627\u0644\u062f\u0648\u0644\u064a\u0629\u060c \u0645\u0645\u0627 \u064a\u062c\u0644\u0628 \u062a\u0639\u0627\u0648\u0646\u064b\u0627 \u062c\u062f\u064a\u062f\u064b\u0627 \u0648\u0623\u0633\u0648\u0627\u0642\u064b\u0627 \u062c\u062f\u064a\u062f\u0629 \u0644\u0644\u0642\u0637\u0627\u0639 [...].<\/p>","protected":false},"author":1,"featured_media":0,"parent":0,"menu_order":0,"comment_status":"closed","ping_status":"closed","template":"tpl-default-elementor.php","meta":{"footnotes":""},"class_list":["post-4068","page","type-page","status-publish","hentry"],"yoast_head":"<!-- This site is optimized with the Yoast SEO plugin v26.0 - https:\/\/yoast.com\/wordpress\/plugins\/seo\/ -->\n<title>HAKKIMIZDA - NOBEL ANAMOB - Anadolu Mobilya Fuar\u0131<\/title>\n<meta name=\"robots\" content=\"index, follow, max-snippet:-1, max-image-preview:large, max-video-preview:-1\" \/>\n<link rel=\"canonical\" href=\"http:\/\/nobelanamob.com\/ar\/hakkimizda\/\" \/>\n<meta property=\"og:locale\" content=\"ar_AR\" \/>\n<meta property=\"og:type\" content=\"article\" \/>\n<meta property=\"og:title\" content=\"HAKKIMIZDA - NOBEL ANAMOB - Anadolu Mobilya Fuar\u0131\" \/>\n<meta property=\"og:description\" content=\"ANADOLU\u2019NUN EN B\u00dcY\u00dcK MOB\u0130LYA FUARI Nobel Expo taraf\u0131ndan organize edilen ANAMOB Anadolu Mobilya Fuar\u0131, mobilya sanayisinin kalbinin att\u0131\u011f\u0131 Kayseri\u2019de d\u00fczenleniyor. T\u00fcrkiye\u2019nin en b\u00fcy\u00fck \u00fcretim merkezlerinden biri olan Kayseri, y\u00fczlerce \u00fcretici firmas\u0131yla yaln\u0131zca yurt i\u00e7inde de\u011fil, d\u00fcnya mobilya pazar\u0131nda da g\u00fc\u00e7l\u00fc bir oyuncu konumunda. ANAMOB, bu g\u00fcc\u00fc uluslararas\u0131 ticaretle bulu\u015fturarak sekt\u00f6re yeni i\u015f birlikleri, yeni pazarlar [&hellip;]\" \/>\n<meta property=\"og:url\" content=\"http:\/\/nobelanamob.com\/ar\/hakkimizda\/\" \/>\n<meta property=\"og:site_name\" content=\"NOBEL ANAMOB - Anadolu Mobilya Fuar\u0131\" \/>\n<meta property=\"article:modified_time\" content=\"2025-08-28T11:12:55+00:00\" \/>\n<meta name=\"twitter:card\" content=\"summary_large_image\" \/>\n<meta name=\"twitter:label1\" content=\"\u0648\u0642\u062a \u0627\u0644\u0642\u0631\u0627\u0621\u0629 \u0627\u0644\u0645\u064f\u0642\u062f\u0651\u0631\" \/>\n\t<meta name=\"twitter:data1\" content=\"\u062f\u0642\u064a\u0642\u0629 \u0648\u0627\u062d\u062f\u0629\" \/>\n<script type=\"application\/ld+json\" class=\"yoast-schema-graph\">{\"@context\":\"https:\/\/schema.org\",\"@graph\":[{\"@type\":\"WebPage\",\"@id\":\"http:\/\/nobelanamob.com\/ar\/hakkimizda\/\",\"url\":\"http:\/\/nobelanamob.com\/ar\/hakkimizda\/\",\"name\":\"HAKKIMIZDA - NOBEL ANAMOB - Anadolu Mobilya Fuar\u0131\",\"isPartOf\":{\"@id\":\"https:\/\/nobelanamob.com\/#website\"},\"datePublished\":\"2024-01-31T12:06:30+00:00\",\"dateModified\":\"2025-08-28T11:12:55+00:00\",\"breadcrumb\":{\"@id\":\"http:\/\/nobelanamob.com\/ar\/hakkimizda\/#breadcrumb\"},\"inLanguage\":\"ar\",\"potentialAction\":[{\"@type\":\"ReadAction\",\"target\":[\"http:\/\/nobelanamob.com\/ar\/hakkimizda\/\"]}]},{\"@type\":\"BreadcrumbList\",\"@id\":\"http:\/\/nobelanamob.com\/ar\/hakkimizda\/#breadcrumb\",\"itemListElement\":[{\"@type\":\"ListItem\",\"position\":1,\"name\":\"Anasayfa\",\"item\":\"https:\/\/nobelanamob.com\/\"},{\"@type\":\"ListItem\",\"position\":2,\"name\":\"HAKKIMIZDA\"}]},{\"@type\":\"WebSite\",\"@id\":\"https:\/\/nobelanamob.com\/#website\",\"url\":\"https:\/\/nobelanamob.com\/\",\"name\":\"NOBEL ANAMOB - Anadolu Mobilya Fuar\u0131\",\"description\":\"Nobel Expo\",\"publisher\":{\"@id\":\"https:\/\/nobelanamob.com\/#organization\"},\"potentialAction\":[{\"@type\":\"SearchAction\",\"target\":{\"@type\":\"EntryPoint\",\"urlTemplate\":\"https:\/\/nobelanamob.com\/?s={search_term_string}\"},\"query-input\":{\"@type\":\"PropertyValueSpecification\",\"valueRequired\":true,\"valueName\":\"search_term_string\"}}],\"inLanguage\":\"ar\"},{\"@type\":\"Organization\",\"@id\":\"https:\/\/nobelanamob.com\/#organization\",\"name\":\"NOBEL ANAMOB - Anadolu Mobilya Fuar\u0131\",\"url\":\"https:\/\/nobelanamob.com\/\",\"logo\":{\"@type\":\"ImageObject\",\"inLanguage\":\"ar\",\"@id\":\"https:\/\/nobelanamob.com\/#\/schema\/logo\/image\/\",\"url\":\"https:\/\/nobelanamob.com\/wp-content\/uploads\/2025\/08\/ANAMOB-2025_logo.png\",\"contentUrl\":\"https:\/\/nobelanamob.com\/wp-content\/uploads\/2025\/08\/ANAMOB-2025_logo.png\",\"width\":1010,\"height\":326,\"caption\":\"NOBEL ANAMOB - Anadolu Mobilya Fuar\u0131\"},\"image\":{\"@id\":\"https:\/\/nobelanamob.com\/#\/schema\/logo\/image\/\"}}]}<\/script>\n<!-- \/ Yoast SEO plugin. -->","yoast_head_json":{"title":"\u0646\u0628\u0630\u0629 \u0639\u0646\u0627 - \u0645\u0639\u0631\u0636 \u0623\u062b\u0627\u062b \u0627\u0644\u0623\u0646\u0627\u0636\u0648\u0644 \u0644\u0644\u0623\u062b\u0627\u062b - \u0645\u0639\u0631\u0636 \u0623\u062b\u0627\u062b \u0627\u0644\u0623\u0646\u0627\u0636\u0648\u0644","robots":{"index":"index","follow":"follow","max-snippet":"max-snippet:-1","max-image-preview":"max-image-preview:large","max-video-preview":"max-video-preview:-1"},"canonical":"http:\/\/nobelanamob.com\/ar\/hakkimizda\/","og_locale":"ar_AR","og_type":"article","og_title":"HAKKIMIZDA - NOBEL ANAMOB - Anadolu Mobilya Fuar\u0131","og_description":"ANADOLU\u2019NUN EN B\u00dcY\u00dcK MOB\u0130LYA FUARI Nobel Expo taraf\u0131ndan organize edilen ANAMOB Anadolu Mobilya Fuar\u0131, mobilya sanayisinin kalbinin att\u0131\u011f\u0131 Kayseri\u2019de d\u00fczenleniyor. T\u00fcrkiye\u2019nin en b\u00fcy\u00fck \u00fcretim merkezlerinden biri olan Kayseri, y\u00fczlerce \u00fcretici firmas\u0131yla yaln\u0131zca yurt i\u00e7inde de\u011fil, d\u00fcnya mobilya pazar\u0131nda da g\u00fc\u00e7l\u00fc bir oyuncu konumunda. ANAMOB, bu g\u00fcc\u00fc uluslararas\u0131 ticaretle bulu\u015fturarak sekt\u00f6re yeni i\u015f birlikleri, yeni pazarlar [&hellip;]","og_url":"http:\/\/nobelanamob.com\/ar\/hakkimizda\/","og_site_name":"NOBEL ANAMOB - Anadolu Mobilya Fuar\u0131","article_modified_time":"2025-08-28T11:12:55+00:00","twitter_card":"summary_large_image","twitter_misc":{"\u0648\u0642\u062a \u0627\u0644\u0642\u0631\u0627\u0621\u0629 \u0627\u0644\u0645\u064f\u0642\u062f\u0651\u0631":"\u062f\u0642\u064a\u0642\u0629 \u0648\u0627\u062d\u062f\u0629"},"schema":{"@context":"https:\/\/schema.org","@graph":[{"@type":"WebPage","@id":"http:\/\/nobelanamob.com\/ar\/hakkimizda\/","url":"http:\/\/nobelanamob.com\/ar\/hakkimizda\/","name":"\u0646\u0628\u0630\u0629 \u0639\u0646\u0627 - \u0645\u0639\u0631\u0636 \u0623\u062b\u0627\u062b \u0627\u0644\u0623\u0646\u0627\u0636\u0648\u0644 \u0644\u0644\u0623\u062b\u0627\u062b - \u0645\u0639\u0631\u0636 \u0623\u062b\u0627\u062b \u0627\u0644\u0623\u0646\u0627\u0636\u0648\u0644","isPartOf":{"@id":"https:\/\/nobelanamob.com\/#website"},"datePublished":"2024-01-31T12:06:30+00:00","dateModified":"2025-08-28T11:12:55+00:00","breadcrumb":{"@id":"http:\/\/nobelanamob.com\/ar\/hakkimizda\/#breadcrumb"},"inLanguage":"ar","potentialAction":[{"@type":"ReadAction","target":["http:\/\/nobelanamob.com\/ar\/hakkimizda\/"]}]},{"@type":"BreadcrumbList","@id":"http:\/\/nobelanamob.com\/ar\/hakkimizda\/#breadcrumb","itemListElement":[{"@type":"ListItem","position":1,"name":"Anasayfa","item":"https:\/\/nobelanamob.com\/"},{"@type":"ListItem","position":2,"name":"HAKKIMIZDA"}]},{"@type":"WebSite","@id":"https:\/\/nobelanamob.com\/#website","url":"https:\/\/nobelanamob.com\/","name":"\u0646\u0648\u0628\u064a\u0644 \u0623\u0646\u0627\u0645\u0648\u0628 - \u0645\u0639\u0631\u0636 \u0627\u0644\u0623\u0646\u0627\u0636\u0648\u0644 \u0644\u0644\u0623\u062b\u0627\u062b - \u0627\u0644\u0623\u0646\u0627\u0636\u0648\u0644 \u0644\u0644\u0623\u062b\u0627\u062b","description":"\u0645\u0639\u0631\u0636 \u0646\u0648\u0628\u0644","publisher":{"@id":"https:\/\/nobelanamob.com\/#organization"},"potentialAction":[{"@type":"SearchAction","target":{"@type":"EntryPoint","urlTemplate":"https:\/\/nobelanamob.com\/?s={search_term_string}"},"query-input":{"@type":"PropertyValueSpecification","valueRequired":true,"valueName":"search_term_string"}}],"inLanguage":"ar"},{"@type":"Organization","@id":"https:\/\/nobelanamob.com\/#organization","name":"\u0646\u0648\u0628\u064a\u0644 \u0623\u0646\u0627\u0645\u0648\u0628 - \u0645\u0639\u0631\u0636 \u0627\u0644\u0623\u0646\u0627\u0636\u0648\u0644 \u0644\u0644\u0623\u062b\u0627\u062b - \u0627\u0644\u0623\u0646\u0627\u0636\u0648\u0644 \u0644\u0644\u0623\u062b\u0627\u062b","url":"https:\/\/nobelanamob.com\/","logo":{"@type":"ImageObject","inLanguage":"ar","@id":"https:\/\/nobelanamob.com\/#\/schema\/logo\/image\/","url":"https:\/\/nobelanamob.com\/wp-content\/uploads\/2025\/08\/ANAMOB-2025_logo.png","contentUrl":"https:\/\/nobelanamob.com\/wp-content\/uploads\/2025\/08\/ANAMOB-2025_logo.png","width":1010,"height":326,"caption":"NOBEL ANAMOB - Anadolu Mobilya Fuar\u0131"},"image":{"@id":"https:\/\/nobelanamob.com\/#\/schema\/logo\/image\/"}}]}},"_links":{"self":[{"href":"https:\/\/nobelanamob.com\/ar\/wp-json\/wp\/v2\/pages\/4068","targetHints":{"allow":["GET"]}}],"collection":[{"href":"https:\/\/nobelanamob.com\/ar\/wp-json\/wp\/v2\/pages"}],"about":[{"href":"https:\/\/nobelanamob.com\/ar\/wp-json\/wp\/v2\/types\/page"}],"author":[{"embeddable":true,"href":"https:\/\/nobelanamob.com\/ar\/wp-json\/wp\/v2\/users\/1"}],"replies":[{"embeddable":true,"href":"https:\/\/nobelanamob.com\/ar\/wp-json\/wp\/v2\/comments?post=4068"}],"version-history":[{"count":0,"href":"https:\/\/nobelanamob.com\/ar\/wp-json\/wp\/v2\/pages\/4068\/revisions"}],"wp:attachment":[{"href":"https:\/\/nobelanamob.com\/ar\/wp-json\/wp\/v2\/media?parent=4068"}],"curies":[{"name":"\u062f\u0628\u0644\u064a\u0648 \u0628\u064a","href":"https:\/\/api.w.org\/{rel}","templated":true}]}}