{"id":4076,"date":"2024-01-31T13:06:04","date_gmt":"2024-01-31T13:06:04","guid":{"rendered":"https:\/\/wp2.yogsthemes.com\/thewp\/oment\/?page_id=655"},"modified":"2025-08-28T11:14:25","modified_gmt":"2025-08-28T11:14:25","slug":"hizmetlerimiz","status":"publish","type":"page","link":"https:\/\/nobelanamob.com\/ar\/hizmetlerimiz\/","title":{"rendered":"\u062e\u062f\u0645\u0627\u062a\u0646\u0627"},"content":{"rendered":"<div data-elementor-type=\"wp-page\" data-elementor-id=\"4076\" class=\"elementor elementor-4076\">\n\t\t\t\t<div class=\"elementor-element elementor-element-01286b4 e-flex e-con-boxed e-con e-parent\" data-id=\"01286b4\" data-element_type=\"container\">\n\t\t\t\t\t<div class=\"e-con-inner\">\n\t\t\t\t<div class=\"elementor-element elementor-element-7dfa864 elementor-widget elementor-widget-text-editor\" data-id=\"7dfa864\" data-element_type=\"widget\" data-widget_type=\"text-editor.default\">\n\t\t\t\t\t\t\t\t\t<h2><br \/><span style=\"color: #e20613;\">\u062e\u062f\u0645\u0627\u062a\u0646\u0627 \u0627\u0644\u062e\u0627\u0635\u0629 \u0644\u062a\u062c\u0631\u0628\u0629 \u0645\u0639\u0631\u0636 \u0646\u0627\u062c\u062d\u0629<\/span><\/h2><p>\u0639\u0646\u062f\u0645\u0627 \u062a\u0642\u0631\u0631 \u0627\u0644\u0645\u0634\u0627\u0631\u0643\u0629 \u0641\u064a \u0645\u0639\u0631\u0636 \u0623\u0646\u0627\u0645\u0648\u0628 \u0644\u0644\u0623\u062b\u0627\u062b \u0641\u064a \u0627\u0644\u0623\u0646\u0627\u0636\u0648\u0644\u060c \u0641\u0623\u0646\u062a \u0644\u0645 \u062a\u0639\u062f \u0645\u062c\u0631\u062f \u0645\u0634\u0627\u0631\u0643 \u0641\u064a \u0645\u0639\u0631\u0636. \u0641\u0645\u0639 \u0646\u0647\u062c \u0627\u0644\u062c\u064a\u0644 \u0627\u0644\u062c\u062f\u064a\u062f \u0644\u0645\u0639\u0631\u0636 \u0646\u0648\u0628\u0644 \u0625\u0643\u0633\u0628\u0648 \u0644\u0644\u0645\u0639\u0627\u0631\u0636\u060c \u0641\u0625\u0646\u0643 \u062a\u062f\u062e\u0644 \u0625\u0644\u0649 \u0645\u0646\u0635\u0629 \u0623\u0639\u0645\u0627\u0644 \u0645\u0646 \u0634\u0623\u0646\u0647\u0627 \u062a\u0639\u0638\u064a\u0645 \u0625\u0645\u0643\u0627\u0646\u0627\u062a \u0627\u0633\u062a\u062b\u0645\u0627\u0631\u0643. \u0627\u0644\u062e\u062f\u0645\u0627\u062a \u0627\u0644\u0645\u0645\u064a\u0632\u0629 \u0627\u0644\u062a\u064a \u0646\u0642\u062f\u0645\u0647\u0627 \u0644\u0644\u0639\u0627\u0631\u0636\u064a\u0646 \u0644\u062f\u064a\u0646\u0627 \u062a\u0633\u0627\u0639\u062f\u0643 \u0639\u0644\u0649 \u062a\u0639\u0632\u064a\u0632 \u0639\u0644\u0627\u0645\u062a\u0643 \u0627\u0644\u062a\u062c\u0627\u0631\u064a\u0629 \u0642\u0628\u0644 \u0627\u0644\u0645\u0639\u0631\u0636 \u0648\u0628\u0639\u062f\u0647 \u0648\u0643\u0630\u0644\u0643 \u0623\u062b\u0646\u0627\u0621 \u0627\u0644\u0645\u0639\u0631\u0636.<\/p>\t\t\t\t\t\t\t\t<\/div>\n\t\t\t\t\t<\/div>\n\t\t\t\t<\/div>\n\t\t<div class=\"elementor-element elementor-element-8b21606 e-grid e-con-boxed e-con e-parent\" data-id=\"8b21606\" data-element_type=\"container\">\n\t\t\t\t\t<div class=\"e-con-inner\">\n\t\t\t\t<div class=\"elementor-element elementor-element-4be3a75 elementor-widget elementor-widget-text-editor\" data-id=\"4be3a75\" data-element_type=\"widget\" data-widget_type=\"text-editor.default\">\n\t\t\t\t\t\t\t\t\t<h3><span style=\"color: #e20613;\">\u0627\u0644\u062d\u0644\u0648\u0644 \u0627\u0644\u0625\u0639\u0644\u0627\u0646\u064a\u0629 \u0648\u0627\u0644\u062a\u0631\u0648\u064a\u062c\u064a\u0629<\/span><\/h3><p>\u0642\u0645 \u0628\u0632\u064a\u0627\u062f\u0629 \u0638\u0647\u0648\u0631 \u0639\u0644\u0627\u0645\u062a\u0643 \u0627\u0644\u062a\u062c\u0627\u0631\u064a\u0629 \u0642\u0628\u0644 \u0627\u0644\u0645\u0639\u0631\u0636 \u0648\u0623\u062b\u0646\u0627\u0621\u0647 \u0648\u0628\u0639\u062f\u0647. \u0627\u0628\u0642\u064e \u0641\u064a \u0623\u0630\u0647\u0627\u0646 \u062c\u0645\u0647\u0648\u0631\u0643 \u0627\u0644\u0645\u0633\u062a\u0647\u062f\u0641\u060c \u0648\u062a\u0648\u0627\u0635\u0644 \u0645\u0639 \u0639\u0645\u0644\u0627\u0621 \u062c\u062f\u062f \u0648\u0639\u0632\u0632 \u062a\u0639\u0627\u0648\u0646\u0643 \u0645\u0639 \u0628\u0627\u0642\u0627\u062a\u0646\u0627 \u0627\u0644\u0625\u0639\u0644\u0627\u0646\u064a\u0629 \u0627\u0644\u0631\u0642\u0645\u064a\u0629 \u0648\u0627\u0644\u0645\u0627\u062f\u064a\u0629.<\/p>\t\t\t\t\t\t\t\t<\/div>\n\t\t\t\t<div class=\"elementor-element elementor-element-c06bd60 elementor-widget elementor-widget-text-editor\" data-id=\"c06bd60\" data-element_type=\"widget\" data-widget_type=\"text-editor.default\">\n\t\t\t\t\t\t\t\t\t<h3><span style=\"color: #e20613;\">\u0628\u0627\u0642\u0627\u062a \u0627\u0644\u062d\u0627\u0645\u0644 \u0627\u0644\u062c\u0627\u0647\u0632\u0629<\/span><\/h3><p>\u0639\u0632\u0632 \u0645\u0641\u0647\u0648\u0645 \u0639\u0644\u0627\u0645\u062a\u0643 \u0627\u0644\u062a\u062c\u0627\u0631\u064a\u0629 \u0648\u0648\u0641\u0631 \u0627\u0644\u0648\u0642\u062a. \u0627\u0633\u062a\u0639\u062f \u0644\u0645\u0633\u0627\u062d\u0629 \u0627\u0644\u0645\u0639\u0631\u0636 \u0628\u062d\u0644\u0648\u0644 \u0633\u0631\u064a\u0639\u0629 \u0648\u0627\u0642\u062a\u0635\u0627\u062f\u064a\u0629 \u0648\u0641\u0639\u0627\u0644\u0629 \u0628\u0641\u0636\u0644 \u0628\u0627\u0642\u0627\u062a \u0627\u0644\u0623\u062c\u0646\u062d\u0629 \u0627\u0644\u062c\u0627\u0647\u0632\u0629 \u0644\u062f\u064a\u0646\u0627. \u0642\u0645 \u0628\u062a\u0645\u062b\u064a\u0644 \u0639\u0644\u0627\u0645\u062a\u0643 \u0627\u0644\u062a\u062c\u0627\u0631\u064a\u0629 \u0628\u0623\u0641\u0636\u0644 \u0637\u0631\u064a\u0642\u0629 \u0645\u0639 \u0627\u0644\u062a\u0635\u0645\u064a\u0645\u0627\u062a \u0627\u0644\u062e\u0627\u0635\u0629 \u0648\u062f\u0639\u0645 \u0627\u0644\u062a\u0631\u0643\u064a\u0628.<\/p>\t\t\t\t\t\t\t\t<\/div>\n\t\t\t\t<div class=\"elementor-element elementor-element-3f07456 elementor-widget elementor-widget-text-editor\" data-id=\"3f07456\" data-element_type=\"widget\" data-widget_type=\"text-editor.default\">\n\t\t\t\t\t\t\t\t\t<h3><span style=\"color: #e20613;\">\u0645\u0646\u0627\u0637\u0642 \u0627\u0644\u0627\u062c\u062a\u0645\u0627\u0639\u0627\u062a \u0648\u0627\u0644\u062a\u0648\u0627\u0635\u0644 \u0628\u064a\u0646 \u0627\u0644\u0634\u0631\u0643\u0627\u062a<\/span><\/h3><p>\u064a\u062a\u0645\u064a\u0632 ANAMOB \u0628\u0627\u062c\u062a\u0645\u0627\u0639\u0627\u062a \u0627\u0644\u0623\u0639\u0645\u0627\u0644 \u0627\u0644\u062e\u0627\u0635\u0629 \u0648\u0628\u0631\u0627\u0645\u062c \u0648\u0641\u0648\u062f \u0627\u0644\u0645\u0634\u062a\u0631\u064a\u0646 \u0627\u0644\u062f\u0648\u0644\u064a\u064a\u0646 \u0627\u0644\u062a\u064a \u062a\u062c\u0645\u0639 \u0627\u0644\u0639\u0627\u0631\u0636\u064a\u0646 \u0645\u0639 \u0627\u0644\u0645\u0634\u062a\u0631\u064a\u0646 \u0627\u0644\u0645\u0646\u0627\u0633\u0628\u064a\u0646. \u0633\u062a\u0643\u0648\u0646 \u0627\u0644\u0639\u0644\u0627\u0642\u0627\u062a \u0627\u0644\u062a\u064a \u0633\u062a\u0642\u064a\u0645\u0647\u0627 \u0645\u0639 \u0627\u0644\u0645\u062a\u062e\u0635\u0635\u064a\u0646 \u0641\u064a \u0647\u0630\u0627 \u0627\u0644\u0645\u062c\u0627\u0644 \u0623\u0642\u0648\u0649 \u0641\u0631\u0635\u0629 \u0644\u0643 \u0644\u0632\u064a\u0627\u062f\u0629 \u0635\u0627\u062f\u0631\u0627\u062a\u0643.<\/p>\t\t\t\t\t\t\t\t<\/div>\n\t\t\t\t<div class=\"elementor-element elementor-element-bf02308 elementor-widget elementor-widget-text-editor\" data-id=\"bf02308\" data-element_type=\"widget\" data-widget_type=\"text-editor.default\">\n\t\t\t\t\t\t\t\t\t<h3><span style=\"color: #e20613;\">\u0627\u0644\u062e\u062f\u0645\u0627\u062a \u0627\u0644\u0645\u0631\u0626\u064a\u0629 \u0648\u0627\u0644\u0625\u0639\u0644\u0627\u0645\u064a\u0629<\/span><\/h3><p>\u0627\u0646\u0642\u0644 \u0639\u0644\u0627\u0645\u062a\u0643 \u0627\u0644\u062a\u062c\u0627\u0631\u064a\u0629 \u0625\u0644\u0649 \u0645\u0627 \u0628\u0639\u062f \u0627\u0644\u0645\u0639\u0631\u0636. \u0642\u0645 \u0628\u0632\u064a\u0627\u062f\u0629 \u0638\u0647\u0648\u0631\u0643 \u0639\u0644\u0649 \u0648\u0633\u0627\u0626\u0644 \u0627\u0644\u062a\u0648\u0627\u0635\u0644 \u0627\u0644\u0627\u062c\u062a\u0645\u0627\u0639\u064a \u0645\u0646 \u062e\u0644\u0627\u0644 \u062e\u062f\u0645\u0627\u062a \u0625\u0646\u062a\u0627\u062c \u0627\u0644\u0635\u0648\u0631 \u0648\u0627\u0644\u0641\u064a\u062f\u064a\u0648 \u0648\u0627\u0633\u062a\u0645\u0631 \u0641\u064a \u0625\u062d\u062f\u0627\u062b \u062a\u0623\u062b\u064a\u0631 \u062d\u062a\u0649 \u0628\u0639\u062f \u0627\u0644\u0645\u0639\u0631\u0636. \u0627\u062a\u0631\u0643 \u0627\u0646\u0637\u0628\u0627\u0639\u0627\u064b \u0627\u062d\u062a\u0631\u0627\u0641\u064a\u0627\u064b \u0641\u064a \u0627\u062c\u062a\u0645\u0627\u0639\u0627\u062a\u0643 \u0627\u0644\u062e\u0627\u0635\u0629. \u0627\u0633\u062a\u0636\u0641 \u0634\u0631\u0643\u0627\u0621\u0643 \u0627\u0644\u062a\u062c\u0627\u0631\u064a\u064a\u0646 \u0648\u0648\u0642\u0639 \u0627\u062a\u0641\u0627\u0642\u064a\u0627\u062a \u062c\u062f\u064a\u062f\u0629 \u0641\u064a \u0642\u0627\u0639\u0627\u062a \u0627\u062c\u062a\u0645\u0627\u0639\u0627\u062a\u0646\u0627 \u0627\u0644\u0645\u0631\u064a\u062d\u0629 \u0648\u0627\u0644\u062d\u062f\u064a\u062b\u0629.<\/p>\t\t\t\t\t\t\t\t<\/div>\n\t\t\t\t\t<\/div>\n\t\t\t\t<\/div>\n\t\t<div class=\"elementor-element elementor-element-6889e5f e-grid e-con-boxed e-con e-parent\" data-id=\"6889e5f\" data-element_type=\"container\">\n\t\t\t\t\t<div class=\"e-con-inner\">\n\t\t\t\t\t<\/div>\n\t\t\t\t<\/div>\n\t\t<div class=\"elementor-element elementor-element-41cf930 e-flex e-con-boxed e-con e-parent\" data-id=\"41cf930\" data-element_type=\"container\">\n\t\t\t\t\t<div class=\"e-con-inner\">\n\t\t\t\t\t<\/div>\n\t\t\t\t<\/div>\n\t\t\t\t<\/div>","protected":false},"excerpt":{"rendered":"<p>\u062e\u062f\u0645\u0627\u062a\u0646\u0627 \u0627\u0644\u062e\u0627\u0635\u0629 \u0645\u0646 \u0623\u062c\u0644 \u062a\u062c\u0631\u0628\u0629 \u0645\u0639\u0631\u0636 \u0646\u0627\u062c\u062d\u0629 \u0639\u0646\u062f\u0645\u0627 \u062a\u0642\u0631\u0631 \u0627\u0644\u0645\u0634\u0627\u0631\u0643\u0629 \u0641\u064a \u0645\u0639\u0631\u0636 \u0623\u0646\u0627\u0645\u0648\u0628 \u0644\u0644\u0623\u062b\u0627\u062b \u0641\u064a \u0627\u0644\u0623\u0646\u0627\u0636\u0648\u0644\u060c \u0641\u0623\u0646\u062a \u0644\u0645 \u062a\u0639\u062f \u0645\u062c\u0631\u062f \u0645\u0634\u0627\u0631\u0643 \u0641\u064a \u0645\u0639\u0631\u0636. \u0641\u0645\u0639 \u0646\u0647\u062c \u0627\u0644\u062c\u064a\u0644 \u0627\u0644\u062c\u062f\u064a\u062f \u0644\u0645\u0639\u0631\u0636 \u0646\u0648\u0628\u0644 \u0625\u0643\u0633\u0628\u0648 \u0644\u0644\u0645\u0639\u0627\u0631\u0636\u060c \u0641\u0625\u0646\u0643 \u062a\u062f\u062e\u0644 \u0625\u0644\u0649 \u0645\u0646\u0635\u0629 \u0623\u0639\u0645\u0627\u0644 \u0645\u0646 \u0634\u0623\u0646\u0647\u0627 \u0623\u0646 \u062a\u0632\u064a\u062f \u0645\u0646 \u0625\u0645\u0643\u0627\u0646\u0627\u062a \u0627\u0633\u062a\u062b\u0645\u0627\u0631\u0643 \u0625\u0644\u0649 \u0623\u0642\u0635\u0649 \u062d\u062f. \u062a\u0633\u0627\u0639\u062f\u0643 \u0627\u0644\u062e\u062f\u0645\u0627\u062a \u0627\u0644\u0645\u0645\u064a\u0632\u0629 \u0627\u0644\u062a\u064a \u0646\u0642\u062f\u0645\u0647\u0627 \u0644\u0644\u0639\u0627\u0631\u0636\u064a\u0646 \u0644\u062f\u064a\u0646\u0627 \u0639\u0644\u0649 \u062a\u0639\u0632\u064a\u0632 \u0639\u0644\u0627\u0645\u062a\u0643 \u0627\u0644\u062a\u062c\u0627\u0631\u064a\u0629 \u0642\u0628\u0644 \u0627\u0644\u0645\u0639\u0631\u0636 \u0648\u0628\u0639\u062f\u0647 \u0648\u0643\u0630\u0644\u0643 \u0623\u062b\u0646\u0627\u0621\u0647. [...]<\/p>","protected":false},"author":1,"featured_media":0,"parent":0,"menu_order":0,"comment_status":"closed","ping_status":"closed","template":"tpl-default-elementor.php","meta":{"footnotes":""},"class_list":["post-4076","page","type-page","status-publish","hentry"],"yoast_head":"<!-- This site is optimized with the Yoast SEO plugin v26.0 - https:\/\/yoast.com\/wordpress\/plugins\/seo\/ -->\n<title>H\u0130ZMETLER\u0130M\u0130Z - NOBEL ANAMOB - Anadolu Mobilya Fuar\u0131<\/title>\n<meta name=\"robots\" content=\"index, follow, max-snippet:-1, max-image-preview:large, max-video-preview:-1\" \/>\n<link rel=\"canonical\" href=\"http:\/\/nobelanamob.com\/ar\/hizmetlerimiz\/\" \/>\n<meta property=\"og:locale\" content=\"ar_AR\" \/>\n<meta property=\"og:type\" content=\"article\" \/>\n<meta property=\"og:title\" content=\"H\u0130ZMETLER\u0130M\u0130Z - NOBEL ANAMOB - Anadolu Mobilya Fuar\u0131\" \/>\n<meta property=\"og:description\" content=\"Ba\u015far\u0131l\u0131 Bir Fuar Deneyimi \u0130\u00e7in Size \u00d6zel Hizmetlerimiz ANAMOB Anadolu Mobilya Fuar\u0131\u2019na kat\u0131lma karar\u0131 verdi\u011finizde, art\u0131k yaln\u0131zca bir fuarda yer alm\u0131yorsunuz. Nobel Expo\u2019nun yeni nesil fuarc\u0131l\u0131k anlay\u0131\u015f\u0131yla, yat\u0131r\u0131m\u0131n\u0131z\u0131n potansiyelini en \u00fcst seviyeye ta\u015f\u0131yacak bir i\u015f platformuna ad\u0131m at\u0131yorsunuz. Kat\u0131l\u0131mc\u0131lar\u0131m\u0131z i\u00e7in sundu\u011fumuz ayr\u0131cal\u0131kl\u0131 hizmetler, fuar s\u00fcresince oldu\u011fu kadar \u00f6ncesinde ve sonras\u0131nda da markan\u0131z\u0131 g\u00fc\u00e7lendirmenize yard\u0131mc\u0131 olur. [&hellip;]\" \/>\n<meta property=\"og:url\" content=\"http:\/\/nobelanamob.com\/ar\/hizmetlerimiz\/\" \/>\n<meta property=\"og:site_name\" content=\"NOBEL ANAMOB - Anadolu Mobilya Fuar\u0131\" \/>\n<meta property=\"article:modified_time\" content=\"2025-08-28T11:14:25+00:00\" \/>\n<meta name=\"twitter:card\" content=\"summary_large_image\" \/>\n<meta name=\"twitter:label1\" content=\"\u0648\u0642\u062a \u0627\u0644\u0642\u0631\u0627\u0621\u0629 \u0627\u0644\u0645\u064f\u0642\u062f\u0651\u0631\" \/>\n\t<meta name=\"twitter:data1\" content=\"\u062f\u0642\u064a\u0642\u062a\u0627\u0646\" \/>\n<script type=\"application\/ld+json\" class=\"yoast-schema-graph\">{\"@context\":\"https:\/\/schema.org\",\"@graph\":[{\"@type\":\"WebPage\",\"@id\":\"http:\/\/nobelanamob.com\/ar\/hizmetlerimiz\/\",\"url\":\"http:\/\/nobelanamob.com\/ar\/hizmetlerimiz\/\",\"name\":\"H\u0130ZMETLER\u0130M\u0130Z - NOBEL ANAMOB - Anadolu Mobilya Fuar\u0131\",\"isPartOf\":{\"@id\":\"https:\/\/nobelanamob.com\/#website\"},\"datePublished\":\"2024-01-31T13:06:04+00:00\",\"dateModified\":\"2025-08-28T11:14:25+00:00\",\"breadcrumb\":{\"@id\":\"http:\/\/nobelanamob.com\/ar\/hizmetlerimiz\/#breadcrumb\"},\"inLanguage\":\"ar\",\"potentialAction\":[{\"@type\":\"ReadAction\",\"target\":[\"http:\/\/nobelanamob.com\/ar\/hizmetlerimiz\/\"]}]},{\"@type\":\"BreadcrumbList\",\"@id\":\"http:\/\/nobelanamob.com\/ar\/hizmetlerimiz\/#breadcrumb\",\"itemListElement\":[{\"@type\":\"ListItem\",\"position\":1,\"name\":\"Anasayfa\",\"item\":\"https:\/\/nobelanamob.com\/\"},{\"@type\":\"ListItem\",\"position\":2,\"name\":\"H\u0130ZMETLER\u0130M\u0130Z\"}]},{\"@type\":\"WebSite\",\"@id\":\"https:\/\/nobelanamob.com\/#website\",\"url\":\"https:\/\/nobelanamob.com\/\",\"name\":\"NOBEL ANAMOB - Anadolu Mobilya Fuar\u0131\",\"description\":\"Nobel Expo\",\"publisher\":{\"@id\":\"https:\/\/nobelanamob.com\/#organization\"},\"potentialAction\":[{\"@type\":\"SearchAction\",\"target\":{\"@type\":\"EntryPoint\",\"urlTemplate\":\"https:\/\/nobelanamob.com\/?s={search_term_string}\"},\"query-input\":{\"@type\":\"PropertyValueSpecification\",\"valueRequired\":true,\"valueName\":\"search_term_string\"}}],\"inLanguage\":\"ar\"},{\"@type\":\"Organization\",\"@id\":\"https:\/\/nobelanamob.com\/#organization\",\"name\":\"NOBEL ANAMOB - Anadolu Mobilya Fuar\u0131\",\"url\":\"https:\/\/nobelanamob.com\/\",\"logo\":{\"@type\":\"ImageObject\",\"inLanguage\":\"ar\",\"@id\":\"https:\/\/nobelanamob.com\/#\/schema\/logo\/image\/\",\"url\":\"https:\/\/nobelanamob.com\/wp-content\/uploads\/2025\/08\/ANAMOB-2025_logo.png\",\"contentUrl\":\"https:\/\/nobelanamob.com\/wp-content\/uploads\/2025\/08\/ANAMOB-2025_logo.png\",\"width\":1010,\"height\":326,\"caption\":\"NOBEL ANAMOB - Anadolu Mobilya Fuar\u0131\"},\"image\":{\"@id\":\"https:\/\/nobelanamob.com\/#\/schema\/logo\/image\/\"}}]}<\/script>\n<!-- \/ Yoast SEO plugin. -->","yoast_head_json":{"title":"\u062e\u062f\u0645\u0627\u062a\u0646\u0627 - NOBEL ANAMOB - \u0645\u0639\u0631\u0636 \u0627\u0644\u0623\u0646\u0627\u0636\u0648\u0644 \u0644\u0644\u0623\u062b\u0627\u062b - \u0627\u0644\u0623\u0646\u0627\u0636\u0648\u0644 \u0644\u0644\u0623\u062b\u0627\u062b","robots":{"index":"index","follow":"follow","max-snippet":"max-snippet:-1","max-image-preview":"max-image-preview:large","max-video-preview":"max-video-preview:-1"},"canonical":"http:\/\/nobelanamob.com\/ar\/hizmetlerimiz\/","og_locale":"ar_AR","og_type":"article","og_title":"H\u0130ZMETLER\u0130M\u0130Z - NOBEL ANAMOB - Anadolu Mobilya Fuar\u0131","og_description":"Ba\u015far\u0131l\u0131 Bir Fuar Deneyimi \u0130\u00e7in Size \u00d6zel Hizmetlerimiz ANAMOB Anadolu Mobilya Fuar\u0131\u2019na kat\u0131lma karar\u0131 verdi\u011finizde, art\u0131k yaln\u0131zca bir fuarda yer alm\u0131yorsunuz. Nobel Expo\u2019nun yeni nesil fuarc\u0131l\u0131k anlay\u0131\u015f\u0131yla, yat\u0131r\u0131m\u0131n\u0131z\u0131n potansiyelini en \u00fcst seviyeye ta\u015f\u0131yacak bir i\u015f platformuna ad\u0131m at\u0131yorsunuz. Kat\u0131l\u0131mc\u0131lar\u0131m\u0131z i\u00e7in sundu\u011fumuz ayr\u0131cal\u0131kl\u0131 hizmetler, fuar s\u00fcresince oldu\u011fu kadar \u00f6ncesinde ve sonras\u0131nda da markan\u0131z\u0131 g\u00fc\u00e7lendirmenize yard\u0131mc\u0131 olur. [&hellip;]","og_url":"http:\/\/nobelanamob.com\/ar\/hizmetlerimiz\/","og_site_name":"NOBEL ANAMOB - Anadolu Mobilya Fuar\u0131","article_modified_time":"2025-08-28T11:14:25+00:00","twitter_card":"summary_large_image","twitter_misc":{"\u0648\u0642\u062a \u0627\u0644\u0642\u0631\u0627\u0621\u0629 \u0627\u0644\u0645\u064f\u0642\u062f\u0651\u0631":"\u062f\u0642\u064a\u0642\u062a\u0627\u0646"},"schema":{"@context":"https:\/\/schema.org","@graph":[{"@type":"WebPage","@id":"http:\/\/nobelanamob.com\/ar\/hizmetlerimiz\/","url":"http:\/\/nobelanamob.com\/ar\/hizmetlerimiz\/","name":"\u062e\u062f\u0645\u0627\u062a\u0646\u0627 - NOBEL ANAMOB - \u0645\u0639\u0631\u0636 \u0627\u0644\u0623\u0646\u0627\u0636\u0648\u0644 \u0644\u0644\u0623\u062b\u0627\u062b - \u0627\u0644\u0623\u0646\u0627\u0636\u0648\u0644 \u0644\u0644\u0623\u062b\u0627\u062b","isPartOf":{"@id":"https:\/\/nobelanamob.com\/#website"},"datePublished":"2024-01-31T13:06:04+00:00","dateModified":"2025-08-28T11:14:25+00:00","breadcrumb":{"@id":"http:\/\/nobelanamob.com\/ar\/hizmetlerimiz\/#breadcrumb"},"inLanguage":"ar","potentialAction":[{"@type":"ReadAction","target":["http:\/\/nobelanamob.com\/ar\/hizmetlerimiz\/"]}]},{"@type":"BreadcrumbList","@id":"http:\/\/nobelanamob.com\/ar\/hizmetlerimiz\/#breadcrumb","itemListElement":[{"@type":"ListItem","position":1,"name":"Anasayfa","item":"https:\/\/nobelanamob.com\/"},{"@type":"ListItem","position":2,"name":"H\u0130ZMETLER\u0130M\u0130Z"}]},{"@type":"WebSite","@id":"https:\/\/nobelanamob.com\/#website","url":"https:\/\/nobelanamob.com\/","name":"\u0646\u0648\u0628\u064a\u0644 \u0623\u0646\u0627\u0645\u0648\u0628 - \u0645\u0639\u0631\u0636 \u0627\u0644\u0623\u0646\u0627\u0636\u0648\u0644 \u0644\u0644\u0623\u062b\u0627\u062b - \u0627\u0644\u0623\u0646\u0627\u0636\u0648\u0644 \u0644\u0644\u0623\u062b\u0627\u062b","description":"\u0645\u0639\u0631\u0636 \u0646\u0648\u0628\u0644","publisher":{"@id":"https:\/\/nobelanamob.com\/#organization"},"potentialAction":[{"@type":"SearchAction","target":{"@type":"EntryPoint","urlTemplate":"https:\/\/nobelanamob.com\/?s={search_term_string}"},"query-input":{"@type":"PropertyValueSpecification","valueRequired":true,"valueName":"search_term_string"}}],"inLanguage":"ar"},{"@type":"Organization","@id":"https:\/\/nobelanamob.com\/#organization","name":"\u0646\u0648\u0628\u064a\u0644 \u0623\u0646\u0627\u0645\u0648\u0628 - \u0645\u0639\u0631\u0636 \u0627\u0644\u0623\u0646\u0627\u0636\u0648\u0644 \u0644\u0644\u0623\u062b\u0627\u062b - \u0627\u0644\u0623\u0646\u0627\u0636\u0648\u0644 \u0644\u0644\u0623\u062b\u0627\u062b","url":"https:\/\/nobelanamob.com\/","logo":{"@type":"ImageObject","inLanguage":"ar","@id":"https:\/\/nobelanamob.com\/#\/schema\/logo\/image\/","url":"https:\/\/nobelanamob.com\/wp-content\/uploads\/2025\/08\/ANAMOB-2025_logo.png","contentUrl":"https:\/\/nobelanamob.com\/wp-content\/uploads\/2025\/08\/ANAMOB-2025_logo.png","width":1010,"height":326,"caption":"NOBEL ANAMOB - Anadolu Mobilya Fuar\u0131"},"image":{"@id":"https:\/\/nobelanamob.com\/#\/schema\/logo\/image\/"}}]}},"_links":{"self":[{"href":"https:\/\/nobelanamob.com\/ar\/wp-json\/wp\/v2\/pages\/4076","targetHints":{"allow":["GET"]}}],"collection":[{"href":"https:\/\/nobelanamob.com\/ar\/wp-json\/wp\/v2\/pages"}],"about":[{"href":"https:\/\/nobelanamob.com\/ar\/wp-json\/wp\/v2\/types\/page"}],"author":[{"embeddable":true,"href":"https:\/\/nobelanamob.com\/ar\/wp-json\/wp\/v2\/users\/1"}],"replies":[{"embeddable":true,"href":"https:\/\/nobelanamob.com\/ar\/wp-json\/wp\/v2\/comments?post=4076"}],"version-history":[{"count":0,"href":"https:\/\/nobelanamob.com\/ar\/wp-json\/wp\/v2\/pages\/4076\/revisions"}],"wp:attachment":[{"href":"https:\/\/nobelanamob.com\/ar\/wp-json\/wp\/v2\/media?parent=4076"}],"curies":[{"name":"\u062f\u0628\u0644\u064a\u0648 \u0628\u064a","href":"https:\/\/api.w.org\/{rel}","templated":true}]}}