{"id":3878,"date":"2024-02-01T20:51:12","date_gmt":"2024-02-01T20:51:12","guid":{"rendered":"https:\/\/wp2.yogsthemes.com\/thewp\/oment\/?page_id=3878"},"modified":"2025-12-03T17:13:23","modified_gmt":"2025-12-03T17:13:23","slug":"sikca-sorulan-sorular-yeni","status":"publish","type":"page","link":"https:\/\/nobelanamob.com\/en\/sikca-sorulan-sorular-yeni\/","title":{"rendered":"Frequently Asked Questions"},"content":{"rendered":"<div data-elementor-type=\"wp-page\" data-elementor-id=\"3878\" class=\"elementor elementor-3878\">\n\t\t\t\t<div class=\"elementor-element elementor-element-6b449fb e-flex e-con-boxed e-con e-parent\" data-id=\"6b449fb\" data-element_type=\"container\">\n\t\t\t\t\t<div class=\"e-con-inner\">\n\t\t\t\t<div class=\"elementor-element elementor-element-80e2859 elementor-widget elementor-widget-heading\" data-id=\"80e2859\" data-element_type=\"widget\" data-widget_type=\"heading.default\">\n\t\t\t\t\t<h2 class=\"elementor-heading-title elementor-size-default\">Frequently Asked Questions<\/h2>\t\t\t\t<\/div>\n\t\t\t\t\t<\/div>\n\t\t\t\t<\/div>\n\t\t<div class=\"elementor-element elementor-element-6e4e48d e-flex e-con-boxed e-con e-parent\" data-id=\"6e4e48d\" data-element_type=\"container\">\n\t\t\t\t\t<div class=\"e-con-inner\">\n\t\t\t\t<div class=\"elementor-element elementor-element-1025422 elementor-widget elementor-widget-heading\" data-id=\"1025422\" data-element_type=\"widget\" data-widget_type=\"heading.default\">\n\t\t\t\t\t<h2 class=\"elementor-heading-title elementor-size-default\">Frequently Asked Questions<\/h2>\t\t\t\t<\/div>\n\t\t\t\t\t<\/div>\n\t\t\t\t<\/div>\n\t\t<div class=\"elementor-element elementor-element-e37c021 e-flex e-con-boxed e-con e-parent\" data-id=\"e37c021\" data-element_type=\"container\">\n\t\t\t\t\t<div class=\"e-con-inner\">\n\t\t\t\t<div class=\"elementor-element elementor-element-40f0164 elementor-widget elementor-widget-text-editor\" data-id=\"40f0164\" data-element_type=\"widget\" data-widget_type=\"text-editor.default\">\n\t\t\t\t\t\t\t\t\t<ul><li><span style=\"color: #e30613;\"><b>When and where will the fair be held?<\/b><\/span><b><br \/><\/b><span style=\"font-weight: 400;\"><br \/>ANAMOB Anadolu Furniture Fair <strong>7<\/strong><\/span><b>-11 October 2026<\/b><span style=\"font-weight: 400;\">\u00a0in their history <\/span><b>Kayseri OSB International Fair Center<\/b><span style=\"font-weight: 400;\">will be realised at<\/span><\/li><\/ul><p><b><br \/><span style=\"color: #e30613;\">How to Apply as an Exhibitor?<\/span><\/b><b><br \/><\/b><span style=\"font-weight: 400;\"><br \/>Companies wishing to participate <\/span><b>exhibitor application form<\/b> <span style=\"font-weight: 400;\">(participant form link)<\/span><span style=\"font-weight: 400;\"> by filling or <\/span><b>info@nobelanamob.com<\/b><span style=\"font-weight: 400;\"> They can make their applications by sending an e-mail to the address. Applications are evaluated by the fair committee.<\/span><\/p><p><b><br \/><span style=\"color: #e30613;\">Is registration required at the fair entrance?<\/span><\/b><b><br \/><\/b><span style=\"font-weight: 400;\"><br \/>Yes. Registration is mandatory for entry to the fair. Visitors can complete the registration process by filling out the <\/span><b>visitor registration form<\/b> <span style=\"font-weight: 400;\">(visitor registration link)<\/span><span style=\"font-weight: 400;\"> by filling out the registration form. Also for registration <\/span><b>info@nobelanamob.com<\/b><span style=\"font-weight: 400;\"> You can send an e-mail to the address.<\/span><\/p><p><b><br \/><span style=\"color: #e30613;\">What are the visiting hours?<\/span><\/b><b><br \/><\/b><span style=\"font-weight: 400;\"><br \/>ANAMOB Anatolian Furniture Fair, visitors every day <\/span><b>10:00 - 18:00<\/b><span style=\"font-weight: 400;\"> hours on the last day of the fair. Closing time on the last day of the fair <\/span><b>17:00<\/b><span style=\"font-weight: 400;\">is.<\/span><\/p><p><b><br \/><span style=\"color: #e30613;\">Who can visit the fair?<\/span><\/b><b><br \/><\/b><span style=\"font-weight: 400;\"><br \/>ANAMOB is organized for manufacturers, exporters, importers, wholesalers, chain stores, dealers, interior architects, designers, and professionals operating in the furniture industry. In addition, professional buyer delegations from 68 different countries visit the fair.<\/span><\/p><p><b><br \/><span style=\"color: #e30613;\">Which products will be showcased at the fair?<\/span><\/b><b><br \/><\/b><span style=\"font-weight: 400;\"><br \/>ANAMOB presents a rich product range covering all areas of the furniture industry. From modern and modular furniture to luxury designs, from office, school, and educational furniture to solutions for the hotel and hospitality industry, from baby, children\u2019s, and youth rooms to garden and outdoor furniture \u2014 a vast product spectrum is on display. In addition, furniture accessories, complementary products, and the latest trends in the sector are also featured within the scope of the fair.<\/span><\/p><p><b><br \/><span style=\"color: #e30613;\">Will there be one-on-one business meetings?<\/span><\/b><b><br \/><\/b><span style=\"font-weight: 400;\"><br \/>Yes. Within the scope of ANAMOB, there is a dialogue between professional buyers from abroad and participating companies. <\/span><b>B2B bilateral business meetings<\/b><span style=\"font-weight: 400;\"> will be organised. These meetings provide important opportunities for participants to open up to international markets.<\/span><\/p><p><b><br \/><span style=\"color: #e30613;\">How can I get to the fairground?<\/span><\/b><b><br \/><\/b><b><br \/>Kayseri OSB International Fair Center<\/b><span style=\"font-weight: 400;\">The fair is easily accessible from the city centre by public transport and shuttles provided during the fair. Detailed transport information is shared on the fair website and through other digital platforms.<\/span><\/p><p><b><br \/><span style=\"color: #e30613;\">Is there a special program for international visitors?<\/span><\/b><b><br \/><\/b><span style=\"font-weight: 400;\"><br \/>Yes. For professional visitors from abroad <\/span><b>International<\/b> <b>Purchasing Delegation Programme<\/b><span style=\"font-weight: 400;\"> are organised. In this context, foreign buyers and participating companies are brought together and translation and guidance services are provided.<\/span><\/p><p><b><br \/><span style=\"color: #e30613;\">Can children enter the fair?<\/span><\/b><b><br \/><\/b><span style=\"font-weight: 400;\"><br \/>Since ANAMOB is a fair aimed at the professional business world, children are generally not allowed to enter the fairground.<\/span><\/p><p><b><br \/><span style=\"color: #e30613;\">Is there an entrance fee for the fair?<\/span><\/b><\/p><p><span style=\"font-weight: 400;\"><br \/>Our fair is subject to an entrance fee for visitors coming from outside the industry.<\/span><\/p>\t\t\t\t\t\t\t\t<\/div>\n\t\t\t\t\t<\/div>\n\t\t\t\t<\/div>\n\t\t\t\t<\/div>","protected":false},"excerpt":{"rendered":"<p>Frequently Asked Questions Frequently Asked Questions When and where will the fair be held? ANAMOB Anatolian Furniture Fair will be held on 7-11 October 2026 at Kayseri OSB International Fair Center. How to apply as an exhibitor? Companies wishing to be an exhibitor can apply by filling out the exhibitor application form (exhibitor form link) on the official website of the fair or by sending an e-mail to info@nobelanamob.com. Applications can be submitted to the fair committee [...]<\/p>","protected":false},"author":1,"featured_media":0,"parent":0,"menu_order":0,"comment_status":"closed","ping_status":"closed","template":"tpl-default-elementor.php","meta":{"footnotes":""},"class_list":["post-3878","page","type-page","status-publish","hentry"],"yoast_head":"<!-- This site is optimized with the Yoast SEO plugin v26.0 - https:\/\/yoast.com\/wordpress\/plugins\/seo\/ -->\n<title>S\u0131k\u00e7a Sorulan Sorular - NOBEL ANAMOB - Anadolu Mobilya Fuar\u0131<\/title>\n<meta name=\"robots\" content=\"index, follow, max-snippet:-1, max-image-preview:large, max-video-preview:-1\" \/>\n<link rel=\"canonical\" href=\"https:\/\/nobelanamob.com\/en\/sikca-sorulan-sorular-yeni\/\" \/>\n<meta property=\"og:locale\" content=\"en_GB\" \/>\n<meta property=\"og:type\" content=\"article\" \/>\n<meta property=\"og:title\" content=\"S\u0131k\u00e7a Sorulan Sorular - NOBEL ANAMOB - Anadolu Mobilya Fuar\u0131\" \/>\n<meta property=\"og:description\" content=\"S\u0131k\u00e7a Sorulan Sorular S\u0131k\u00e7a Sorulan Sorular Fuar ne zaman ve nerede d\u00fczenlenecek?ANAMOB Anadolu Mobilya Fuar\u0131, 7-11 Ekim 2026\u00a0tarihlerinde Kayseri OSB Uluslararas\u0131 Fuar Merkezi\u2019nde ger\u00e7ekle\u015ftirilecektir. Kat\u0131l\u0131mc\u0131 olarak nas\u0131l ba\u015fvuru yap\u0131l\u0131r?Kat\u0131l\u0131mc\u0131 olmak isteyen firmalar, fuar resmi web sitesinde yer alan kat\u0131l\u0131mc\u0131 ba\u015fvuru formunu (kat\u0131l\u0131mc\u0131 form linki) doldurarak veya info@nobelanamob.com adresine e-posta g\u00f6ndererek ba\u015fvurular\u0131n\u0131 ger\u00e7ekle\u015ftirebilirler. Ba\u015fvurular fuar komitesi [&hellip;]\" \/>\n<meta property=\"og:url\" content=\"https:\/\/nobelanamob.com\/en\/sikca-sorulan-sorular-yeni\/\" \/>\n<meta property=\"og:site_name\" content=\"NOBEL ANAMOB - Anadolu Mobilya Fuar\u0131\" \/>\n<meta property=\"article:modified_time\" content=\"2025-12-03T17:13:23+00:00\" \/>\n<meta name=\"twitter:card\" content=\"summary_large_image\" \/>\n<meta name=\"twitter:label1\" content=\"Estimated reading time\" \/>\n\t<meta name=\"twitter:data1\" content=\"3 minutes\" \/>\n<script type=\"application\/ld+json\" class=\"yoast-schema-graph\">{\"@context\":\"https:\/\/schema.org\",\"@graph\":[{\"@type\":\"WebPage\",\"@id\":\"https:\/\/nobelanamob.com\/sikca-sorulan-sorular-yeni\/\",\"url\":\"https:\/\/nobelanamob.com\/sikca-sorulan-sorular-yeni\/\",\"name\":\"S\u0131k\u00e7a Sorulan Sorular - NOBEL ANAMOB - Anadolu Mobilya Fuar\u0131\",\"isPartOf\":{\"@id\":\"https:\/\/nobelanamob.com\/#website\"},\"datePublished\":\"2024-02-01T20:51:12+00:00\",\"dateModified\":\"2025-12-03T17:13:23+00:00\",\"breadcrumb\":{\"@id\":\"https:\/\/nobelanamob.com\/sikca-sorulan-sorular-yeni\/#breadcrumb\"},\"inLanguage\":\"en-GB\",\"potentialAction\":[{\"@type\":\"ReadAction\",\"target\":[\"https:\/\/nobelanamob.com\/sikca-sorulan-sorular-yeni\/\"]}]},{\"@type\":\"BreadcrumbList\",\"@id\":\"https:\/\/nobelanamob.com\/sikca-sorulan-sorular-yeni\/#breadcrumb\",\"itemListElement\":[{\"@type\":\"ListItem\",\"position\":1,\"name\":\"Anasayfa\",\"item\":\"https:\/\/nobelanamob.com\/\"},{\"@type\":\"ListItem\",\"position\":2,\"name\":\"S\u0131k\u00e7a Sorulan Sorular\"}]},{\"@type\":\"WebSite\",\"@id\":\"https:\/\/nobelanamob.com\/#website\",\"url\":\"https:\/\/nobelanamob.com\/\",\"name\":\"NOBEL ANAMOB - Anadolu Mobilya Fuar\u0131\",\"description\":\"Nobel Expo\",\"publisher\":{\"@id\":\"https:\/\/nobelanamob.com\/#organization\"},\"potentialAction\":[{\"@type\":\"SearchAction\",\"target\":{\"@type\":\"EntryPoint\",\"urlTemplate\":\"https:\/\/nobelanamob.com\/?s={search_term_string}\"},\"query-input\":{\"@type\":\"PropertyValueSpecification\",\"valueRequired\":true,\"valueName\":\"search_term_string\"}}],\"inLanguage\":\"en-GB\"},{\"@type\":\"Organization\",\"@id\":\"https:\/\/nobelanamob.com\/#organization\",\"name\":\"NOBEL ANAMOB - Anadolu Mobilya Fuar\u0131\",\"url\":\"https:\/\/nobelanamob.com\/\",\"logo\":{\"@type\":\"ImageObject\",\"inLanguage\":\"en-GB\",\"@id\":\"https:\/\/nobelanamob.com\/#\/schema\/logo\/image\/\",\"url\":\"https:\/\/nobelanamob.com\/wp-content\/uploads\/2025\/08\/ANAMOB-2025_logo.png\",\"contentUrl\":\"https:\/\/nobelanamob.com\/wp-content\/uploads\/2025\/08\/ANAMOB-2025_logo.png\",\"width\":1010,\"height\":326,\"caption\":\"NOBEL ANAMOB - Anadolu Mobilya Fuar\u0131\"},\"image\":{\"@id\":\"https:\/\/nobelanamob.com\/#\/schema\/logo\/image\/\"}}]}<\/script>\n<!-- \/ Yoast SEO plugin. -->","yoast_head_json":{"title":"Frequently Asked Questions - NOBEL ANAMOB - Anatolian Furniture Fair","robots":{"index":"index","follow":"follow","max-snippet":"max-snippet:-1","max-image-preview":"max-image-preview:large","max-video-preview":"max-video-preview:-1"},"canonical":"https:\/\/nobelanamob.com\/en\/sikca-sorulan-sorular-yeni\/","og_locale":"en_GB","og_type":"article","og_title":"S\u0131k\u00e7a Sorulan Sorular - NOBEL ANAMOB - Anadolu Mobilya Fuar\u0131","og_description":"S\u0131k\u00e7a Sorulan Sorular S\u0131k\u00e7a Sorulan Sorular Fuar ne zaman ve nerede d\u00fczenlenecek?ANAMOB Anadolu Mobilya Fuar\u0131, 7-11 Ekim 2026\u00a0tarihlerinde Kayseri OSB Uluslararas\u0131 Fuar Merkezi\u2019nde ger\u00e7ekle\u015ftirilecektir. Kat\u0131l\u0131mc\u0131 olarak nas\u0131l ba\u015fvuru yap\u0131l\u0131r?Kat\u0131l\u0131mc\u0131 olmak isteyen firmalar, fuar resmi web sitesinde yer alan kat\u0131l\u0131mc\u0131 ba\u015fvuru formunu (kat\u0131l\u0131mc\u0131 form linki) doldurarak veya info@nobelanamob.com adresine e-posta g\u00f6ndererek ba\u015fvurular\u0131n\u0131 ger\u00e7ekle\u015ftirebilirler. Ba\u015fvurular fuar komitesi [&hellip;]","og_url":"https:\/\/nobelanamob.com\/en\/sikca-sorulan-sorular-yeni\/","og_site_name":"NOBEL ANAMOB - Anadolu Mobilya Fuar\u0131","article_modified_time":"2025-12-03T17:13:23+00:00","twitter_card":"summary_large_image","twitter_misc":{"Estimated reading time":"3 minutes"},"schema":{"@context":"https:\/\/schema.org","@graph":[{"@type":"WebPage","@id":"https:\/\/nobelanamob.com\/sikca-sorulan-sorular-yeni\/","url":"https:\/\/nobelanamob.com\/sikca-sorulan-sorular-yeni\/","name":"Frequently Asked Questions - NOBEL ANAMOB - Anatolian Furniture Fair","isPartOf":{"@id":"https:\/\/nobelanamob.com\/#website"},"datePublished":"2024-02-01T20:51:12+00:00","dateModified":"2025-12-03T17:13:23+00:00","breadcrumb":{"@id":"https:\/\/nobelanamob.com\/sikca-sorulan-sorular-yeni\/#breadcrumb"},"inLanguage":"en-GB","potentialAction":[{"@type":"ReadAction","target":["https:\/\/nobelanamob.com\/sikca-sorulan-sorular-yeni\/"]}]},{"@type":"BreadcrumbList","@id":"https:\/\/nobelanamob.com\/sikca-sorulan-sorular-yeni\/#breadcrumb","itemListElement":[{"@type":"ListItem","position":1,"name":"Anasayfa","item":"https:\/\/nobelanamob.com\/"},{"@type":"ListItem","position":2,"name":"S\u0131k\u00e7a Sorulan Sorular"}]},{"@type":"WebSite","@id":"https:\/\/nobelanamob.com\/#website","url":"https:\/\/nobelanamob.com\/","name":"NOBEL ANAMOB - Anatolian Furniture Fair","description":"Nobel Expo","publisher":{"@id":"https:\/\/nobelanamob.com\/#organization"},"potentialAction":[{"@type":"SearchAction","target":{"@type":"EntryPoint","urlTemplate":"https:\/\/nobelanamob.com\/?s={search_term_string}"},"query-input":{"@type":"PropertyValueSpecification","valueRequired":true,"valueName":"search_term_string"}}],"inLanguage":"en-GB"},{"@type":"Organization","@id":"https:\/\/nobelanamob.com\/#organization","name":"NOBEL ANAMOB - Anatolian Furniture Fair","url":"https:\/\/nobelanamob.com\/","logo":{"@type":"ImageObject","inLanguage":"en-GB","@id":"https:\/\/nobelanamob.com\/#\/schema\/logo\/image\/","url":"https:\/\/nobelanamob.com\/wp-content\/uploads\/2025\/08\/ANAMOB-2025_logo.png","contentUrl":"https:\/\/nobelanamob.com\/wp-content\/uploads\/2025\/08\/ANAMOB-2025_logo.png","width":1010,"height":326,"caption":"NOBEL ANAMOB - Anadolu Mobilya Fuar\u0131"},"image":{"@id":"https:\/\/nobelanamob.com\/#\/schema\/logo\/image\/"}}]}},"_links":{"self":[{"href":"https:\/\/nobelanamob.com\/en\/wp-json\/wp\/v2\/pages\/3878","targetHints":{"allow":["GET"]}}],"collection":[{"href":"https:\/\/nobelanamob.com\/en\/wp-json\/wp\/v2\/pages"}],"about":[{"href":"https:\/\/nobelanamob.com\/en\/wp-json\/wp\/v2\/types\/page"}],"author":[{"embeddable":true,"href":"https:\/\/nobelanamob.com\/en\/wp-json\/wp\/v2\/users\/1"}],"replies":[{"embeddable":true,"href":"https:\/\/nobelanamob.com\/en\/wp-json\/wp\/v2\/comments?post=3878"}],"version-history":[{"count":0,"href":"https:\/\/nobelanamob.com\/en\/wp-json\/wp\/v2\/pages\/3878\/revisions"}],"wp:attachment":[{"href":"https:\/\/nobelanamob.com\/en\/wp-json\/wp\/v2\/media?parent=3878"}],"curies":[{"name":"wp","href":"https:\/\/api.w.org\/{rel}","templated":true}]}}