{"id":3888,"date":"2024-02-01T20:56:13","date_gmt":"2024-02-01T20:56:13","guid":{"rendered":"https:\/\/wp2.yogsthemes.com\/thewp\/oment\/?page_id=3888"},"modified":"2025-10-02T12:04:55","modified_gmt":"2025-10-02T12:04:55","slug":"ulasim-yeni","status":"publish","type":"page","link":"https:\/\/nobelanamob.com\/en\/ulasim-yeni\/","title":{"rendered":"Transport"},"content":{"rendered":"<div data-elementor-type=\"wp-page\" data-elementor-id=\"3888\" class=\"elementor elementor-3888\">\n\t\t\t\t<div class=\"elementor-element elementor-element-c64649b e-grid e-con-boxed e-con e-parent\" data-id=\"c64649b\" data-element_type=\"container\">\n\t\t\t\t\t<div class=\"e-con-inner\">\n\t\t\t\t<div class=\"elementor-element elementor-element-347f3e4 elementor-widget elementor-widget-text-editor\" data-id=\"347f3e4\" data-element_type=\"widget\" data-widget_type=\"text-editor.default\">\n\t\t\t\t\t\t\t\t\t<h2>How can I reach Kayseri OSB International Fair Centre?<\/h2><p>There are various public transportation and private vehicle options to reach the OSB International Fair Center from different parts of Kayseri. Direct access to the fairground is possible via bus and minibus lines departing from the city center. In addition, thanks to the rail system and transfer opportunities, visitors can easily reach the fair. In this guide, you will find detailed information on how to get to the Kayseri OSB International Fair Center by bus, tram, minibus, and other means of transportation. Check the information below to discover the most convenient transportation alternatives from every part of the city.<\/p>\t\t\t\t\t\t\t\t<\/div>\n\t\t\t\t<div class=\"elementor-element elementor-element-5903718 elementor-widget elementor-widget-image\" data-id=\"5903718\" data-element_type=\"widget\" data-widget_type=\"image.default\">\n\t\t\t\t\t\t\t\t\t\t\t\t\t\t\t<img fetchpriority=\"high\" decoding=\"async\" width=\"525\" height=\"350\" src=\"https:\/\/nobelanamob.com\/wp-content\/uploads\/2025\/08\/66433715b698d-1024x683.jpeg\" class=\"attachment-large size-large wp-image-435\" alt=\"\" srcset=\"https:\/\/nobelanamob.com\/wp-content\/uploads\/2025\/08\/66433715b698d-1024x683.jpeg 1024w, https:\/\/nobelanamob.com\/wp-content\/uploads\/2025\/08\/66433715b698d-600x400.jpeg 600w, https:\/\/nobelanamob.com\/wp-content\/uploads\/2025\/08\/66433715b698d-300x200.jpeg 300w, https:\/\/nobelanamob.com\/wp-content\/uploads\/2025\/08\/66433715b698d-768x512.jpeg 768w, https:\/\/nobelanamob.com\/wp-content\/uploads\/2025\/08\/66433715b698d-18x12.jpeg 18w, https:\/\/nobelanamob.com\/wp-content\/uploads\/2025\/08\/66433715b698d.jpeg 1152w\" sizes=\"(max-width: 525px) 100vw, 525px\" \/>\t\t\t\t\t\t\t\t\t\t\t\t\t\t\t<\/div>\n\t\t\t\t\t<\/div>\n\t\t\t\t<\/div>\n\t\t<div class=\"elementor-element elementor-element-80c1f14 e-flex e-con-boxed e-con e-parent\" data-id=\"80c1f14\" data-element_type=\"container\">\n\t\t\t\t\t<div class=\"e-con-inner\">\n\t\t\t\t<div class=\"elementor-element elementor-element-9fffa2a e-n-tabs-mobile elementor-widget elementor-widget-n-tabs\" data-id=\"9fffa2a\" data-element_type=\"widget\" data-settings=\"{&quot;horizontal_scroll&quot;:&quot;disable&quot;}\" data-widget_type=\"nested-tabs.default\">\n\t\t\t\t\t\t\t<div class=\"e-n-tabs\" data-widget-number=\"167770666\" aria-label=\"Tabs. Open items with Enter or Space, close with Escape and navigate using the Arrow keys.\">\n\t\t\t<div class=\"e-n-tabs-heading\" role=\"tablist\">\n\t\t\t\t\t<button id=\"e-n-tab-title-1677706661\" class=\"e-n-tab-title\" aria-selected=\"true\" data-tab-index=\"1\" role=\"tab\" tabindex=\"0\" aria-controls=\"e-n-tab-content-1677706661\" style=\"--n-tabs-title-order: 1;\">\n\t\t\t\t\t\t<span class=\"e-n-tab-title-text\">\n\t\t\t\tSPECIAL VEHICLE\t\t\t<\/span>\n\t\t<\/button>\n\t\t\t\t<button id=\"e-n-tab-title-1677706662\" class=\"e-n-tab-title\" aria-selected=\"false\" data-tab-index=\"2\" role=\"tab\" tabindex=\"-1\" aria-controls=\"e-n-tab-content-1677706662\" style=\"--n-tabs-title-order: 2;\">\n\t\t\t\t\t\t<span class=\"e-n-tab-title-text\">\n\t\t\t\tPUBLIC TRANSPORT\t\t\t<\/span>\n\t\t<\/button>\n\t\t\t\t<button id=\"e-n-tab-title-1677706663\" class=\"e-n-tab-title\" aria-selected=\"false\" data-tab-index=\"3\" role=\"tab\" tabindex=\"-1\" aria-controls=\"e-n-tab-content-1677706663\" style=\"--n-tabs-title-order: 3;\">\n\t\t\t\t\t\t<span class=\"e-n-tab-title-text\">\n\t\t\t\tAIRLINE\t\t\t<\/span>\n\t\t<\/button>\n\t\t\t\t<button id=\"e-n-tab-title-1677706664\" class=\"e-n-tab-title\" aria-selected=\"false\" data-tab-index=\"4\" role=\"tab\" tabindex=\"-1\" aria-controls=\"e-n-tab-content-1677706664\" style=\"--n-tabs-title-order: 4;\">\n\t\t\t\t\t\t<span class=\"e-n-tab-title-text\">\n\t\t\t\tRAILWAY\t\t\t<\/span>\n\t\t<\/button>\n\t\t\t\t<button id=\"e-n-tab-title-1677706665\" class=\"e-n-tab-title\" aria-selected=\"false\" data-tab-index=\"5\" role=\"tab\" tabindex=\"-1\" aria-controls=\"e-n-tab-content-1677706665\" style=\"--n-tabs-title-order: 5;\">\n\t\t\t\t\t\t<span class=\"e-n-tab-title-text\">\n\t\t\t\tTAXI OR PRIVATE TRANSFER\t\t\t<\/span>\n\t\t<\/button>\n\t\t\t\t\t<\/div>\n\t\t\t<div class=\"e-n-tabs-content\">\n\t\t\t\t<div id=\"e-n-tab-content-1677706661\" role=\"tabpanel\" aria-labelledby=\"e-n-tab-title-1677706661\" data-tab-index=\"1\" style=\"--n-tabs-title-order: 1;\" class=\"e-active elementor-element elementor-element-0ffd6c2 e-con-full e-flex e-con e-child\" data-id=\"0ffd6c2\" data-element_type=\"container\">\n\t\t<div class=\"elementor-element elementor-element-66340e7 e-flex e-con-boxed e-con e-child\" data-id=\"66340e7\" data-element_type=\"container\">\n\t\t\t\t\t<div class=\"e-con-inner\">\n\t\t\t\t<div class=\"elementor-element elementor-element-8d2bd90 elementor-widget elementor-widget-text-editor\" data-id=\"8d2bd90\" data-element_type=\"widget\" data-widget_type=\"text-editor.default\">\n\t\t\t\t\t\t\t\t\t<p>- The fairgrounds are about 20 minutes' drive from Kayseri city centre.<br \/>- You can easily reach the fairground by following the Organised Industrial Zone (OSB) direction from the city centre.<br \/>- Free car parking is available on site.<\/p>\t\t\t\t\t\t\t\t<\/div>\n\t\t\t\t\t<\/div>\n\t\t\t\t<\/div>\n\t\t\t\t<\/div>\n\t\t<div id=\"e-n-tab-content-1677706662\" role=\"tabpanel\" aria-labelledby=\"e-n-tab-title-1677706662\" data-tab-index=\"2\" style=\"--n-tabs-title-order: 2;\" class=\"elementor-element elementor-element-c643d8a e-con-full e-flex e-con e-child\" data-id=\"c643d8a\" data-element_type=\"container\">\n\t\t<div class=\"elementor-element elementor-element-c35aada e-flex e-con-boxed e-con e-child\" data-id=\"c35aada\" data-element_type=\"container\">\n\t\t\t\t\t<div class=\"e-con-inner\">\n\t\t\t\t<div class=\"elementor-element elementor-element-99f8634 elementor-widget elementor-widget-text-editor\" data-id=\"99f8634\" data-element_type=\"widget\" data-widget_type=\"text-editor.default\">\n\t\t\t\t\t\t\t\t\t<p>- There are bus and minibus services from the city centre to the OSB Fairground.<br \/>- Bus Line: 132, 135, 141 buses go to the OSB area.<br \/>- Stop: You can get off at the \"25th Street \/ Fairground\" stop.<br \/>- Timetables: Current timetable information can be checked from Kayseri Ula\u015f\u0131m A.\u015e. website.<br \/>\ud83d\udd17\u00a0<a href=\"http:\/\/www.kayseriulasim.com.tr\/\">www.kayseriulasim.com.tr<\/a><\/p>\t\t\t\t\t\t\t\t<\/div>\n\t\t\t\t\t<\/div>\n\t\t\t\t<\/div>\n\t\t\t\t<\/div>\n\t\t<div id=\"e-n-tab-content-1677706663\" role=\"tabpanel\" aria-labelledby=\"e-n-tab-title-1677706663\" data-tab-index=\"3\" style=\"--n-tabs-title-order: 3;\" class=\"elementor-element elementor-element-230a9dd e-con-full e-flex e-con e-child\" data-id=\"230a9dd\" data-element_type=\"container\">\n\t\t<div class=\"elementor-element elementor-element-d919c90 e-flex e-con-boxed e-con e-child\" data-id=\"d919c90\" data-element_type=\"container\">\n\t\t\t\t\t<div class=\"e-con-inner\">\n\t\t\t\t<div class=\"elementor-element elementor-element-ea382f5 elementor-widget elementor-widget-text-editor\" data-id=\"ea382f5\" data-element_type=\"widget\" data-widget_type=\"text-editor.default\">\n\t\t\t\t\t\t\t\t\t<p>- Kayseri Erkilet Airport (ASR) is approximately 30 minutes from the fair centre.<br \/>- It is possible to get there by taxi, car hire or private transfer.<br \/>- You can take public transport from the airport to the city centre and then continue in the direction of OSB.<\/p>\t\t\t\t\t\t\t\t<\/div>\n\t\t\t\t\t<\/div>\n\t\t\t\t<\/div>\n\t\t\t\t<\/div>\n\t\t<div id=\"e-n-tab-content-1677706664\" role=\"tabpanel\" aria-labelledby=\"e-n-tab-title-1677706664\" data-tab-index=\"4\" style=\"--n-tabs-title-order: 4;\" class=\"elementor-element elementor-element-b633108 e-flex e-con-boxed e-con e-child\" data-id=\"b633108\" data-element_type=\"container\">\n\t\t\t\t\t<div class=\"e-con-inner\">\n\t\t<div class=\"elementor-element elementor-element-cad90bf e-con-full e-flex e-con e-child\" data-id=\"cad90bf\" data-element_type=\"container\">\n\t\t\t\t<div class=\"elementor-element elementor-element-c8b3bdd elementor-widget elementor-widget-text-editor\" data-id=\"c8b3bdd\" data-element_type=\"widget\" data-widget_type=\"text-editor.default\">\n\t\t\t\t\t\t\t\t\t<p>- Kayseri Gar\u0131 is located in the city centre.<br \/>- You can get from the railway station to OSB by taxi or public transport.<br \/>- Average journey time: 25-30 minutes<\/p>\t\t\t\t\t\t\t\t<\/div>\n\t\t\t\t<\/div>\n\t\t\t\t\t<\/div>\n\t\t\t\t<\/div>\n\t\t<div id=\"e-n-tab-content-1677706665\" role=\"tabpanel\" aria-labelledby=\"e-n-tab-title-1677706665\" data-tab-index=\"5\" style=\"--n-tabs-title-order: 5;\" class=\"elementor-element elementor-element-5b41cfd e-flex e-con-boxed e-con e-child\" data-id=\"5b41cfd\" data-element_type=\"container\">\n\t\t\t\t\t<div class=\"e-con-inner\">\n\t\t<div class=\"elementor-element elementor-element-56c6b4a e-con-full e-flex e-con e-child\" data-id=\"56c6b4a\" data-element_type=\"container\">\n\t\t\t\t<div class=\"elementor-element elementor-element-7ebd4fc elementor-widget elementor-widget-text-editor\" data-id=\"7ebd4fc\" data-element_type=\"widget\" data-widget_type=\"text-editor.default\">\n\t\t\t\t\t\t\t\t\t<p>- Average fare by taxi from Kayseri city centre: 250-300 TL (as of July 2025).<br \/>- Private transfer service is available from the airport and hotels.<\/p>\t\t\t\t\t\t\t\t<\/div>\n\t\t\t\t<\/div>\n\t\t\t\t\t<\/div>\n\t\t\t\t<\/div>\n\t\t\t\t\t<\/div>\n\t\t<\/div>\n\t\t\t\t\t\t<\/div>\n\t\t\t\t<div class=\"elementor-element elementor-element-fcf860e elementor-widget elementor-widget-heading\" data-id=\"fcf860e\" data-element_type=\"widget\" data-widget_type=\"heading.default\">\n\t\t\t\t\t<h3 class=\"elementor-heading-title elementor-size-default\">Kayseri OSB International Fair Center<\/h3>\t\t\t\t<\/div>\n\t\t\t\t\t<\/div>\n\t\t\t\t<\/div>\n\t\t<div class=\"elementor-element elementor-element-10ebf29 e-flex e-con-boxed e-con e-parent\" data-id=\"10ebf29\" data-element_type=\"container\">\n\t\t\t\t\t<div class=\"e-con-inner\">\n\t\t\t\t<div class=\"elementor-element elementor-element-55b2cf7 elementor-widget elementor-widget-google_maps\" data-id=\"55b2cf7\" data-element_type=\"widget\" data-widget_type=\"google_maps.default\">\n\t\t\t\t\t\t\t<div class=\"elementor-custom-embed\">\n\t\t\t<iframe loading=\"lazy\"\n\t\t\t\t\tsrc=\"https:\/\/maps.google.com\/maps?q=Kayseri%20organize%20sanayi%20b%C3%B6lgesi%20fuar%20ve%20kongre%20merkezi%20Kayseri%20OSB%2C%206.%20Sk.%20No%3A19%2C%2038070%20Melikgazi%2FKayseri&#038;t=m&#038;z=16&#038;output=embed&#038;iwloc=near\"\n\t\t\t\t\ttitle=\"Kayseri Organised Industrial Zone Fair and Congress Centre Kayseri OSB, 6th Sk. No:19, 38070 Melikgazi\/Kayseri\"\n\t\t\t\t\taria-label=\"Kayseri Organised Industrial Zone Fair and Congress Centre Kayseri OSB, 6th Sk. No:19, 38070 Melikgazi\/Kayseri\"\n\t\t\t><\/iframe>\n\t\t<\/div>\n\t\t\t\t\t\t<\/div>\n\t\t\t\t\t<\/div>\n\t\t\t\t<\/div>\n\t\t<div class=\"elementor-element elementor-element-8e831a0 e-flex e-con-boxed e-con e-parent\" data-id=\"8e831a0\" data-element_type=\"container\">\n\t\t\t\t\t<div class=\"e-con-inner\">\n\t\t\t\t\t<\/div>\n\t\t\t\t<\/div>\n\t\t\t\t<\/div>","protected":false},"excerpt":{"rendered":"<p>How do I get to Kayseri OSB International Exhibition Centre? There are various public transport and private vehicle options to reach the OSB International Fair Centre from different parts of Kayseri. Bus and minibus lines departing from the city centre provide direct access to the fairground. In addition, visitors can easily access the fair thanks to the railway system and transfer possibilities. In this guide, bus, tram, minibus and other [...]<\/p>","protected":false},"author":1,"featured_media":0,"parent":0,"menu_order":0,"comment_status":"closed","ping_status":"closed","template":"tpl-default-elementor.php","meta":{"footnotes":""},"class_list":["post-3888","page","type-page","status-publish","hentry"],"yoast_head":"<!-- This site is optimized with the Yoast SEO plugin v26.0 - https:\/\/yoast.com\/wordpress\/plugins\/seo\/ -->\n<title>Ula\u015f\u0131m - NOBEL ANAMOB - Anadolu Mobilya Fuar\u0131<\/title>\n<meta name=\"robots\" content=\"index, follow, max-snippet:-1, max-image-preview:large, max-video-preview:-1\" \/>\n<link rel=\"canonical\" href=\"http:\/\/nobelanamob.com\/en\/ulasim-yeni\/\" \/>\n<meta property=\"og:locale\" content=\"en_GB\" \/>\n<meta property=\"og:type\" content=\"article\" \/>\n<meta property=\"og:title\" content=\"Ula\u015f\u0131m - NOBEL ANAMOB - Anadolu Mobilya Fuar\u0131\" \/>\n<meta property=\"og:description\" content=\"Kayseri OSB Uluslararas\u0131 Fuar Merkezi&#8217;ne Ula\u015f\u0131m\u0131 Nas\u0131l Sa\u011flar\u0131m? Kayseri\u2019nin farkl\u0131 b\u00f6lgelerinden OSB Uluslararas\u0131 Fuar Merkezi\u2019ne ula\u015fmak i\u00e7in \u00e7e\u015fitli toplu ta\u015f\u0131ma ve \u00f6zel ara\u00e7 se\u00e7enekleri bulunmaktad\u0131r. \u015eehir merkezinden kalkan otob\u00fcs ve minib\u00fcs hatlar\u0131yla fuar alan\u0131na do\u011frudan ula\u015f\u0131m m\u00fcmk\u00fcnd\u00fcr. Ayr\u0131ca rayl\u0131 sistem ve aktarma imk\u00e2nlar\u0131 sayesinde ziyaret\u00e7iler fuara kolayca eri\u015febilir. Bu rehberde, otob\u00fcs, tramvay, minib\u00fcs ve di\u011fer [&hellip;]\" \/>\n<meta property=\"og:url\" content=\"http:\/\/nobelanamob.com\/en\/ulasim-yeni\/\" \/>\n<meta property=\"og:site_name\" content=\"NOBEL ANAMOB - Anadolu Mobilya Fuar\u0131\" \/>\n<meta property=\"article:modified_time\" content=\"2025-10-02T12:04:55+00:00\" \/>\n<meta property=\"og:image\" content=\"https:\/\/nobelanamob.com\/wp-content\/uploads\/2025\/08\/66433715b698d-1024x683.jpeg\" \/>\n<meta name=\"twitter:card\" content=\"summary_large_image\" \/>\n<meta name=\"twitter:label1\" content=\"Estimated reading time\" \/>\n\t<meta name=\"twitter:data1\" content=\"2 minutes\" \/>\n<script type=\"application\/ld+json\" class=\"yoast-schema-graph\">{\"@context\":\"https:\/\/schema.org\",\"@graph\":[{\"@type\":\"WebPage\",\"@id\":\"http:\/\/nobelanamob.com\/ar\/ulasim-yeni\/\",\"url\":\"http:\/\/nobelanamob.com\/ar\/ulasim-yeni\/\",\"name\":\"Ula\u015f\u0131m - NOBEL ANAMOB - Anadolu Mobilya Fuar\u0131\",\"isPartOf\":{\"@id\":\"https:\/\/nobelanamob.com\/#website\"},\"primaryImageOfPage\":{\"@id\":\"http:\/\/nobelanamob.com\/ar\/ulasim-yeni\/#primaryimage\"},\"image\":{\"@id\":\"http:\/\/nobelanamob.com\/ar\/ulasim-yeni\/#primaryimage\"},\"thumbnailUrl\":\"https:\/\/nobelanamob.com\/wp-content\/uploads\/2025\/08\/66433715b698d-1024x683.jpeg\",\"datePublished\":\"2024-02-01T20:56:13+00:00\",\"dateModified\":\"2025-10-02T12:04:55+00:00\",\"breadcrumb\":{\"@id\":\"http:\/\/nobelanamob.com\/ar\/ulasim-yeni\/#breadcrumb\"},\"inLanguage\":\"en-GB\",\"potentialAction\":[{\"@type\":\"ReadAction\",\"target\":[\"http:\/\/nobelanamob.com\/ar\/ulasim-yeni\/\"]}]},{\"@type\":\"ImageObject\",\"inLanguage\":\"en-GB\",\"@id\":\"http:\/\/nobelanamob.com\/ar\/ulasim-yeni\/#primaryimage\",\"url\":\"https:\/\/nobelanamob.com\/wp-content\/uploads\/2025\/08\/66433715b698d-1024x683.jpeg\",\"contentUrl\":\"https:\/\/nobelanamob.com\/wp-content\/uploads\/2025\/08\/66433715b698d-1024x683.jpeg\"},{\"@type\":\"BreadcrumbList\",\"@id\":\"http:\/\/nobelanamob.com\/ar\/ulasim-yeni\/#breadcrumb\",\"itemListElement\":[{\"@type\":\"ListItem\",\"position\":1,\"name\":\"Anasayfa\",\"item\":\"https:\/\/nobelanamob.com\/\"},{\"@type\":\"ListItem\",\"position\":2,\"name\":\"Ula\u015f\u0131m\"}]},{\"@type\":\"WebSite\",\"@id\":\"https:\/\/nobelanamob.com\/#website\",\"url\":\"https:\/\/nobelanamob.com\/\",\"name\":\"NOBEL ANAMOB - Anadolu Mobilya Fuar\u0131\",\"description\":\"Nobel Expo\",\"publisher\":{\"@id\":\"https:\/\/nobelanamob.com\/#organization\"},\"potentialAction\":[{\"@type\":\"SearchAction\",\"target\":{\"@type\":\"EntryPoint\",\"urlTemplate\":\"https:\/\/nobelanamob.com\/?s={search_term_string}\"},\"query-input\":{\"@type\":\"PropertyValueSpecification\",\"valueRequired\":true,\"valueName\":\"search_term_string\"}}],\"inLanguage\":\"en-GB\"},{\"@type\":\"Organization\",\"@id\":\"https:\/\/nobelanamob.com\/#organization\",\"name\":\"NOBEL ANAMOB - Anadolu Mobilya Fuar\u0131\",\"url\":\"https:\/\/nobelanamob.com\/\",\"logo\":{\"@type\":\"ImageObject\",\"inLanguage\":\"en-GB\",\"@id\":\"https:\/\/nobelanamob.com\/#\/schema\/logo\/image\/\",\"url\":\"https:\/\/nobelanamob.com\/wp-content\/uploads\/2025\/08\/ANAMOB-2025_logo.png\",\"contentUrl\":\"https:\/\/nobelanamob.com\/wp-content\/uploads\/2025\/08\/ANAMOB-2025_logo.png\",\"width\":1010,\"height\":326,\"caption\":\"NOBEL ANAMOB - Anadolu Mobilya Fuar\u0131\"},\"image\":{\"@id\":\"https:\/\/nobelanamob.com\/#\/schema\/logo\/image\/\"}}]}<\/script>\n<!-- \/ Yoast SEO plugin. -->","yoast_head_json":{"title":"Transport - NOBEL ANAMOB - Anatolian Furniture Fair","robots":{"index":"index","follow":"follow","max-snippet":"max-snippet:-1","max-image-preview":"max-image-preview:large","max-video-preview":"max-video-preview:-1"},"canonical":"http:\/\/nobelanamob.com\/en\/ulasim-yeni\/","og_locale":"en_GB","og_type":"article","og_title":"Ula\u015f\u0131m - NOBEL ANAMOB - Anadolu Mobilya Fuar\u0131","og_description":"Kayseri OSB Uluslararas\u0131 Fuar Merkezi&#8217;ne Ula\u015f\u0131m\u0131 Nas\u0131l Sa\u011flar\u0131m? Kayseri\u2019nin farkl\u0131 b\u00f6lgelerinden OSB Uluslararas\u0131 Fuar Merkezi\u2019ne ula\u015fmak i\u00e7in \u00e7e\u015fitli toplu ta\u015f\u0131ma ve \u00f6zel ara\u00e7 se\u00e7enekleri bulunmaktad\u0131r. \u015eehir merkezinden kalkan otob\u00fcs ve minib\u00fcs hatlar\u0131yla fuar alan\u0131na do\u011frudan ula\u015f\u0131m m\u00fcmk\u00fcnd\u00fcr. Ayr\u0131ca rayl\u0131 sistem ve aktarma imk\u00e2nlar\u0131 sayesinde ziyaret\u00e7iler fuara kolayca eri\u015febilir. Bu rehberde, otob\u00fcs, tramvay, minib\u00fcs ve di\u011fer [&hellip;]","og_url":"http:\/\/nobelanamob.com\/en\/ulasim-yeni\/","og_site_name":"NOBEL ANAMOB - Anadolu Mobilya Fuar\u0131","article_modified_time":"2025-10-02T12:04:55+00:00","og_image":[{"url":"https:\/\/nobelanamob.com\/wp-content\/uploads\/2025\/08\/66433715b698d-1024x683.jpeg","type":"","width":"","height":""}],"twitter_card":"summary_large_image","twitter_misc":{"Estimated reading time":"2 minutes"},"schema":{"@context":"https:\/\/schema.org","@graph":[{"@type":"WebPage","@id":"http:\/\/nobelanamob.com\/ar\/ulasim-yeni\/","url":"http:\/\/nobelanamob.com\/ar\/ulasim-yeni\/","name":"Transport - NOBEL ANAMOB - Anatolian Furniture Fair","isPartOf":{"@id":"https:\/\/nobelanamob.com\/#website"},"primaryImageOfPage":{"@id":"http:\/\/nobelanamob.com\/ar\/ulasim-yeni\/#primaryimage"},"image":{"@id":"http:\/\/nobelanamob.com\/ar\/ulasim-yeni\/#primaryimage"},"thumbnailUrl":"https:\/\/nobelanamob.com\/wp-content\/uploads\/2025\/08\/66433715b698d-1024x683.jpeg","datePublished":"2024-02-01T20:56:13+00:00","dateModified":"2025-10-02T12:04:55+00:00","breadcrumb":{"@id":"http:\/\/nobelanamob.com\/ar\/ulasim-yeni\/#breadcrumb"},"inLanguage":"en-GB","potentialAction":[{"@type":"ReadAction","target":["http:\/\/nobelanamob.com\/ar\/ulasim-yeni\/"]}]},{"@type":"ImageObject","inLanguage":"en-GB","@id":"http:\/\/nobelanamob.com\/ar\/ulasim-yeni\/#primaryimage","url":"https:\/\/nobelanamob.com\/wp-content\/uploads\/2025\/08\/66433715b698d-1024x683.jpeg","contentUrl":"https:\/\/nobelanamob.com\/wp-content\/uploads\/2025\/08\/66433715b698d-1024x683.jpeg"},{"@type":"BreadcrumbList","@id":"http:\/\/nobelanamob.com\/ar\/ulasim-yeni\/#breadcrumb","itemListElement":[{"@type":"ListItem","position":1,"name":"Anasayfa","item":"https:\/\/nobelanamob.com\/"},{"@type":"ListItem","position":2,"name":"Ula\u015f\u0131m"}]},{"@type":"WebSite","@id":"https:\/\/nobelanamob.com\/#website","url":"https:\/\/nobelanamob.com\/","name":"NOBEL ANAMOB - Anatolian Furniture Fair","description":"Nobel Expo","publisher":{"@id":"https:\/\/nobelanamob.com\/#organization"},"potentialAction":[{"@type":"SearchAction","target":{"@type":"EntryPoint","urlTemplate":"https:\/\/nobelanamob.com\/?s={search_term_string}"},"query-input":{"@type":"PropertyValueSpecification","valueRequired":true,"valueName":"search_term_string"}}],"inLanguage":"en-GB"},{"@type":"Organization","@id":"https:\/\/nobelanamob.com\/#organization","name":"NOBEL ANAMOB - Anatolian Furniture Fair","url":"https:\/\/nobelanamob.com\/","logo":{"@type":"ImageObject","inLanguage":"en-GB","@id":"https:\/\/nobelanamob.com\/#\/schema\/logo\/image\/","url":"https:\/\/nobelanamob.com\/wp-content\/uploads\/2025\/08\/ANAMOB-2025_logo.png","contentUrl":"https:\/\/nobelanamob.com\/wp-content\/uploads\/2025\/08\/ANAMOB-2025_logo.png","width":1010,"height":326,"caption":"NOBEL ANAMOB - Anadolu Mobilya Fuar\u0131"},"image":{"@id":"https:\/\/nobelanamob.com\/#\/schema\/logo\/image\/"}}]}},"_links":{"self":[{"href":"https:\/\/nobelanamob.com\/en\/wp-json\/wp\/v2\/pages\/3888","targetHints":{"allow":["GET"]}}],"collection":[{"href":"https:\/\/nobelanamob.com\/en\/wp-json\/wp\/v2\/pages"}],"about":[{"href":"https:\/\/nobelanamob.com\/en\/wp-json\/wp\/v2\/types\/page"}],"author":[{"embeddable":true,"href":"https:\/\/nobelanamob.com\/en\/wp-json\/wp\/v2\/users\/1"}],"replies":[{"embeddable":true,"href":"https:\/\/nobelanamob.com\/en\/wp-json\/wp\/v2\/comments?post=3888"}],"version-history":[{"count":0,"href":"https:\/\/nobelanamob.com\/en\/wp-json\/wp\/v2\/pages\/3888\/revisions"}],"wp:attachment":[{"href":"https:\/\/nobelanamob.com\/en\/wp-json\/wp\/v2\/media?parent=3888"}],"curies":[{"name":"wp","href":"https:\/\/api.w.org\/{rel}","templated":true}]}}