{"id":4068,"date":"2024-01-31T12:06:30","date_gmt":"2024-01-31T12:06:30","guid":{"rendered":"https:\/\/wp2.yogsthemes.com\/thewp\/oment\/?page_id=642"},"modified":"2025-08-28T11:12:55","modified_gmt":"2025-08-28T11:12:55","slug":"hakkimizda","status":"publish","type":"page","link":"https:\/\/nobelanamob.com\/en\/hakkimizda\/","title":{"rendered":"ABOUT US"},"content":{"rendered":"<div data-elementor-type=\"wp-page\" data-elementor-id=\"4068\" class=\"elementor elementor-4068\">\n\t\t\t\t<div class=\"elementor-element elementor-element-1f30e3d e-flex e-con-boxed e-con e-parent\" data-id=\"1f30e3d\" data-element_type=\"container\">\n\t\t\t\t\t<div class=\"e-con-inner\">\n\t\t\t\t<div class=\"elementor-element elementor-element-bf2ed6b elementor-widget elementor-widget-text-editor\" data-id=\"bf2ed6b\" data-element_type=\"widget\" data-widget_type=\"text-editor.default\">\n\t\t\t\t\t\t\t\t\t<h2 class=\"fuar-hakkinda-title\"><span style=\"color: #e20613;\">THE LARGEST FURNITURE FAIR IN ANATOLIA<\/span><\/h2><p class=\"fuar-hakkinda-metin\">Organized by Nobel Expo, ANAMOB \u2014 the Anatolian Furniture Fair \u2014 takes place in Kayseri, where the heart of the furniture industry beats. As one of Turkey\u2019s largest production hubs, Kayseri stands out not only domestically but also as a strong player in the global furniture market with its hundreds of manufacturers. ANAMOB brings this strength together with international trade, offering the industry new partnerships, new markets, and export-driven opportunities.<\/p><p class=\"fuar-hakkinda-metin\">\u00a0<\/p><h3><span style=\"color: #e20613;\">The industry\u2019s most powerful meeting point<\/span><\/h3><p>Bringing together over 450 brands and more than 27,000 professional visitors in a 40,000 m\u00b2 area, ANAMOB opens the doors of global trade to its participants with buying delegations from more than 72 countries. For industry professionals, it is not just a showcase; it is a trade platform where new collections are launched, B2B meetings are held, and strategic partnerships are built.<\/p>\t\t\t\t\t\t\t\t<\/div>\n\t\t\t\t\t<\/div>\n\t\t\t\t<\/div>\n\t\t<div class=\"elementor-element elementor-element-2137eec e-flex e-con-boxed e-con e-parent\" data-id=\"2137eec\" data-element_type=\"container\">\n\t\t\t\t\t<div class=\"e-con-inner\">\n\t\t\t\t<div class=\"elementor-element elementor-element-f739a35 elementor-widget elementor-widget-text-editor\" data-id=\"f739a35\" data-element_type=\"widget\" data-widget_type=\"text-editor.default\">\n\t\t\t\t\t\t\t\t\t<h3><span style=\"color: #e20613;\">The Furniture Capital, Kayseri<\/span><\/h3><p>ANAMOB appeals to a wide range of exhibitors and visitors, from furniture manufacturers to exporters, from designers to suppliers. While revealing Turkey's production power and innovation capacity, it also shapes the future of the furniture industry. 365 days of service to the sector Organised with Nobel Expo's new generation fair management approach, ANAMOB guides the business world with the services it offers not only during the fair days but also throughout the year. With the privileges it provides before, during and after the fair, it is a reliable business partner for all commercial processes in the furniture industry.<\/p><p>\u00a0<\/p><h3><strong><em><span style=\"color: #e20613;\">ANAMOB \u2013 For those who know furniture, it\u2019s the Nobel of fairs!<\/span><\/em><\/strong><\/h3>\t\t\t\t\t\t\t\t<\/div>\n\t\t\t\t\t<\/div>\n\t\t\t\t<\/div>\n\t\t\t\t<\/div>","protected":false},"excerpt":{"rendered":"<p>ANATOLIA'S BIGGEST FURNITURE FAIR Organised by Nobel Expo, ANAMOB Anatolian Furniture Fair is held in Kayseri, the heart of the furniture industry. Kayseri, one of Turkey's largest production centres, is a strong player not only in the domestic but also in the world furniture market with hundreds of manufacturing companies. ANAMOB brings this power together with international trade, bringing new collaborations and new markets to the sector [...].<\/p>","protected":false},"author":1,"featured_media":0,"parent":0,"menu_order":0,"comment_status":"closed","ping_status":"closed","template":"tpl-default-elementor.php","meta":{"footnotes":""},"class_list":["post-4068","page","type-page","status-publish","hentry"],"yoast_head":"<!-- This site is optimized with the Yoast SEO plugin v26.0 - https:\/\/yoast.com\/wordpress\/plugins\/seo\/ -->\n<title>HAKKIMIZDA - NOBEL ANAMOB - Anadolu Mobilya Fuar\u0131<\/title>\n<meta name=\"robots\" content=\"index, follow, max-snippet:-1, max-image-preview:large, max-video-preview:-1\" \/>\n<link rel=\"canonical\" href=\"http:\/\/nobelanamob.com\/en\/hakkimizda\/\" \/>\n<meta property=\"og:locale\" content=\"en_GB\" \/>\n<meta property=\"og:type\" content=\"article\" \/>\n<meta property=\"og:title\" content=\"HAKKIMIZDA - NOBEL ANAMOB - Anadolu Mobilya Fuar\u0131\" \/>\n<meta property=\"og:description\" content=\"ANADOLU\u2019NUN EN B\u00dcY\u00dcK MOB\u0130LYA FUARI Nobel Expo taraf\u0131ndan organize edilen ANAMOB Anadolu Mobilya Fuar\u0131, mobilya sanayisinin kalbinin att\u0131\u011f\u0131 Kayseri\u2019de d\u00fczenleniyor. T\u00fcrkiye\u2019nin en b\u00fcy\u00fck \u00fcretim merkezlerinden biri olan Kayseri, y\u00fczlerce \u00fcretici firmas\u0131yla yaln\u0131zca yurt i\u00e7inde de\u011fil, d\u00fcnya mobilya pazar\u0131nda da g\u00fc\u00e7l\u00fc bir oyuncu konumunda. ANAMOB, bu g\u00fcc\u00fc uluslararas\u0131 ticaretle bulu\u015fturarak sekt\u00f6re yeni i\u015f birlikleri, yeni pazarlar [&hellip;]\" \/>\n<meta property=\"og:url\" content=\"http:\/\/nobelanamob.com\/en\/hakkimizda\/\" \/>\n<meta property=\"og:site_name\" content=\"NOBEL ANAMOB - Anadolu Mobilya Fuar\u0131\" \/>\n<meta property=\"article:modified_time\" content=\"2025-08-28T11:12:55+00:00\" \/>\n<meta name=\"twitter:card\" content=\"summary_large_image\" \/>\n<meta name=\"twitter:label1\" content=\"Estimated reading time\" \/>\n\t<meta name=\"twitter:data1\" content=\"1 minute\" \/>\n<script type=\"application\/ld+json\" class=\"yoast-schema-graph\">{\"@context\":\"https:\/\/schema.org\",\"@graph\":[{\"@type\":\"WebPage\",\"@id\":\"http:\/\/nobelanamob.com\/ar\/hakkimizda\/\",\"url\":\"http:\/\/nobelanamob.com\/ar\/hakkimizda\/\",\"name\":\"HAKKIMIZDA - NOBEL ANAMOB - Anadolu Mobilya Fuar\u0131\",\"isPartOf\":{\"@id\":\"https:\/\/nobelanamob.com\/#website\"},\"datePublished\":\"2024-01-31T12:06:30+00:00\",\"dateModified\":\"2025-08-28T11:12:55+00:00\",\"breadcrumb\":{\"@id\":\"http:\/\/nobelanamob.com\/ar\/hakkimizda\/#breadcrumb\"},\"inLanguage\":\"en-GB\",\"potentialAction\":[{\"@type\":\"ReadAction\",\"target\":[\"http:\/\/nobelanamob.com\/ar\/hakkimizda\/\"]}]},{\"@type\":\"BreadcrumbList\",\"@id\":\"http:\/\/nobelanamob.com\/ar\/hakkimizda\/#breadcrumb\",\"itemListElement\":[{\"@type\":\"ListItem\",\"position\":1,\"name\":\"Anasayfa\",\"item\":\"https:\/\/nobelanamob.com\/\"},{\"@type\":\"ListItem\",\"position\":2,\"name\":\"HAKKIMIZDA\"}]},{\"@type\":\"WebSite\",\"@id\":\"https:\/\/nobelanamob.com\/#website\",\"url\":\"https:\/\/nobelanamob.com\/\",\"name\":\"NOBEL ANAMOB - Anadolu Mobilya Fuar\u0131\",\"description\":\"Nobel Expo\",\"publisher\":{\"@id\":\"https:\/\/nobelanamob.com\/#organization\"},\"potentialAction\":[{\"@type\":\"SearchAction\",\"target\":{\"@type\":\"EntryPoint\",\"urlTemplate\":\"https:\/\/nobelanamob.com\/?s={search_term_string}\"},\"query-input\":{\"@type\":\"PropertyValueSpecification\",\"valueRequired\":true,\"valueName\":\"search_term_string\"}}],\"inLanguage\":\"en-GB\"},{\"@type\":\"Organization\",\"@id\":\"https:\/\/nobelanamob.com\/#organization\",\"name\":\"NOBEL ANAMOB - Anadolu Mobilya Fuar\u0131\",\"url\":\"https:\/\/nobelanamob.com\/\",\"logo\":{\"@type\":\"ImageObject\",\"inLanguage\":\"en-GB\",\"@id\":\"https:\/\/nobelanamob.com\/#\/schema\/logo\/image\/\",\"url\":\"https:\/\/nobelanamob.com\/wp-content\/uploads\/2025\/08\/ANAMOB-2025_logo.png\",\"contentUrl\":\"https:\/\/nobelanamob.com\/wp-content\/uploads\/2025\/08\/ANAMOB-2025_logo.png\",\"width\":1010,\"height\":326,\"caption\":\"NOBEL ANAMOB - Anadolu Mobilya Fuar\u0131\"},\"image\":{\"@id\":\"https:\/\/nobelanamob.com\/#\/schema\/logo\/image\/\"}}]}<\/script>\n<!-- \/ Yoast SEO plugin. -->","yoast_head_json":{"title":"ABOUT US - NOBEL ANAMOB - Anatolian Furniture Fair","robots":{"index":"index","follow":"follow","max-snippet":"max-snippet:-1","max-image-preview":"max-image-preview:large","max-video-preview":"max-video-preview:-1"},"canonical":"http:\/\/nobelanamob.com\/en\/hakkimizda\/","og_locale":"en_GB","og_type":"article","og_title":"HAKKIMIZDA - NOBEL ANAMOB - Anadolu Mobilya Fuar\u0131","og_description":"ANADOLU\u2019NUN EN B\u00dcY\u00dcK MOB\u0130LYA FUARI Nobel Expo taraf\u0131ndan organize edilen ANAMOB Anadolu Mobilya Fuar\u0131, mobilya sanayisinin kalbinin att\u0131\u011f\u0131 Kayseri\u2019de d\u00fczenleniyor. T\u00fcrkiye\u2019nin en b\u00fcy\u00fck \u00fcretim merkezlerinden biri olan Kayseri, y\u00fczlerce \u00fcretici firmas\u0131yla yaln\u0131zca yurt i\u00e7inde de\u011fil, d\u00fcnya mobilya pazar\u0131nda da g\u00fc\u00e7l\u00fc bir oyuncu konumunda. ANAMOB, bu g\u00fcc\u00fc uluslararas\u0131 ticaretle bulu\u015fturarak sekt\u00f6re yeni i\u015f birlikleri, yeni pazarlar [&hellip;]","og_url":"http:\/\/nobelanamob.com\/en\/hakkimizda\/","og_site_name":"NOBEL ANAMOB - Anadolu Mobilya Fuar\u0131","article_modified_time":"2025-08-28T11:12:55+00:00","twitter_card":"summary_large_image","twitter_misc":{"Estimated reading time":"1 minute"},"schema":{"@context":"https:\/\/schema.org","@graph":[{"@type":"WebPage","@id":"http:\/\/nobelanamob.com\/ar\/hakkimizda\/","url":"http:\/\/nobelanamob.com\/ar\/hakkimizda\/","name":"ABOUT US - NOBEL ANAMOB - Anatolian Furniture Fair","isPartOf":{"@id":"https:\/\/nobelanamob.com\/#website"},"datePublished":"2024-01-31T12:06:30+00:00","dateModified":"2025-08-28T11:12:55+00:00","breadcrumb":{"@id":"http:\/\/nobelanamob.com\/ar\/hakkimizda\/#breadcrumb"},"inLanguage":"en-GB","potentialAction":[{"@type":"ReadAction","target":["http:\/\/nobelanamob.com\/ar\/hakkimizda\/"]}]},{"@type":"BreadcrumbList","@id":"http:\/\/nobelanamob.com\/ar\/hakkimizda\/#breadcrumb","itemListElement":[{"@type":"ListItem","position":1,"name":"Anasayfa","item":"https:\/\/nobelanamob.com\/"},{"@type":"ListItem","position":2,"name":"HAKKIMIZDA"}]},{"@type":"WebSite","@id":"https:\/\/nobelanamob.com\/#website","url":"https:\/\/nobelanamob.com\/","name":"NOBEL ANAMOB - Anatolian Furniture Fair","description":"Nobel Expo","publisher":{"@id":"https:\/\/nobelanamob.com\/#organization"},"potentialAction":[{"@type":"SearchAction","target":{"@type":"EntryPoint","urlTemplate":"https:\/\/nobelanamob.com\/?s={search_term_string}"},"query-input":{"@type":"PropertyValueSpecification","valueRequired":true,"valueName":"search_term_string"}}],"inLanguage":"en-GB"},{"@type":"Organization","@id":"https:\/\/nobelanamob.com\/#organization","name":"NOBEL ANAMOB - Anatolian Furniture Fair","url":"https:\/\/nobelanamob.com\/","logo":{"@type":"ImageObject","inLanguage":"en-GB","@id":"https:\/\/nobelanamob.com\/#\/schema\/logo\/image\/","url":"https:\/\/nobelanamob.com\/wp-content\/uploads\/2025\/08\/ANAMOB-2025_logo.png","contentUrl":"https:\/\/nobelanamob.com\/wp-content\/uploads\/2025\/08\/ANAMOB-2025_logo.png","width":1010,"height":326,"caption":"NOBEL ANAMOB - Anadolu Mobilya Fuar\u0131"},"image":{"@id":"https:\/\/nobelanamob.com\/#\/schema\/logo\/image\/"}}]}},"_links":{"self":[{"href":"https:\/\/nobelanamob.com\/en\/wp-json\/wp\/v2\/pages\/4068","targetHints":{"allow":["GET"]}}],"collection":[{"href":"https:\/\/nobelanamob.com\/en\/wp-json\/wp\/v2\/pages"}],"about":[{"href":"https:\/\/nobelanamob.com\/en\/wp-json\/wp\/v2\/types\/page"}],"author":[{"embeddable":true,"href":"https:\/\/nobelanamob.com\/en\/wp-json\/wp\/v2\/users\/1"}],"replies":[{"embeddable":true,"href":"https:\/\/nobelanamob.com\/en\/wp-json\/wp\/v2\/comments?post=4068"}],"version-history":[{"count":0,"href":"https:\/\/nobelanamob.com\/en\/wp-json\/wp\/v2\/pages\/4068\/revisions"}],"wp:attachment":[{"href":"https:\/\/nobelanamob.com\/en\/wp-json\/wp\/v2\/media?parent=4068"}],"curies":[{"name":"wp","href":"https:\/\/api.w.org\/{rel}","templated":true}]}}