{"id":4075,"date":"2024-01-31T13:05:39","date_gmt":"2024-01-31T13:05:39","guid":{"rendered":"https:\/\/wp2.yogsthemes.com\/thewp\/oment\/?page_id=654"},"modified":"2025-12-03T17:19:30","modified_gmt":"2025-12-03T17:19:30","slug":"event-listing-01","status":"publish","type":"page","link":"https:\/\/nobelanamob.com\/en\/event-listing-01\/","title":{"rendered":"Accommodation Recommendations"},"content":{"rendered":"<div data-elementor-type=\"wp-page\" data-elementor-id=\"4075\" class=\"elementor elementor-4075\">\n\t\t\t\t<div class=\"elementor-element elementor-element-f5f9020 e-flex e-con-boxed e-con e-parent\" data-id=\"f5f9020\" data-element_type=\"container\">\n\t\t\t\t\t<div class=\"e-con-inner\">\n\t\t\t\t<div class=\"elementor-element elementor-element-11cfac5 elementor-widget elementor-widget-heading\" data-id=\"11cfac5\" data-element_type=\"widget\" data-widget_type=\"heading.default\">\n\t\t\t\t\t<h2 class=\"elementor-heading-title elementor-size-default\">Accommodation Suggestions<\/h2>\t\t\t\t<\/div>\n\t\t\t\t\t<\/div>\n\t\t\t\t<\/div>\n\t\t<div class=\"elementor-element elementor-element-ed4a777 e-flex e-con-boxed e-con e-parent\" data-id=\"ed4a777\" data-element_type=\"container\">\n\t\t\t\t\t<div class=\"e-con-inner\">\n\t\t\t\t<div class=\"elementor-element elementor-element-629234b elementor-widget elementor-widget-heading\" data-id=\"629234b\" data-element_type=\"widget\" data-widget_type=\"heading.default\">\n\t\t\t\t\t<h2 class=\"elementor-heading-title elementor-size-default\">Accommodation Suggestions<\/h2>\t\t\t\t<\/div>\n\t\t\t\t\t<\/div>\n\t\t\t\t<\/div>\n\t\t<div class=\"elementor-element elementor-element-cb7c497 e-grid e-con-boxed e-con e-parent\" data-id=\"cb7c497\" data-element_type=\"container\">\n\t\t\t\t\t<div class=\"e-con-inner\">\n\t\t\t\t<div class=\"elementor-element elementor-element-f58b8a9 elementor-widget elementor-widget-text-editor\" data-id=\"f58b8a9\" data-element_type=\"widget\" data-widget_type=\"text-editor.default\">\n\t\t\t\t\t\t\t\t\t<div class=\"py-sm-1 py-0\"><div class=\"py-sm-1 py-0\"><div class=\"py-sm-1 py-0\"><div class=\"py-sm-1 py-0\"><span style=\"text-decoration: underline;\"><a href=\"https:\/\/www.wyndhamhotels.com\/wyndham-grand\/kayseri-turkiye\/whyndam-grand-kayseri\/overview\"><span style=\"color: #202020; font-family: 'Fira Sans', sans-serif; font-size: 1.75rem; font-weight: 600; text-decoration: underline;\">WYNDHAM<\/span><\/a><\/span><\/div><\/div><\/div><\/div><p>It stands out with spacious rooms and meeting areas suitable for business-oriented stays. With its location close to the city center and transport lines, it offers a practical experience throughout the fair.<br \/>Highlights: Free Wi-Fi, Breakfast Option, Fitness.<\/p>\t\t\t\t\t\t\t\t<\/div>\n\t\t\t\t<div class=\"elementor-element elementor-element-868a517 elementor-widget elementor-widget-text-editor\" data-id=\"868a517\" data-element_type=\"widget\" data-widget_type=\"text-editor.default\">\n\t\t\t\t\t\t\t\t\t<div class=\"py-sm-1 py-0\"><div class=\"py-sm-1 py-0\"><div class=\"py-sm-1 py-0\"><div class=\"py-sm-1 py-0\"><div class=\"py-sm-1 py-0\"><div class=\"py-sm-1 py-0\"><div class=\"py-sm-1 py-0\"><div class=\"py-sm-1 py-0\"><div class=\"py-sm-1 py-0\"><span style=\"text-decoration: underline;\"><a href=\"https:\/\/all.accor.com\/hotel\/6905\/index.tr.shtml\"><span style=\"color: #202020; font-family: 'Fira Sans', sans-serif; font-size: 1.75rem; font-weight: 600; text-decoration: underline;\">IBIS<\/span><\/a><\/span><\/div><\/div><\/div><\/div><p>Ideal for participants seeking practical accommodation with compact and functional rooms. It offers fast check-in and services tailored to basic business travel needs.<br \/>Highlights: Express Check-in\/Check-out, 24-Hour Reception, Parking.<\/p><\/div><\/div><\/div><\/div><\/div>\t\t\t\t\t\t\t\t<\/div>\n\t\t\t\t<div class=\"elementor-element elementor-element-845a1be elementor-widget elementor-widget-text-editor\" data-id=\"845a1be\" data-element_type=\"widget\" data-widget_type=\"text-editor.default\">\n\t\t\t\t\t\t\t\t\t<div class=\"py-sm-1 py-0\"><div class=\"py-sm-1 py-0\"><div class=\"py-sm-1 py-0\"><div class=\"py-sm-1 py-0\"><span style=\"text-decoration: underline;\"><a href=\"https:\/\/www.novotelkayseri.com\/tr\/\"><span style=\"color: #202020; font-family: 'Fira Sans', sans-serif; font-size: 1.75rem; font-weight: 600; text-decoration: underline;\">NOV (Novotel)<\/span><\/a><\/span><\/div><\/div><\/div><\/div><p data-start=\"783\" data-end=\"847\">It emphasizes comfort with comfortable room options and a rich open-buffet breakfast. With shared workspaces and a restaurant, it is also suitable for long stays.<br \/>Highlights: Restaurant &amp; Lounge, Workspace, Room Service.<\/p>\t\t\t\t\t\t\t\t<\/div>\n\t\t\t\t<div class=\"elementor-element elementor-element-826e090 elementor-widget elementor-widget-text-editor\" data-id=\"826e090\" data-element_type=\"widget\" data-widget_type=\"text-editor.default\">\n\t\t\t\t\t\t\t\t\t<div class=\"py-sm-1 py-0\"><div class=\"py-sm-1 py-0\"><div class=\"py-sm-1 py-0\"><span style=\"text-decoration: underline;\"><a href=\"https:\/\/www.thekayseriloft.com\/\"><span style=\"color: #202020; font-family: 'Fira Sans', sans-serif; font-size: 1.75rem; font-weight: 600; text-decoration: underline;\">LOFT<\/span><\/a><\/span><\/div><\/div><\/div><p data-start=\"1077\" data-end=\"1136\">Offering a flexible accommodation experience with spacious living areas and kitchenette options, it is ideal for long-term stays.<br \/>Highlights: Spacious Rooms, Kitchenette (in selected rooms), Laundry.<\/p>\t\t\t\t\t\t\t\t<\/div>\n\t\t\t\t\t<\/div>\n\t\t\t\t<\/div>\n\t\t<div class=\"elementor-element elementor-element-b40532b e-flex e-con-boxed e-con e-parent\" data-id=\"b40532b\" data-element_type=\"container\">\n\t\t\t\t\t<div class=\"e-con-inner\">\n\t\t\t\t<div class=\"elementor-element elementor-element-c140d3d elementor-widget elementor-widget-text-editor\" data-id=\"c140d3d\" data-element_type=\"widget\" data-widget_type=\"text-editor.default\">\n\t\t\t\t\t\t\t\t\t<div class=\"py-sm-1 py-0\"><div class=\"py-sm-1 py-0\"><div class=\"py-sm-1 py-0\"><div class=\"py-sm-1 py-0\" style=\"text-align: center;\"><a href=\"https:\/\/www.radissonhotels.com\/tr-tr\/oteller\/radisson-blu-kayseri?+cid=a%3Ase+b%3Agmb+c%3Aemea+i%3Alocal+e%3Ardb+d%3Aeerut+h%3ATRASR1\"><span style=\"text-decoration: underline;\"><span style=\"color: #202020; font-family: 'Fira Sans', sans-serif; font-size: 1.75rem; font-weight: 600; text-decoration: underline;\">RADISSON BLU<\/span><\/span><\/a><\/div><\/div><\/div><\/div><p style=\"text-align: center;\" data-start=\"783\" data-end=\"847\">The contemporary Radisson Blu Hotel in Kayseri is located in the vibrant city centre, a short distance from local attractions and ideal transport links. Visit one of the many organisations created by Kayseri-born businessman Kadir Has and the Kadir Has Foundation, including the Congress Centre and Sports Hall, or one of the foundation's educational institutions. Visit Erciyes Ski Resort for a thrilling skiing experience at the summit of an extinct volcano, or take a leisurely stroll around the Old Town.<\/p>\t\t\t\t\t\t\t\t<\/div>\n\t\t\t\t\t<\/div>\n\t\t\t\t<\/div>\n\t\t<div class=\"elementor-element elementor-element-6a3f9ed e-flex e-con-boxed e-con e-parent\" data-id=\"6a3f9ed\" data-element_type=\"container\">\n\t\t\t\t\t<div class=\"e-con-inner\">\n\t\t\t\t<div class=\"elementor-element elementor-element-7f4d672 elementor-widget elementor-widget-heading\" data-id=\"7f4d672\" data-element_type=\"widget\" data-widget_type=\"heading.default\">\n\t\t\t\t\t<h2 class=\"elementor-heading-title elementor-size-default\">Fair Information<\/h2>\t\t\t\t<\/div>\n\t\t\t\t\t<\/div>\n\t\t\t\t<\/div>\n\t\t<div class=\"elementor-element elementor-element-3b7e005 e-flex e-con-boxed e-con e-parent\" data-id=\"3b7e005\" data-element_type=\"container\">\n\t\t\t\t\t<div class=\"e-con-inner\">\n\t\t\t\t<div class=\"elementor-element elementor-element-bc3f6bf elementor-widget elementor-widget-text-editor\" data-id=\"bc3f6bf\" data-element_type=\"widget\" data-widget_type=\"text-editor.default\">\n\t\t\t\t\t\t\t\t\t<p class=\"fuar-hakkinda-metin\"><strong>Name of the Fair:<\/strong> ANAMOB Anadolu Furniture Fair<\/p><p><strong>Place of the Fair:<\/strong> Kayseri OSB International Fair Centre \/Organised Industrial Zone, 37. Sk. No: 19, 38070 Kayseri OSB\/Melikgazi\/Kayseri<\/p><p><strong>Date of the Fair<\/strong> Wednesday 07 October 2026 - Sunday 11 October 2026<\/p><p><strong>Fairground Opening\u2013Closing Hours:<\/strong><br \/>7-8-9-10 October 2026 | 10:00 - 18:00<br \/>11 October 2026 | 10:00 - 17:00<\/p><p><strong>Organizer:<\/strong> Nobel Expo Fair Organization Inc. <a class=\"fuar-hakkinda-link\" href=\"https:\/\/www.nobelexpo.com\/\">www.nobelexpo.com<\/a><\/p><p><strong>Participants:<\/strong> Living Room &amp; Lounge, Baby, Dining, Children &amp; Youth, Bedroom Furniture; Wall &amp; TV Units; Tables, Chairs &amp; Coffee Tables; Office, Garden, Kitchen, Bathroom &amp; Lighting Furniture; Classic Furniture Frames; International Representatives; Home Textiles, Upholstery Fabrics; Decorative Furniture &amp; Accessories; Decoration Materials.<\/p><p><strong>Visitors:<\/strong> Wholesalers, Distributors, Retailers, Interior Architects, Decorators, Hotel &amp; Venue Managers, E-Commerce Platforms, Public &amp; Educational Institutions, Sectoral Associations, Publications &amp; Media Representatives.<\/p>\t\t\t\t\t\t\t\t<\/div>\n\t\t\t\t\t<\/div>\n\t\t\t\t<\/div>\n\t\t\t\t<\/div>","protected":false},"excerpt":{"rendered":"<p>Our Accommodation Recommendations Our Accommodation Recommendations WYNDHAM It stands out with its spacious rooms and meeting areas suitable for business-oriented accommodation. Close to the city centre and transport lines, it offers a practical experience during the fair.Highlights: Free Wi-Fi, breakfast option, fitness centre. IBIS is ideal for delegates looking for practical accommodation with compact and functional rooms. Fast check-in and services tailored to basic business traveller needs [...]<\/p>","protected":false},"author":1,"featured_media":0,"parent":0,"menu_order":0,"comment_status":"closed","ping_status":"closed","template":"tpl-default-elementor.php","meta":{"footnotes":""},"class_list":["post-4075","page","type-page","status-publish","hentry"],"yoast_head":"<!-- This site is optimized with the Yoast SEO plugin v26.0 - https:\/\/yoast.com\/wordpress\/plugins\/seo\/ -->\n<title>Konaklama \u00d6nerileri - NOBEL ANAMOB - Anadolu Mobilya Fuar\u0131<\/title>\n<meta name=\"robots\" content=\"index, follow, max-snippet:-1, max-image-preview:large, max-video-preview:-1\" \/>\n<link rel=\"canonical\" href=\"https:\/\/nobelanamob.com\/en\/event-listing-01\/\" \/>\n<meta property=\"og:locale\" content=\"en_GB\" \/>\n<meta property=\"og:type\" content=\"article\" \/>\n<meta property=\"og:title\" content=\"Konaklama \u00d6nerileri - NOBEL ANAMOB - Anadolu Mobilya Fuar\u0131\" \/>\n<meta property=\"og:description\" content=\"Konaklama \u00d6nerilerimiz Konaklama \u00d6nerilerimiz WYNDHAM \u0130\u015f odakl\u0131 konaklamaya uygun, geni\u015f odalar\u0131 ve toplant\u0131 alanlar\u0131yla \u00f6ne \u00e7\u0131kar. \u015eehir merkezine ve ula\u015f\u0131m hatlar\u0131na yak\u0131n konumuyla fuar s\u00fcresince pratik bir deneyim sunar.\u00d6ne \u00e7\u0131kanlar: \u00dccretsiz Wi-Fi, kahvalt\u0131 opsiyonu, fitness. IBIS Kompakt ve i\u015flevsel odalar\u0131yla pratik konaklama arayan kat\u0131l\u0131mc\u0131lar i\u00e7in idealdir. H\u0131zl\u0131 check-in ve temel i\u015f seyahati ihtiya\u00e7lar\u0131na uygun hizmetler [&hellip;]\" \/>\n<meta property=\"og:url\" content=\"https:\/\/nobelanamob.com\/en\/event-listing-01\/\" \/>\n<meta property=\"og:site_name\" content=\"NOBEL ANAMOB - Anadolu Mobilya Fuar\u0131\" \/>\n<meta property=\"article:modified_time\" content=\"2025-12-03T17:19:30+00:00\" \/>\n<meta name=\"twitter:card\" content=\"summary_large_image\" \/>\n<meta name=\"twitter:label1\" content=\"Estimated reading time\" \/>\n\t<meta name=\"twitter:data1\" content=\"2 minutes\" \/>\n<script type=\"application\/ld+json\" class=\"yoast-schema-graph\">{\"@context\":\"https:\/\/schema.org\",\"@graph\":[{\"@type\":\"WebPage\",\"@id\":\"https:\/\/nobelanamob.com\/event-listing-01\/\",\"url\":\"https:\/\/nobelanamob.com\/event-listing-01\/\",\"name\":\"Konaklama \u00d6nerileri - NOBEL ANAMOB - Anadolu Mobilya Fuar\u0131\",\"isPartOf\":{\"@id\":\"https:\/\/nobelanamob.com\/#website\"},\"datePublished\":\"2024-01-31T13:05:39+00:00\",\"dateModified\":\"2025-12-03T17:19:30+00:00\",\"breadcrumb\":{\"@id\":\"https:\/\/nobelanamob.com\/event-listing-01\/#breadcrumb\"},\"inLanguage\":\"en-GB\",\"potentialAction\":[{\"@type\":\"ReadAction\",\"target\":[\"https:\/\/nobelanamob.com\/event-listing-01\/\"]}]},{\"@type\":\"BreadcrumbList\",\"@id\":\"https:\/\/nobelanamob.com\/event-listing-01\/#breadcrumb\",\"itemListElement\":[{\"@type\":\"ListItem\",\"position\":1,\"name\":\"Anasayfa\",\"item\":\"https:\/\/nobelanamob.com\/\"},{\"@type\":\"ListItem\",\"position\":2,\"name\":\"Konaklama \u00d6nerileri\"}]},{\"@type\":\"WebSite\",\"@id\":\"https:\/\/nobelanamob.com\/#website\",\"url\":\"https:\/\/nobelanamob.com\/\",\"name\":\"NOBEL ANAMOB - Anadolu Mobilya Fuar\u0131\",\"description\":\"Nobel Expo\",\"publisher\":{\"@id\":\"https:\/\/nobelanamob.com\/#organization\"},\"potentialAction\":[{\"@type\":\"SearchAction\",\"target\":{\"@type\":\"EntryPoint\",\"urlTemplate\":\"https:\/\/nobelanamob.com\/?s={search_term_string}\"},\"query-input\":{\"@type\":\"PropertyValueSpecification\",\"valueRequired\":true,\"valueName\":\"search_term_string\"}}],\"inLanguage\":\"en-GB\"},{\"@type\":\"Organization\",\"@id\":\"https:\/\/nobelanamob.com\/#organization\",\"name\":\"NOBEL ANAMOB - Anadolu Mobilya Fuar\u0131\",\"url\":\"https:\/\/nobelanamob.com\/\",\"logo\":{\"@type\":\"ImageObject\",\"inLanguage\":\"en-GB\",\"@id\":\"https:\/\/nobelanamob.com\/#\/schema\/logo\/image\/\",\"url\":\"https:\/\/nobelanamob.com\/wp-content\/uploads\/2025\/08\/ANAMOB-2025_logo.png\",\"contentUrl\":\"https:\/\/nobelanamob.com\/wp-content\/uploads\/2025\/08\/ANAMOB-2025_logo.png\",\"width\":1010,\"height\":326,\"caption\":\"NOBEL ANAMOB - Anadolu Mobilya Fuar\u0131\"},\"image\":{\"@id\":\"https:\/\/nobelanamob.com\/#\/schema\/logo\/image\/\"}}]}<\/script>\n<!-- \/ Yoast SEO plugin. -->","yoast_head_json":{"title":"Accommodation Suggestions - NOBEL ANAMOB - Anatolian Furniture Fair","robots":{"index":"index","follow":"follow","max-snippet":"max-snippet:-1","max-image-preview":"max-image-preview:large","max-video-preview":"max-video-preview:-1"},"canonical":"https:\/\/nobelanamob.com\/en\/event-listing-01\/","og_locale":"en_GB","og_type":"article","og_title":"Konaklama \u00d6nerileri - NOBEL ANAMOB - Anadolu Mobilya Fuar\u0131","og_description":"Konaklama \u00d6nerilerimiz Konaklama \u00d6nerilerimiz WYNDHAM \u0130\u015f odakl\u0131 konaklamaya uygun, geni\u015f odalar\u0131 ve toplant\u0131 alanlar\u0131yla \u00f6ne \u00e7\u0131kar. \u015eehir merkezine ve ula\u015f\u0131m hatlar\u0131na yak\u0131n konumuyla fuar s\u00fcresince pratik bir deneyim sunar.\u00d6ne \u00e7\u0131kanlar: \u00dccretsiz Wi-Fi, kahvalt\u0131 opsiyonu, fitness. IBIS Kompakt ve i\u015flevsel odalar\u0131yla pratik konaklama arayan kat\u0131l\u0131mc\u0131lar i\u00e7in idealdir. H\u0131zl\u0131 check-in ve temel i\u015f seyahati ihtiya\u00e7lar\u0131na uygun hizmetler [&hellip;]","og_url":"https:\/\/nobelanamob.com\/en\/event-listing-01\/","og_site_name":"NOBEL ANAMOB - Anadolu Mobilya Fuar\u0131","article_modified_time":"2025-12-03T17:19:30+00:00","twitter_card":"summary_large_image","twitter_misc":{"Estimated reading time":"2 minutes"},"schema":{"@context":"https:\/\/schema.org","@graph":[{"@type":"WebPage","@id":"https:\/\/nobelanamob.com\/event-listing-01\/","url":"https:\/\/nobelanamob.com\/event-listing-01\/","name":"Accommodation Suggestions - NOBEL ANAMOB - Anatolian Furniture Fair","isPartOf":{"@id":"https:\/\/nobelanamob.com\/#website"},"datePublished":"2024-01-31T13:05:39+00:00","dateModified":"2025-12-03T17:19:30+00:00","breadcrumb":{"@id":"https:\/\/nobelanamob.com\/event-listing-01\/#breadcrumb"},"inLanguage":"en-GB","potentialAction":[{"@type":"ReadAction","target":["https:\/\/nobelanamob.com\/event-listing-01\/"]}]},{"@type":"BreadcrumbList","@id":"https:\/\/nobelanamob.com\/event-listing-01\/#breadcrumb","itemListElement":[{"@type":"ListItem","position":1,"name":"Anasayfa","item":"https:\/\/nobelanamob.com\/"},{"@type":"ListItem","position":2,"name":"Konaklama \u00d6nerileri"}]},{"@type":"WebSite","@id":"https:\/\/nobelanamob.com\/#website","url":"https:\/\/nobelanamob.com\/","name":"NOBEL ANAMOB - Anatolian Furniture Fair","description":"Nobel Expo","publisher":{"@id":"https:\/\/nobelanamob.com\/#organization"},"potentialAction":[{"@type":"SearchAction","target":{"@type":"EntryPoint","urlTemplate":"https:\/\/nobelanamob.com\/?s={search_term_string}"},"query-input":{"@type":"PropertyValueSpecification","valueRequired":true,"valueName":"search_term_string"}}],"inLanguage":"en-GB"},{"@type":"Organization","@id":"https:\/\/nobelanamob.com\/#organization","name":"NOBEL ANAMOB - Anatolian Furniture Fair","url":"https:\/\/nobelanamob.com\/","logo":{"@type":"ImageObject","inLanguage":"en-GB","@id":"https:\/\/nobelanamob.com\/#\/schema\/logo\/image\/","url":"https:\/\/nobelanamob.com\/wp-content\/uploads\/2025\/08\/ANAMOB-2025_logo.png","contentUrl":"https:\/\/nobelanamob.com\/wp-content\/uploads\/2025\/08\/ANAMOB-2025_logo.png","width":1010,"height":326,"caption":"NOBEL ANAMOB - Anadolu Mobilya Fuar\u0131"},"image":{"@id":"https:\/\/nobelanamob.com\/#\/schema\/logo\/image\/"}}]}},"_links":{"self":[{"href":"https:\/\/nobelanamob.com\/en\/wp-json\/wp\/v2\/pages\/4075","targetHints":{"allow":["GET"]}}],"collection":[{"href":"https:\/\/nobelanamob.com\/en\/wp-json\/wp\/v2\/pages"}],"about":[{"href":"https:\/\/nobelanamob.com\/en\/wp-json\/wp\/v2\/types\/page"}],"author":[{"embeddable":true,"href":"https:\/\/nobelanamob.com\/en\/wp-json\/wp\/v2\/users\/1"}],"replies":[{"embeddable":true,"href":"https:\/\/nobelanamob.com\/en\/wp-json\/wp\/v2\/comments?post=4075"}],"version-history":[{"count":0,"href":"https:\/\/nobelanamob.com\/en\/wp-json\/wp\/v2\/pages\/4075\/revisions"}],"wp:attachment":[{"href":"https:\/\/nobelanamob.com\/en\/wp-json\/wp\/v2\/media?parent=4075"}],"curies":[{"name":"wp","href":"https:\/\/api.w.org\/{rel}","templated":true}]}}