{"id":4598,"date":"2025-08-26T12:35:45","date_gmt":"2025-08-26T12:35:45","guid":{"rendered":"https:\/\/anamob.websitesunum.com.tr\/?page_id=4598"},"modified":"2025-08-26T12:43:57","modified_gmt":"2025-08-26T12:43:57","slug":"kvkk","status":"publish","type":"page","link":"https:\/\/nobelanamob.com\/en\/kvkk\/","title":{"rendered":"KVKK"},"content":{"rendered":"<div data-elementor-type=\"wp-page\" data-elementor-id=\"4598\" class=\"elementor elementor-4598\">\n\t\t\t\t<div class=\"elementor-element elementor-element-3386bc1 e-flex e-con-boxed e-con e-parent\" data-id=\"3386bc1\" data-element_type=\"container\">\n\t\t\t\t\t<div class=\"e-con-inner\">\n\t\t\t\t<div class=\"elementor-element elementor-element-76778a1 elementor-widget elementor-widget-heading\" data-id=\"76778a1\" data-element_type=\"widget\" data-widget_type=\"heading.default\">\n\t\t\t\t\t<h2 class=\"elementor-heading-title elementor-size-default\">Personal Data Protection Law (KVKK)<\/h2>\t\t\t\t<\/div>\n\t\t\t\t\t<\/div>\n\t\t\t\t<\/div>\n\t\t<div class=\"elementor-element elementor-element-b14141e e-flex e-con-boxed e-con e-parent\" data-id=\"b14141e\" data-element_type=\"container\">\n\t\t\t\t\t<div class=\"e-con-inner\">\n\t\t\t\t<div class=\"elementor-element elementor-element-511b0f2 elementor-widget elementor-widget-text-editor\" data-id=\"511b0f2\" data-element_type=\"widget\" data-widget_type=\"text-editor.default\">\n\t\t\t\t\t\t\t\t\t<p>Personal Data Protection Visitor (Internet) ANAMOB, as the data controller, processes your personal data in accordance with the Law No. 6698 on the Protection of Personal Data (KVKK) and other relevant legislation. According to Article 10 of the KVKK regulating the Obligation to Inform, data controllers are obliged to inform the relevant persons whose personal data they process on certain issues. This clarification text has been prepared in accordance with the Communiqu\u00e9 on the Procedures and Principles to be followed in the Fulfilment of the Disclosure Obligation published by the Personal Data Protection Authority in order to fulfil the legal obligation. Data Subject You, whose personal data are processed by Nobel Expo, are defined as Visitor (Internet) due to your visit to our website and you are accepted as Data Subject by the Law. Data Controller Nobel Expo is the data controller, which determines the purposes and means of processing personal data related to your personal data and is responsible for the establishment and management of the data recording system. Obtaining Your Personal Data Your personal data and the methods of obtaining it are shown below. The same personal data may be obtained by more than one method. Purposes and Legal Reasons for Processing Your Personal Data The table below lists the legal reasons and purposes for processing your personal data. In accordance with Article 5\/2a of the KVKK, due to the fact that it is clearly stipulated in the laws, in order to carry out the activities in accordance with the legislation, in accordance with the Internet Law (Article 7\/2) in the Law No. 5651 on the Regulation of Publications on the Internet and Combating Crimes Committed through These Publications; Transaction Security (IP Address, IP Protocol Used, Connection Time, Visited Page, Amount of Data Transferred, Connection End Time, etc.). Referring to the Internet Law (Article 7\/2) in the Law No. 5651 on the Regulation of Publications on the Internet and Combating Crimes Committed through These Publications for the purpose of carrying out storage and archive activities; Transfer of Your Personal Data Your personal data may be transferred to the relevant authorities without the obligation to inform and without seeking your explicit consent if requested within the framework of Article 28\/1 of the KVKK. Apart from this, in unforeseen situations, your personal data may be transferred to public institutions (administrative authorities such as ministries, presidential boards) specified in the laws, within the purposes and limitations stipulated in the law, if requested in cases clearly specified in the laws. Your personal data are not transferred to any institution, person or organisation other than our legal obligations that do not require your explicit consent and do not require your explicit consent Your Rights Regarding Your Personal Data In order to exercise their rights regarding their personal data, data subjects must first apply to the data controller. According to Article 14 of the Law, no direct complaint can be made to the Personal Data Protection Board. Pursuant to the Law, regarding your personal data a) b) To learn whether personal data is processed, b) To request information if your personal data has been processed, c) To learn the purpose of processing your personal data and whether it is used in accordance with its purpose, \u00e7) To know the third parties to whom your personal data is transferred domestically or abroad, d) To request correction of your personal data in case of incomplete or incorrect processing, e) To request the deletion or destruction of your personal data in case the reasons requiring its processing disappear, f) To request notification of the transactions made in accordance with subparagraphs (d) and (e) to third parties to whom your personal data has been transferred, g) To object to the occurrence of a result against you by analysing your processed data exclusively through automated systems, \u011f) In case you suffer damage due to unlawful processing of personal data, you can exercise your rights to demand compensation for the damage by applying to the data controller, that is, to us. Method of Application to the Data Controller You can submit your application to Ye\u015filk\u00f6y mah. Atat\u00fcrk cad. World Trade Centre Block No: 10 Interior Door No: 182 Bak\u0131rk\u00f6y \/ Istanbul in writing; info@nobelexpo.com registered e-mail address using your registered e-mail address; You can send an e-mail to info@nobelexpo.com using your e-mail address registered in our system. You can find more detailed information about the procedures and principles to be followed when making an application from the Communiqu\u00e9 on the Procedures and Principles of Application to the Data Controller of the Personal Data Protection Authority. ANAMOB<\/p>\t\t\t\t\t\t\t\t<\/div>\n\t\t\t\t\t<\/div>\n\t\t\t\t<\/div>\n\t\t\t\t<\/div>","protected":false},"excerpt":{"rendered":"<p>Personal Data Protection Law (KVKK) Personal Data Protection Visitor (Internet) ANAMOB, as the data controller, processes your personal data in accordance with the Personal Data Protection Law No. 6698 (KVKK) and other relevant legislation. According to Article 10 of the KVKK regulating the Obligation to Inform, data controllers are obliged to inform the data subjects whose personal data they process on certain issues. This clarification text also fulfils the legal obligation [...]<\/p>","protected":false},"author":1,"featured_media":0,"parent":0,"menu_order":0,"comment_status":"closed","ping_status":"closed","template":"","meta":{"footnotes":""},"class_list":["post-4598","page","type-page","status-publish","hentry"],"yoast_head":"<!-- This site is optimized with the Yoast SEO plugin v26.0 - https:\/\/yoast.com\/wordpress\/plugins\/seo\/ -->\n<title>KVKK - NOBEL ANAMOB - Anadolu Mobilya Fuar\u0131<\/title>\n<meta name=\"robots\" content=\"index, follow, max-snippet:-1, max-image-preview:large, max-video-preview:-1\" \/>\n<link rel=\"canonical\" href=\"http:\/\/nobelanamob.com\/en\/kvkk\/\" \/>\n<meta property=\"og:locale\" content=\"en_GB\" \/>\n<meta property=\"og:type\" content=\"article\" \/>\n<meta property=\"og:title\" content=\"KVKK - NOBEL ANAMOB - Anadolu Mobilya Fuar\u0131\" \/>\n<meta property=\"og:description\" content=\"Ki\u015fisel Verileri Koruma Kanunu (KVKK) Ki\u015fisel Verilerin Korunmas\u0131 Ziyaret\u00e7i (Internet) ANAMOB, veri sorumlusu olarak 6698 say\u0131l\u0131 Ki\u015fisel Verilerin Korunmas\u0131 Kanunu (KVKK) ve ilgili di\u011fer mevzuata uygun olarak ki\u015fisel verilerinizi i\u015flemektedir. KVKK\u2019nun Ayd\u0131nlatma Y\u00fck\u00fcml\u00fcl\u00fc\u011f\u00fc\u2019n\u00fc d\u00fczenleyen 10\u2019uncu maddesine g\u00f6re veri sorumlular\u0131, ki\u015fisel verilerini i\u015fledikleri ilgili ki\u015fileri belirli konularda bilgilendirmekle y\u00fck\u00fcml\u00fcd\u00fcr. Bu ayd\u0131nlatma metni de hukuki y\u00fck\u00fcml\u00fcl\u00fc\u011f\u00fcn yerine [&hellip;]\" \/>\n<meta property=\"og:url\" content=\"http:\/\/nobelanamob.com\/en\/kvkk\/\" \/>\n<meta property=\"og:site_name\" content=\"NOBEL ANAMOB - Anadolu Mobilya Fuar\u0131\" \/>\n<meta property=\"article:modified_time\" content=\"2025-08-26T12:43:57+00:00\" \/>\n<meta name=\"twitter:card\" content=\"summary_large_image\" \/>\n<meta name=\"twitter:label1\" content=\"Estimated reading time\" \/>\n\t<meta name=\"twitter:data1\" content=\"4 minutes\" \/>\n<script type=\"application\/ld+json\" class=\"yoast-schema-graph\">{\"@context\":\"https:\/\/schema.org\",\"@graph\":[{\"@type\":\"WebPage\",\"@id\":\"http:\/\/nobelanamob.com\/ar\/kvkk\/\",\"url\":\"http:\/\/nobelanamob.com\/ar\/kvkk\/\",\"name\":\"KVKK - NOBEL ANAMOB - Anadolu Mobilya Fuar\u0131\",\"isPartOf\":{\"@id\":\"https:\/\/nobelanamob.com\/#website\"},\"datePublished\":\"2025-08-26T12:35:45+00:00\",\"dateModified\":\"2025-08-26T12:43:57+00:00\",\"breadcrumb\":{\"@id\":\"http:\/\/nobelanamob.com\/ar\/kvkk\/#breadcrumb\"},\"inLanguage\":\"en-GB\",\"potentialAction\":[{\"@type\":\"ReadAction\",\"target\":[\"http:\/\/nobelanamob.com\/ar\/kvkk\/\"]}]},{\"@type\":\"BreadcrumbList\",\"@id\":\"http:\/\/nobelanamob.com\/ar\/kvkk\/#breadcrumb\",\"itemListElement\":[{\"@type\":\"ListItem\",\"position\":1,\"name\":\"Anasayfa\",\"item\":\"https:\/\/nobelanamob.com\/\"},{\"@type\":\"ListItem\",\"position\":2,\"name\":\"KVKK\"}]},{\"@type\":\"WebSite\",\"@id\":\"https:\/\/nobelanamob.com\/#website\",\"url\":\"https:\/\/nobelanamob.com\/\",\"name\":\"NOBEL ANAMOB - Anadolu Mobilya Fuar\u0131\",\"description\":\"Nobel Expo\",\"publisher\":{\"@id\":\"https:\/\/nobelanamob.com\/#organization\"},\"potentialAction\":[{\"@type\":\"SearchAction\",\"target\":{\"@type\":\"EntryPoint\",\"urlTemplate\":\"https:\/\/nobelanamob.com\/?s={search_term_string}\"},\"query-input\":{\"@type\":\"PropertyValueSpecification\",\"valueRequired\":true,\"valueName\":\"search_term_string\"}}],\"inLanguage\":\"en-GB\"},{\"@type\":\"Organization\",\"@id\":\"https:\/\/nobelanamob.com\/#organization\",\"name\":\"NOBEL ANAMOB - Anadolu Mobilya Fuar\u0131\",\"url\":\"https:\/\/nobelanamob.com\/\",\"logo\":{\"@type\":\"ImageObject\",\"inLanguage\":\"en-GB\",\"@id\":\"https:\/\/nobelanamob.com\/#\/schema\/logo\/image\/\",\"url\":\"https:\/\/nobelanamob.com\/wp-content\/uploads\/2025\/08\/ANAMOB-2025_logo.png\",\"contentUrl\":\"https:\/\/nobelanamob.com\/wp-content\/uploads\/2025\/08\/ANAMOB-2025_logo.png\",\"width\":1010,\"height\":326,\"caption\":\"NOBEL ANAMOB - Anadolu Mobilya Fuar\u0131\"},\"image\":{\"@id\":\"https:\/\/nobelanamob.com\/#\/schema\/logo\/image\/\"}}]}<\/script>\n<!-- \/ Yoast SEO plugin. -->","yoast_head_json":{"title":"KVKK - NOBEL ANAMOB - Anatolian Furniture Fair","robots":{"index":"index","follow":"follow","max-snippet":"max-snippet:-1","max-image-preview":"max-image-preview:large","max-video-preview":"max-video-preview:-1"},"canonical":"http:\/\/nobelanamob.com\/en\/kvkk\/","og_locale":"en_GB","og_type":"article","og_title":"KVKK - NOBEL ANAMOB - Anadolu Mobilya Fuar\u0131","og_description":"Ki\u015fisel Verileri Koruma Kanunu (KVKK) Ki\u015fisel Verilerin Korunmas\u0131 Ziyaret\u00e7i (Internet) ANAMOB, veri sorumlusu olarak 6698 say\u0131l\u0131 Ki\u015fisel Verilerin Korunmas\u0131 Kanunu (KVKK) ve ilgili di\u011fer mevzuata uygun olarak ki\u015fisel verilerinizi i\u015flemektedir. KVKK\u2019nun Ayd\u0131nlatma Y\u00fck\u00fcml\u00fcl\u00fc\u011f\u00fc\u2019n\u00fc d\u00fczenleyen 10\u2019uncu maddesine g\u00f6re veri sorumlular\u0131, ki\u015fisel verilerini i\u015fledikleri ilgili ki\u015fileri belirli konularda bilgilendirmekle y\u00fck\u00fcml\u00fcd\u00fcr. Bu ayd\u0131nlatma metni de hukuki y\u00fck\u00fcml\u00fcl\u00fc\u011f\u00fcn yerine [&hellip;]","og_url":"http:\/\/nobelanamob.com\/en\/kvkk\/","og_site_name":"NOBEL ANAMOB - Anadolu Mobilya Fuar\u0131","article_modified_time":"2025-08-26T12:43:57+00:00","twitter_card":"summary_large_image","twitter_misc":{"Estimated reading time":"4 minutes"},"schema":{"@context":"https:\/\/schema.org","@graph":[{"@type":"WebPage","@id":"http:\/\/nobelanamob.com\/ar\/kvkk\/","url":"http:\/\/nobelanamob.com\/ar\/kvkk\/","name":"KVKK - NOBEL ANAMOB - Anatolian Furniture Fair","isPartOf":{"@id":"https:\/\/nobelanamob.com\/#website"},"datePublished":"2025-08-26T12:35:45+00:00","dateModified":"2025-08-26T12:43:57+00:00","breadcrumb":{"@id":"http:\/\/nobelanamob.com\/ar\/kvkk\/#breadcrumb"},"inLanguage":"en-GB","potentialAction":[{"@type":"ReadAction","target":["http:\/\/nobelanamob.com\/ar\/kvkk\/"]}]},{"@type":"BreadcrumbList","@id":"http:\/\/nobelanamob.com\/ar\/kvkk\/#breadcrumb","itemListElement":[{"@type":"ListItem","position":1,"name":"Anasayfa","item":"https:\/\/nobelanamob.com\/"},{"@type":"ListItem","position":2,"name":"KVKK"}]},{"@type":"WebSite","@id":"https:\/\/nobelanamob.com\/#website","url":"https:\/\/nobelanamob.com\/","name":"NOBEL ANAMOB - Anatolian Furniture Fair","description":"Nobel Expo","publisher":{"@id":"https:\/\/nobelanamob.com\/#organization"},"potentialAction":[{"@type":"SearchAction","target":{"@type":"EntryPoint","urlTemplate":"https:\/\/nobelanamob.com\/?s={search_term_string}"},"query-input":{"@type":"PropertyValueSpecification","valueRequired":true,"valueName":"search_term_string"}}],"inLanguage":"en-GB"},{"@type":"Organization","@id":"https:\/\/nobelanamob.com\/#organization","name":"NOBEL ANAMOB - Anatolian Furniture Fair","url":"https:\/\/nobelanamob.com\/","logo":{"@type":"ImageObject","inLanguage":"en-GB","@id":"https:\/\/nobelanamob.com\/#\/schema\/logo\/image\/","url":"https:\/\/nobelanamob.com\/wp-content\/uploads\/2025\/08\/ANAMOB-2025_logo.png","contentUrl":"https:\/\/nobelanamob.com\/wp-content\/uploads\/2025\/08\/ANAMOB-2025_logo.png","width":1010,"height":326,"caption":"NOBEL ANAMOB - Anadolu Mobilya Fuar\u0131"},"image":{"@id":"https:\/\/nobelanamob.com\/#\/schema\/logo\/image\/"}}]}},"_links":{"self":[{"href":"https:\/\/nobelanamob.com\/en\/wp-json\/wp\/v2\/pages\/4598","targetHints":{"allow":["GET"]}}],"collection":[{"href":"https:\/\/nobelanamob.com\/en\/wp-json\/wp\/v2\/pages"}],"about":[{"href":"https:\/\/nobelanamob.com\/en\/wp-json\/wp\/v2\/types\/page"}],"author":[{"embeddable":true,"href":"https:\/\/nobelanamob.com\/en\/wp-json\/wp\/v2\/users\/1"}],"replies":[{"embeddable":true,"href":"https:\/\/nobelanamob.com\/en\/wp-json\/wp\/v2\/comments?post=4598"}],"version-history":[{"count":0,"href":"https:\/\/nobelanamob.com\/en\/wp-json\/wp\/v2\/pages\/4598\/revisions"}],"wp:attachment":[{"href":"https:\/\/nobelanamob.com\/en\/wp-json\/wp\/v2\/media?parent=4598"}],"curies":[{"name":"wp","href":"https:\/\/api.w.org\/{rel}","templated":true}]}}