{"id":5012,"date":"2025-10-02T11:22:48","date_gmt":"2025-10-02T11:22:48","guid":{"rendered":"https:\/\/nobelanamob.com\/?page_id=5012"},"modified":"2026-01-05T09:47:54","modified_gmt":"2026-01-05T09:47:54","slug":"ziyaretci","status":"publish","type":"page","link":"https:\/\/nobelanamob.com\/en\/ziyaretci\/","title":{"rendered":"VISITOR"},"content":{"rendered":"<div data-elementor-type=\"wp-page\" data-elementor-id=\"5012\" class=\"elementor elementor-5012\">\n\t\t\t\t<div class=\"elementor-element elementor-element-d9442ec e-flex e-con-boxed e-con e-parent\" data-id=\"d9442ec\" data-element_type=\"container\">\n\t\t\t\t\t<div class=\"e-con-inner\">\n\t\t\t\t<div class=\"elementor-element elementor-element-11bd5d8 elementor-widget elementor-widget-heading\" data-id=\"11bd5d8\" data-element_type=\"widget\" data-widget_type=\"heading.default\">\n\t\t\t\t\t<h2 class=\"elementor-heading-title elementor-size-default\">Why Should You Become a Visitor?<\/h2>\t\t\t\t<\/div>\n\t\t\t\t<div class=\"elementor-element elementor-element-b8cd0e3 elementor-widget elementor-widget-text-editor\" data-id=\"b8cd0e3\" data-element_type=\"widget\" data-widget_type=\"text-editor.default\">\n\t\t\t\t\t\t\t\t\t<p style=\"text-align: center;\" data-start=\"164\" data-end=\"594\"><strong>\u00a0 Our furniture fair offers a unique platform that brings together the industry's most innovative and current trends. Whether you are an interior designer, a retail store owner or an individual design enthusiast, our fair offers inspiring experiences for every visitor. You will have the opportunity to see new collections first-hand, communicate directly with different manufacturers and learn from the industry's leading professionals.<\/strong><\/p><p style=\"text-align: center;\" data-start=\"596\" data-end=\"978\"><strong>Our fair allows you not only to see the products but also to gain insights into the future of the industry, discover innovative designs and expand your business network. Attendees have the chance to examine the latest technologies, materials and trends in the field of furniture and decoration, while they can increase their knowledge and experience with professional workshops and presentations.<\/strong><\/p><p style=\"text-align: center;\" data-start=\"980\" data-end=\"1189\"><strong>In short, our furniture fair is an unmissable meeting point for everyone who wants to follow the developments in the sector, discover new business opportunities and exchange ideas in an environment full of inspiration.<\/strong><\/p>\t\t\t\t\t\t\t\t<\/div>\n\t\t\t\t\t<\/div>\n\t\t\t\t<\/div>\n\t\t<div class=\"elementor-element elementor-element-91e97f8 e-grid e-con-boxed e-con e-parent\" data-id=\"91e97f8\" data-element_type=\"container\">\n\t\t\t\t\t<div class=\"e-con-inner\">\n\t\t\t\t<div class=\"elementor-element elementor-element-f999f6d elementor-widget elementor-widget-text-editor\" data-id=\"f999f6d\" data-element_type=\"widget\" data-widget_type=\"text-editor.default\">\n\t\t\t\t\t\t\t\t\t<h3><strong>Wholesalers &amp; Distributors<\/strong><\/h3><p>Our fair is an important meeting point for wholesalers and distributors who want to increase their product range, establish strong business partnerships and discover new markets in the furniture sector. With a rich product range, innovative designs and competitive price advantages, our exhibitors will have the opportunity to expand their business networks and work with new brands.<\/p>\t\t\t\t\t\t\t\t<\/div>\n\t\t\t\t<div class=\"elementor-element elementor-element-ba0a361 elementor-widget elementor-widget-text-editor\" data-id=\"ba0a361\" data-element_type=\"widget\" data-widget_type=\"text-editor.default\">\n\t\t\t\t\t\t\t\t\t<h3><strong>Retail Store Owners<\/strong><\/h3><p data-start=\"88\" data-end=\"445\">Our fair is an inspiring meeting point for retail store owners who want to offer different and quality products in their stores. Visitors can follow the trends by closely examining the latest furniture collections and find the opportunity to strengthen their store portfolios by selecting products suitable for customer demands.<\/p>\t\t\t\t\t\t\t\t<\/div>\n\t\t\t\t<div class=\"elementor-element elementor-element-48acdab elementor-widget elementor-widget-text-editor\" data-id=\"48acdab\" data-element_type=\"widget\" data-widget_type=\"text-editor.default\">\n\t\t\t\t\t\t\t\t\t<h3><strong>Interior Architects &amp; Decorators<\/strong><\/h3><p>Our fair offers the opportunity to discover the latest furniture trends for interior designers and decorators who want to add aesthetics and functionality to their spaces. Participants can examine the furniture that will add value to their projects with original designs and innovative solutions, and see the latest material and style options in the sector.<\/p>\t\t\t\t\t\t\t\t<\/div>\n\t\t\t\t<div class=\"elementor-element elementor-element-3235ed4 elementor-widget elementor-widget-text-editor\" data-id=\"3235ed4\" data-element_type=\"widget\" data-widget_type=\"text-editor.default\">\n\t\t\t\t\t\t\t\t\t<h3><strong>E-Commerce and Online Sellers<\/strong><\/h3><p>For e-commerce and online sellers who want to increase their competitiveness in the digital market, our fair offers a wide range of products and innovative designs under one roof. Exhibitors can strengthen their stocks by establishing direct connections with reliable suppliers and have the opportunity to quickly deliver trendy furniture to their customers.<\/p>\t\t\t\t\t\t\t\t<\/div>\n\t\t\t\t<div class=\"elementor-element elementor-element-957e57b elementor-widget elementor-widget-text-editor\" data-id=\"957e57b\" data-element_type=\"widget\" data-widget_type=\"text-editor.default\">\n\t\t\t\t\t\t\t\t\t<h3><strong data-start=\"17\" data-end=\"50\">Furniture Accessories Representatives<\/strong><\/h3><p>Our fair provides a strong business platform for accessory representatives offering complementary products in the furniture industry. Exhibitors can promote their products by communicating directly with furniture manufacturers and retailers, develop new business partnerships and have the opportunity to reach a wider audience in the market.<\/p>\t\t\t\t\t\t\t\t<\/div>\n\t\t\t\t<div class=\"elementor-element elementor-element-dfccc14 elementor-widget elementor-widget-text-editor\" data-id=\"dfccc14\" data-element_type=\"widget\" data-widget_type=\"text-editor.default\">\n\t\t\t\t\t\t\t\t\t<h3><strong data-start=\"14\" data-end=\"58\">Public Institutions and Public Procurement Authorities<\/strong><\/h3><p>Authorities that make bulk furniture purchases for schools, hospitals, municipalities and other public institutions come together with reliable manufacturers at our fair. Thanks to the wide range of products, they can examine durable and functional furniture solutions suitable for their needs at a single point and find the opportunity to evaluate budget-friendly and quality alternatives.<\/p>\t\t\t\t\t\t\t\t<\/div>\n\t\t\t\t\t<\/div>\n\t\t\t\t<\/div>\n\t\t<div class=\"elementor-element elementor-element-a00b625 e-flex e-con-boxed e-con e-parent\" data-id=\"a00b625\" data-element_type=\"container\">\n\t\t\t\t\t<div class=\"e-con-inner\">\n\t\t<div class=\"elementor-element elementor-element-59222ce e-con-full e-flex e-con e-child\" data-id=\"59222ce\" data-element_type=\"container\">\n\t\t\t\t<div class=\"elementor-element elementor-element-3317402 elementor-widget elementor-widget-text-editor\" data-id=\"3317402\" data-element_type=\"widget\" data-widget_type=\"text-editor.default\">\n\t\t\t\t\t\t\t\t\t<h2>Fair Information<\/h2><p><strong>Name of the Fair:<\/strong> ANAMOB Anadolu Furniture Fair<\/p><p><strong>Place of the Fair:<\/strong> Kayseri OSB International Fair Centre \/Organised Industrial Zone, 37. Sk. No: 19, 38070 Kayseri OSB\/Melikgazi\/Kayseri<\/p><p><strong>Date of the Fair<\/strong> Wednesday 07 October 2026 - Sunday 11 October 2026<br \/><strong>Fairground Opening\u2013Closing Hours:<\/strong><\/p><p>7-8-9-10 October 2026 | 10:00 - 18:00<\/p><p>11 October 2026 | 10:00 - 17:00<\/p><p><strong>Organizer:<\/strong> Nobel Expo Fuarc\u0131l\u0131k A.S. - <a href=\"https:\/\/nobelexpo.com\">www.nobelexpo.com<\/a><\/p><p><b>Product Groups: <\/b>Living Room and Living Room, Baby, Dining, Children and Youth, Bedroom Furniture Wall and TV Units; Table, Chair and Coffee Table; Office, Garden, Kitchen, Bathroom and Lighting Furniture; Classic Furniture Frames; Home Textiles, Upholstery Fabrics; Decorative Furniture and Accessories; Decoration Materials.<\/p><p><strong>Visitors:<\/strong> Wholesalers, Distributors, Retailers, Interior Architects, Decorators, Hotel and Venue Managers, E-Commerce Platforms, Public Institution Representatives<\/p>\t\t\t\t\t\t\t\t<\/div>\n\t\t\t\t<\/div>\n\t\t<div class=\"elementor-element elementor-element-1369af1 e-con-full e-flex e-con e-child\" data-id=\"1369af1\" data-element_type=\"container\">\n\t\t\t\t<div class=\"elementor-element elementor-element-ca257fe elementor-widget elementor-widget-image\" data-id=\"ca257fe\" data-element_type=\"widget\" data-widget_type=\"image.default\">\n\t\t\t\t\t\t\t\t\t\t\t\t\t\t\t<img fetchpriority=\"high\" decoding=\"async\" width=\"525\" height=\"591\" src=\"https:\/\/nobelanamob.com\/wp-content\/uploads\/2025\/07\/ziyaretci-1.jpg\" class=\"attachment-large size-large wp-image-342\" alt=\"\" srcset=\"https:\/\/nobelanamob.com\/wp-content\/uploads\/2025\/07\/ziyaretci-1.jpg 640w, https:\/\/nobelanamob.com\/wp-content\/uploads\/2025\/07\/ziyaretci-1-600x675.jpg 600w, https:\/\/nobelanamob.com\/wp-content\/uploads\/2025\/07\/ziyaretci-1-267x300.jpg 267w\" sizes=\"(max-width: 525px) 100vw, 525px\" \/>\t\t\t\t\t\t\t\t\t\t\t\t\t\t\t<\/div>\n\t\t\t\t<\/div>\n\t\t\t\t\t<\/div>\n\t\t\t\t<\/div>\n\t\t<div class=\"elementor-element elementor-element-5db443b e-flex e-con-boxed e-con e-parent\" data-id=\"5db443b\" data-element_type=\"container\">\n\t\t\t\t\t<div class=\"e-con-inner\">\n\t\t\t\t<div class=\"elementor-element elementor-element-322df58 elementor-align-center elementor-widget elementor-widget-button\" data-id=\"322df58\" data-element_type=\"widget\" data-widget_type=\"button.default\">\n\t\t\t\t\t\t\t\t\t\t<a class=\"elementor-button elementor-button-link elementor-size-sm\" href=\"https:\/\/nobelanamob.com\/en\/ziyaretci-olun\/\">\n\t\t\t\t\t\t<span class=\"elementor-button-content-wrapper\">\n\t\t\t\t\t\t\t\t\t<span class=\"elementor-button-text\">BE A VISITOR<\/span>\n\t\t\t\t\t<\/span>\n\t\t\t\t\t<\/a>\n\t\t\t\t\t\t\t\t<\/div>\n\t\t\t\t\t<\/div>\n\t\t\t\t<\/div>\n\t\t\t\t<\/div>","protected":false},"excerpt":{"rendered":"<p>Why should you be a visitor?   Our furniture fair offers a unique platform that brings together the industry's most innovative and current trends. Whether you are an interior designer, a retail store owner or an individual design enthusiast, our fair offers inspiring experiences for every visitor. See new collections first-hand, have direct dialogue with different manufacturers and [...]<\/p>","protected":false},"author":1,"featured_media":0,"parent":0,"menu_order":0,"comment_status":"closed","ping_status":"closed","template":"","meta":{"footnotes":""},"class_list":["post-5012","page","type-page","status-publish","hentry"],"yoast_head":"<!-- This site is optimized with the Yoast SEO plugin v26.0 - https:\/\/yoast.com\/wordpress\/plugins\/seo\/ -->\n<title>Z\u0130YARET\u00c7\u0130 - NOBEL ANAMOB - Anadolu Mobilya Fuar\u0131<\/title>\n<meta name=\"robots\" content=\"index, follow, max-snippet:-1, max-image-preview:large, max-video-preview:-1\" \/>\n<link rel=\"canonical\" href=\"https:\/\/nobelanamob.com\/en\/ziyaretci\/\" \/>\n<meta property=\"og:locale\" content=\"en_GB\" \/>\n<meta property=\"og:type\" content=\"article\" \/>\n<meta property=\"og:title\" content=\"Z\u0130YARET\u00c7\u0130 - NOBEL ANAMOB - Anadolu Mobilya Fuar\u0131\" \/>\n<meta property=\"og:description\" content=\"Neden Ziyaret\u00e7i Olmal\u0131s\u0131n\u0131z? \u00a0 Mobilya fuar\u0131m\u0131z, sekt\u00f6r\u00fcn en yenilik\u00e7i ve g\u00fcncel trendlerini bir araya getiren e\u015fsiz bir platform sunuyor. \u0130ster i\u00e7 mimar olun, ister perakende sat\u0131\u015f yapan bir ma\u011faza sahibi, isterse bireysel bir tasar\u0131m tutkunu, fuar\u0131m\u0131z her ziyaret\u00e7iye ilham verici deneyimler sunuyor. Yeni koleksiyonlar\u0131 ilk elden g\u00f6rme, farkl\u0131 \u00fcreticilerle do\u011frudan ileti\u015fim kurma ve sekt\u00f6r\u00fcn \u00f6nc\u00fc [&hellip;]\" \/>\n<meta property=\"og:url\" content=\"https:\/\/nobelanamob.com\/en\/ziyaretci\/\" \/>\n<meta property=\"og:site_name\" content=\"NOBEL ANAMOB - Anadolu Mobilya Fuar\u0131\" \/>\n<meta property=\"article:modified_time\" content=\"2026-01-05T09:47:54+00:00\" \/>\n<meta property=\"og:image\" content=\"https:\/\/nobelanamob.com\/wp-content\/uploads\/2025\/07\/ziyaretci-1.jpg\" \/>\n\t<meta property=\"og:image:width\" content=\"640\" \/>\n\t<meta property=\"og:image:height\" content=\"720\" \/>\n\t<meta property=\"og:image:type\" content=\"image\/jpeg\" \/>\n<meta name=\"twitter:card\" content=\"summary_large_image\" \/>\n<meta name=\"twitter:label1\" content=\"Estimated reading time\" \/>\n\t<meta name=\"twitter:data1\" content=\"4 minutes\" \/>\n<script type=\"application\/ld+json\" class=\"yoast-schema-graph\">{\"@context\":\"https:\/\/schema.org\",\"@graph\":[{\"@type\":\"WebPage\",\"@id\":\"https:\/\/nobelanamob.com\/ziyaretci\/\",\"url\":\"https:\/\/nobelanamob.com\/ziyaretci\/\",\"name\":\"Z\u0130YARET\u00c7\u0130 - NOBEL ANAMOB - Anadolu Mobilya Fuar\u0131\",\"isPartOf\":{\"@id\":\"https:\/\/nobelanamob.com\/#website\"},\"primaryImageOfPage\":{\"@id\":\"https:\/\/nobelanamob.com\/ziyaretci\/#primaryimage\"},\"image\":{\"@id\":\"https:\/\/nobelanamob.com\/ziyaretci\/#primaryimage\"},\"thumbnailUrl\":\"https:\/\/nobelanamob.com\/wp-content\/uploads\/2025\/07\/ziyaretci-1.jpg\",\"datePublished\":\"2025-10-02T11:22:48+00:00\",\"dateModified\":\"2026-01-05T09:47:54+00:00\",\"breadcrumb\":{\"@id\":\"https:\/\/nobelanamob.com\/ziyaretci\/#breadcrumb\"},\"inLanguage\":\"en-GB\",\"potentialAction\":[{\"@type\":\"ReadAction\",\"target\":[\"https:\/\/nobelanamob.com\/ziyaretci\/\"]}]},{\"@type\":\"ImageObject\",\"inLanguage\":\"en-GB\",\"@id\":\"https:\/\/nobelanamob.com\/ziyaretci\/#primaryimage\",\"url\":\"https:\/\/nobelanamob.com\/wp-content\/uploads\/2025\/07\/ziyaretci-1.jpg\",\"contentUrl\":\"https:\/\/nobelanamob.com\/wp-content\/uploads\/2025\/07\/ziyaretci-1.jpg\"},{\"@type\":\"BreadcrumbList\",\"@id\":\"https:\/\/nobelanamob.com\/ziyaretci\/#breadcrumb\",\"itemListElement\":[{\"@type\":\"ListItem\",\"position\":1,\"name\":\"Anasayfa\",\"item\":\"https:\/\/nobelanamob.com\/\"},{\"@type\":\"ListItem\",\"position\":2,\"name\":\"Z\u0130YARET\u00c7\u0130\"}]},{\"@type\":\"WebSite\",\"@id\":\"https:\/\/nobelanamob.com\/#website\",\"url\":\"https:\/\/nobelanamob.com\/\",\"name\":\"NOBEL ANAMOB - Anadolu Mobilya Fuar\u0131\",\"description\":\"Nobel Expo\",\"publisher\":{\"@id\":\"https:\/\/nobelanamob.com\/#organization\"},\"potentialAction\":[{\"@type\":\"SearchAction\",\"target\":{\"@type\":\"EntryPoint\",\"urlTemplate\":\"https:\/\/nobelanamob.com\/?s={search_term_string}\"},\"query-input\":{\"@type\":\"PropertyValueSpecification\",\"valueRequired\":true,\"valueName\":\"search_term_string\"}}],\"inLanguage\":\"en-GB\"},{\"@type\":\"Organization\",\"@id\":\"https:\/\/nobelanamob.com\/#organization\",\"name\":\"NOBEL ANAMOB - Anadolu Mobilya Fuar\u0131\",\"url\":\"https:\/\/nobelanamob.com\/\",\"logo\":{\"@type\":\"ImageObject\",\"inLanguage\":\"en-GB\",\"@id\":\"https:\/\/nobelanamob.com\/#\/schema\/logo\/image\/\",\"url\":\"https:\/\/nobelanamob.com\/wp-content\/uploads\/2025\/08\/ANAMOB-2025_logo.png\",\"contentUrl\":\"https:\/\/nobelanamob.com\/wp-content\/uploads\/2025\/08\/ANAMOB-2025_logo.png\",\"width\":1010,\"height\":326,\"caption\":\"NOBEL ANAMOB - Anadolu Mobilya Fuar\u0131\"},\"image\":{\"@id\":\"https:\/\/nobelanamob.com\/#\/schema\/logo\/image\/\"}}]}<\/script>\n<!-- \/ Yoast SEO plugin. -->","yoast_head_json":{"title":"VISITOR - NOBEL ANAMOB - Anatolian Furniture Fair","robots":{"index":"index","follow":"follow","max-snippet":"max-snippet:-1","max-image-preview":"max-image-preview:large","max-video-preview":"max-video-preview:-1"},"canonical":"https:\/\/nobelanamob.com\/en\/ziyaretci\/","og_locale":"en_GB","og_type":"article","og_title":"Z\u0130YARET\u00c7\u0130 - NOBEL ANAMOB - Anadolu Mobilya Fuar\u0131","og_description":"Neden Ziyaret\u00e7i Olmal\u0131s\u0131n\u0131z? \u00a0 Mobilya fuar\u0131m\u0131z, sekt\u00f6r\u00fcn en yenilik\u00e7i ve g\u00fcncel trendlerini bir araya getiren e\u015fsiz bir platform sunuyor. \u0130ster i\u00e7 mimar olun, ister perakende sat\u0131\u015f yapan bir ma\u011faza sahibi, isterse bireysel bir tasar\u0131m tutkunu, fuar\u0131m\u0131z her ziyaret\u00e7iye ilham verici deneyimler sunuyor. Yeni koleksiyonlar\u0131 ilk elden g\u00f6rme, farkl\u0131 \u00fcreticilerle do\u011frudan ileti\u015fim kurma ve sekt\u00f6r\u00fcn \u00f6nc\u00fc [&hellip;]","og_url":"https:\/\/nobelanamob.com\/en\/ziyaretci\/","og_site_name":"NOBEL ANAMOB - Anadolu Mobilya Fuar\u0131","article_modified_time":"2026-01-05T09:47:54+00:00","og_image":[{"width":640,"height":720,"url":"https:\/\/nobelanamob.com\/wp-content\/uploads\/2025\/07\/ziyaretci-1.jpg","type":"image\/jpeg"}],"twitter_card":"summary_large_image","twitter_misc":{"Estimated reading time":"4 minutes"},"schema":{"@context":"https:\/\/schema.org","@graph":[{"@type":"WebPage","@id":"https:\/\/nobelanamob.com\/ziyaretci\/","url":"https:\/\/nobelanamob.com\/ziyaretci\/","name":"VISITOR - NOBEL ANAMOB - Anatolian Furniture Fair","isPartOf":{"@id":"https:\/\/nobelanamob.com\/#website"},"primaryImageOfPage":{"@id":"https:\/\/nobelanamob.com\/ziyaretci\/#primaryimage"},"image":{"@id":"https:\/\/nobelanamob.com\/ziyaretci\/#primaryimage"},"thumbnailUrl":"https:\/\/nobelanamob.com\/wp-content\/uploads\/2025\/07\/ziyaretci-1.jpg","datePublished":"2025-10-02T11:22:48+00:00","dateModified":"2026-01-05T09:47:54+00:00","breadcrumb":{"@id":"https:\/\/nobelanamob.com\/ziyaretci\/#breadcrumb"},"inLanguage":"en-GB","potentialAction":[{"@type":"ReadAction","target":["https:\/\/nobelanamob.com\/ziyaretci\/"]}]},{"@type":"ImageObject","inLanguage":"en-GB","@id":"https:\/\/nobelanamob.com\/ziyaretci\/#primaryimage","url":"https:\/\/nobelanamob.com\/wp-content\/uploads\/2025\/07\/ziyaretci-1.jpg","contentUrl":"https:\/\/nobelanamob.com\/wp-content\/uploads\/2025\/07\/ziyaretci-1.jpg"},{"@type":"BreadcrumbList","@id":"https:\/\/nobelanamob.com\/ziyaretci\/#breadcrumb","itemListElement":[{"@type":"ListItem","position":1,"name":"Anasayfa","item":"https:\/\/nobelanamob.com\/"},{"@type":"ListItem","position":2,"name":"Z\u0130YARET\u00c7\u0130"}]},{"@type":"WebSite","@id":"https:\/\/nobelanamob.com\/#website","url":"https:\/\/nobelanamob.com\/","name":"NOBEL ANAMOB - Anatolian Furniture Fair","description":"Nobel Expo","publisher":{"@id":"https:\/\/nobelanamob.com\/#organization"},"potentialAction":[{"@type":"SearchAction","target":{"@type":"EntryPoint","urlTemplate":"https:\/\/nobelanamob.com\/?s={search_term_string}"},"query-input":{"@type":"PropertyValueSpecification","valueRequired":true,"valueName":"search_term_string"}}],"inLanguage":"en-GB"},{"@type":"Organization","@id":"https:\/\/nobelanamob.com\/#organization","name":"NOBEL ANAMOB - Anatolian Furniture Fair","url":"https:\/\/nobelanamob.com\/","logo":{"@type":"ImageObject","inLanguage":"en-GB","@id":"https:\/\/nobelanamob.com\/#\/schema\/logo\/image\/","url":"https:\/\/nobelanamob.com\/wp-content\/uploads\/2025\/08\/ANAMOB-2025_logo.png","contentUrl":"https:\/\/nobelanamob.com\/wp-content\/uploads\/2025\/08\/ANAMOB-2025_logo.png","width":1010,"height":326,"caption":"NOBEL ANAMOB - Anadolu Mobilya Fuar\u0131"},"image":{"@id":"https:\/\/nobelanamob.com\/#\/schema\/logo\/image\/"}}]}},"_links":{"self":[{"href":"https:\/\/nobelanamob.com\/en\/wp-json\/wp\/v2\/pages\/5012","targetHints":{"allow":["GET"]}}],"collection":[{"href":"https:\/\/nobelanamob.com\/en\/wp-json\/wp\/v2\/pages"}],"about":[{"href":"https:\/\/nobelanamob.com\/en\/wp-json\/wp\/v2\/types\/page"}],"author":[{"embeddable":true,"href":"https:\/\/nobelanamob.com\/en\/wp-json\/wp\/v2\/users\/1"}],"replies":[{"embeddable":true,"href":"https:\/\/nobelanamob.com\/en\/wp-json\/wp\/v2\/comments?post=5012"}],"version-history":[{"count":0,"href":"https:\/\/nobelanamob.com\/en\/wp-json\/wp\/v2\/pages\/5012\/revisions"}],"wp:attachment":[{"href":"https:\/\/nobelanamob.com\/en\/wp-json\/wp\/v2\/media?parent=5012"}],"curies":[{"name":"wp","href":"https:\/\/api.w.org\/{rel}","templated":true}]}}