{"id":234,"date":"2025-07-11T13:03:19","date_gmt":"2025-07-11T13:03:19","guid":{"rendered":"https:\/\/anamob.websitesunum.com.tr\/?page_id=234"},"modified":"2025-11-29T11:45:07","modified_gmt":"2025-11-29T11:45:07","slug":"ziyaretci-olun","status":"publish","type":"page","link":"https:\/\/nobelanamob.com\/ru\/ziyaretci-olun\/","title":{"rendered":"\u0411\u0423\u0414\u042c\u0422\u0415 \u041f\u041e\u0421\u0415\u0422\u0418\u0422\u0415\u041b\u0415\u041c"},"content":{"rendered":"<div data-elementor-type=\"wp-page\" data-elementor-id=\"234\" class=\"elementor elementor-234\">\n\t\t\t\t<div class=\"elementor-element elementor-element-acd7a17 e-flex e-con-boxed e-con e-parent\" data-id=\"acd7a17\" data-element_type=\"container\">\n\t\t\t\t\t<div class=\"e-con-inner\">\n\t\t\t\t<div class=\"elementor-element elementor-element-280fef7 elementor-widget elementor-widget-html\" data-id=\"280fef7\" data-element_type=\"widget\" data-widget_type=\"html.default\">\n\t\t\t\t\t<div style=\"height: 2000px; overflow: hidden;\"><iframe src=\"https:\/\/nobelexpo.com\/anamob-2026\/\" width=\"100%\" height=\"2000\" frameborder=\"0\" scrolling=\"auto\"><\/iframe><\/div>\t\t\t\t<\/div>\n\t\t\t\t\t<\/div>\n\t\t\t\t<\/div>\n\t\t<div class=\"elementor-element elementor-element-db43ce8 e-flex e-con-boxed e-con e-parent\" data-id=\"db43ce8\" data-element_type=\"container\">\n\t\t\t\t\t<div class=\"e-con-inner\">\n\t\t\t\t<div class=\"elementor-element elementor-element-111352c elementor-widget elementor-widget-html\" data-id=\"111352c\" data-element_type=\"widget\" data-widget_type=\"html.default\">\n\t\t\t\t\t<style>html:lang(ar) .bilet-al-btn {\r\n    position: fixed;\r\n    right: -100px;<\/style>\t\t\t\t<\/div>\n\t\t\t\t\t<\/div>\n\t\t\t\t<\/div>\n\t\t\t\t<\/div>","protected":false},"excerpt":{"rendered":"","protected":false},"author":1,"featured_media":0,"parent":0,"menu_order":0,"comment_status":"closed","ping_status":"closed","template":"","meta":{"footnotes":""},"class_list":["post-234","page","type-page","status-publish","hentry"],"yoast_head":"<!-- This site is optimized with the Yoast SEO plugin v26.0 - https:\/\/yoast.com\/wordpress\/plugins\/seo\/ -->\n<title>Z\u0130YARET\u00c7\u0130 OLUN - NOBEL ANAMOB - Anadolu Mobilya Fuar\u0131<\/title>\n<meta name=\"robots\" content=\"index, follow, max-snippet:-1, max-image-preview:large, max-video-preview:-1\" \/>\n<link rel=\"canonical\" href=\"https:\/\/nobelanamob.com\/ru\/ziyaretci-olun\/\" \/>\n<meta property=\"og:locale\" content=\"ru_RU\" \/>\n<meta property=\"og:type\" content=\"article\" \/>\n<meta property=\"og:title\" content=\"Z\u0130YARET\u00c7\u0130 OLUN - NOBEL ANAMOB - Anadolu Mobilya Fuar\u0131\" \/>\n<meta property=\"og:url\" content=\"https:\/\/nobelanamob.com\/ru\/ziyaretci-olun\/\" \/>\n<meta property=\"og:site_name\" content=\"NOBEL ANAMOB - Anadolu Mobilya Fuar\u0131\" \/>\n<meta property=\"article:modified_time\" content=\"2025-11-29T11:45:07+00:00\" \/>\n<meta name=\"twitter:card\" content=\"summary_large_image\" \/>\n<meta name=\"twitter:label1\" content=\"\u041f\u0440\u0438\u043c\u0435\u0440\u043d\u043e\u0435 \u0432\u0440\u0435\u043c\u044f \u0434\u043b\u044f \u0447\u0442\u0435\u043d\u0438\u044f\" \/>\n\t<meta name=\"twitter:data1\" content=\"1 \u043c\u0438\u043d\u0443\u0442\u0430\" \/>\n<script type=\"application\/ld+json\" class=\"yoast-schema-graph\">{\"@context\":\"https:\/\/schema.org\",\"@graph\":[{\"@type\":\"WebPage\",\"@id\":\"https:\/\/nobelanamob.com\/ziyaretci-olun\/\",\"url\":\"https:\/\/nobelanamob.com\/ziyaretci-olun\/\",\"name\":\"Z\u0130YARET\u00c7\u0130 OLUN - NOBEL ANAMOB - Anadolu Mobilya Fuar\u0131\",\"isPartOf\":{\"@id\":\"https:\/\/nobelanamob.com\/#website\"},\"datePublished\":\"2025-07-11T13:03:19+00:00\",\"dateModified\":\"2025-11-29T11:45:07+00:00\",\"breadcrumb\":{\"@id\":\"https:\/\/nobelanamob.com\/ziyaretci-olun\/#breadcrumb\"},\"inLanguage\":\"ru-RU\",\"potentialAction\":[{\"@type\":\"ReadAction\",\"target\":[\"https:\/\/nobelanamob.com\/ziyaretci-olun\/\"]}]},{\"@type\":\"BreadcrumbList\",\"@id\":\"https:\/\/nobelanamob.com\/ziyaretci-olun\/#breadcrumb\",\"itemListElement\":[{\"@type\":\"ListItem\",\"position\":1,\"name\":\"Anasayfa\",\"item\":\"https:\/\/nobelanamob.com\/\"},{\"@type\":\"ListItem\",\"position\":2,\"name\":\"Z\u0130YARET\u00c7\u0130 OLUN\"}]},{\"@type\":\"WebSite\",\"@id\":\"https:\/\/nobelanamob.com\/#website\",\"url\":\"https:\/\/nobelanamob.com\/\",\"name\":\"NOBEL ANAMOB - Anadolu Mobilya Fuar\u0131\",\"description\":\"Nobel Expo\",\"publisher\":{\"@id\":\"https:\/\/nobelanamob.com\/#organization\"},\"potentialAction\":[{\"@type\":\"SearchAction\",\"target\":{\"@type\":\"EntryPoint\",\"urlTemplate\":\"https:\/\/nobelanamob.com\/?s={search_term_string}\"},\"query-input\":{\"@type\":\"PropertyValueSpecification\",\"valueRequired\":true,\"valueName\":\"search_term_string\"}}],\"inLanguage\":\"ru-RU\"},{\"@type\":\"Organization\",\"@id\":\"https:\/\/nobelanamob.com\/#organization\",\"name\":\"NOBEL ANAMOB - Anadolu Mobilya Fuar\u0131\",\"url\":\"https:\/\/nobelanamob.com\/\",\"logo\":{\"@type\":\"ImageObject\",\"inLanguage\":\"ru-RU\",\"@id\":\"https:\/\/nobelanamob.com\/#\/schema\/logo\/image\/\",\"url\":\"https:\/\/nobelanamob.com\/wp-content\/uploads\/2025\/08\/ANAMOB-2025_logo.png\",\"contentUrl\":\"https:\/\/nobelanamob.com\/wp-content\/uploads\/2025\/08\/ANAMOB-2025_logo.png\",\"width\":1010,\"height\":326,\"caption\":\"NOBEL ANAMOB - Anadolu Mobilya Fuar\u0131\"},\"image\":{\"@id\":\"https:\/\/nobelanamob.com\/#\/schema\/logo\/image\/\"}}]}<\/script>\n<!-- \/ Yoast SEO plugin. -->","yoast_head_json":{"title":"Z\u0130YARET\u00c7\u0130 OLUN - NOBEL ANAMOB - Anadolu Mobilya Fuar\u0131","robots":{"index":"index","follow":"follow","max-snippet":"max-snippet:-1","max-image-preview":"max-image-preview:large","max-video-preview":"max-video-preview:-1"},"canonical":"https:\/\/nobelanamob.com\/ru\/ziyaretci-olun\/","og_locale":"ru_RU","og_type":"article","og_title":"Z\u0130YARET\u00c7\u0130 OLUN - NOBEL ANAMOB - Anadolu Mobilya Fuar\u0131","og_url":"https:\/\/nobelanamob.com\/ru\/ziyaretci-olun\/","og_site_name":"NOBEL ANAMOB - Anadolu Mobilya Fuar\u0131","article_modified_time":"2025-11-29T11:45:07+00:00","twitter_card":"summary_large_image","twitter_misc":{"\u041f\u0440\u0438\u043c\u0435\u0440\u043d\u043e\u0435 \u0432\u0440\u0435\u043c\u044f \u0434\u043b\u044f \u0447\u0442\u0435\u043d\u0438\u044f":"1 \u043c\u0438\u043d\u0443\u0442\u0430"},"schema":{"@context":"https:\/\/schema.org","@graph":[{"@type":"WebPage","@id":"https:\/\/nobelanamob.com\/ziyaretci-olun\/","url":"https:\/\/nobelanamob.com\/ziyaretci-olun\/","name":"Z\u0130YARET\u00c7\u0130 OLUN - NOBEL ANAMOB - Anadolu Mobilya Fuar\u0131","isPartOf":{"@id":"https:\/\/nobelanamob.com\/#website"},"datePublished":"2025-07-11T13:03:19+00:00","dateModified":"2025-11-29T11:45:07+00:00","breadcrumb":{"@id":"https:\/\/nobelanamob.com\/ziyaretci-olun\/#breadcrumb"},"inLanguage":"ru-RU","potentialAction":[{"@type":"ReadAction","target":["https:\/\/nobelanamob.com\/ziyaretci-olun\/"]}]},{"@type":"BreadcrumbList","@id":"https:\/\/nobelanamob.com\/ziyaretci-olun\/#breadcrumb","itemListElement":[{"@type":"ListItem","position":1,"name":"Anasayfa","item":"https:\/\/nobelanamob.com\/"},{"@type":"ListItem","position":2,"name":"Z\u0130YARET\u00c7\u0130 OLUN"}]},{"@type":"WebSite","@id":"https:\/\/nobelanamob.com\/#website","url":"https:\/\/nobelanamob.com\/","name":"NOBEL ANAMOB - \u0410\u043d\u0430\u0442\u043e\u043b\u0438\u0439\u0441\u043a\u0430\u044f \u043c\u0435\u0431\u0435\u043b\u044c\u043d\u0430\u044f \u044f\u0440\u043c\u0430\u0440\u043a\u0430","description":"\u041d\u043e\u0431\u0435\u043b\u0435\u0432\u0441\u043a\u0430\u044f \u0432\u044b\u0441\u0442\u0430\u0432\u043a\u0430","publisher":{"@id":"https:\/\/nobelanamob.com\/#organization"},"potentialAction":[{"@type":"SearchAction","target":{"@type":"EntryPoint","urlTemplate":"https:\/\/nobelanamob.com\/?s={search_term_string}"},"query-input":{"@type":"PropertyValueSpecification","valueRequired":true,"valueName":"search_term_string"}}],"inLanguage":"ru-RU"},{"@type":"Organization","@id":"https:\/\/nobelanamob.com\/#organization","name":"NOBEL ANAMOB - \u0410\u043d\u0430\u0442\u043e\u043b\u0438\u0439\u0441\u043a\u0430\u044f \u043c\u0435\u0431\u0435\u043b\u044c\u043d\u0430\u044f \u044f\u0440\u043c\u0430\u0440\u043a\u0430","url":"https:\/\/nobelanamob.com\/","logo":{"@type":"ImageObject","inLanguage":"ru-RU","@id":"https:\/\/nobelanamob.com\/#\/schema\/logo\/image\/","url":"https:\/\/nobelanamob.com\/wp-content\/uploads\/2025\/08\/ANAMOB-2025_logo.png","contentUrl":"https:\/\/nobelanamob.com\/wp-content\/uploads\/2025\/08\/ANAMOB-2025_logo.png","width":1010,"height":326,"caption":"NOBEL ANAMOB - Anadolu Mobilya Fuar\u0131"},"image":{"@id":"https:\/\/nobelanamob.com\/#\/schema\/logo\/image\/"}}]}},"_links":{"self":[{"href":"https:\/\/nobelanamob.com\/ru\/wp-json\/wp\/v2\/pages\/234","targetHints":{"allow":["GET"]}}],"collection":[{"href":"https:\/\/nobelanamob.com\/ru\/wp-json\/wp\/v2\/pages"}],"about":[{"href":"https:\/\/nobelanamob.com\/ru\/wp-json\/wp\/v2\/types\/page"}],"author":[{"embeddable":true,"href":"https:\/\/nobelanamob.com\/ru\/wp-json\/wp\/v2\/users\/1"}],"replies":[{"embeddable":true,"href":"https:\/\/nobelanamob.com\/ru\/wp-json\/wp\/v2\/comments?post=234"}],"version-history":[{"count":0,"href":"https:\/\/nobelanamob.com\/ru\/wp-json\/wp\/v2\/pages\/234\/revisions"}],"wp:attachment":[{"href":"https:\/\/nobelanamob.com\/ru\/wp-json\/wp\/v2\/media?parent=234"}],"curies":[{"name":"wp","href":"https:\/\/api.w.org\/{rel}","templated":true}]}}