{"id":4068,"date":"2024-01-31T12:06:30","date_gmt":"2024-01-31T12:06:30","guid":{"rendered":"https:\/\/wp2.yogsthemes.com\/thewp\/oment\/?page_id=642"},"modified":"2025-08-28T11:12:55","modified_gmt":"2025-08-28T11:12:55","slug":"hakkimizda","status":"publish","type":"page","link":"https:\/\/nobelanamob.com\/ru\/hakkimizda\/","title":{"rendered":"\u041e \u0421\u0428\u0410"},"content":{"rendered":"<div data-elementor-type=\"wp-page\" data-elementor-id=\"4068\" class=\"elementor elementor-4068\">\n\t\t\t\t<div class=\"elementor-element elementor-element-1f30e3d e-flex e-con-boxed e-con e-parent\" data-id=\"1f30e3d\" data-element_type=\"container\">\n\t\t\t\t\t<div class=\"e-con-inner\">\n\t\t\t\t<div class=\"elementor-element elementor-element-bf2ed6b elementor-widget elementor-widget-text-editor\" data-id=\"bf2ed6b\" data-element_type=\"widget\" data-widget_type=\"text-editor.default\">\n\t\t\t\t\t\t\t\t\t<h2 class=\"fuar-hakkinda-title\"><span style=\"color: #e20613;\">\u041a\u0420\u0423\u041f\u041d\u0415\u0419\u0428\u0410\u042f \u0412 \u0410\u041d\u0410\u0422\u041e\u041b\u0418\u0418 \u041c\u0415\u0411\u0415\u041b\u042c\u041d\u0410\u042f \u0412\u042b\u0421\u0422\u0410\u0412\u041a\u0410<\/span><\/h2><p class=\"fuar-hakkinda-metin\">\u0410\u043d\u0430\u0442\u043e\u043b\u0438\u0439\u0441\u043a\u0430\u044f \u043c\u0435\u0431\u0435\u043b\u044c\u043d\u0430\u044f \u044f\u0440\u043c\u0430\u0440\u043a\u0430 ANAMOB, \u043e\u0440\u0433\u0430\u043d\u0438\u0437\u043e\u0432\u0430\u043d\u043d\u0430\u044f \u043a\u043e\u043c\u043f\u0430\u043d\u0438\u0435\u0439 Nobel Expo, \u043f\u0440\u043e\u0445\u043e\u0434\u0438\u0442 \u0432 \u041a\u0430\u0439\u0441\u0435\u0440\u0438, \u0441\u0435\u0440\u0434\u0446\u0435 \u043c\u0435\u0431\u0435\u043b\u044c\u043d\u043e\u0439 \u043f\u0440\u043e\u043c\u044b\u0448\u043b\u0435\u043d\u043d\u043e\u0441\u0442\u0438. \u041a\u0430\u0439\u0441\u0435\u0440\u0438, \u043e\u0434\u0438\u043d \u0438\u0437 \u043a\u0440\u0443\u043f\u043d\u0435\u0439\u0448\u0438\u0445 \u043f\u0440\u043e\u0438\u0437\u0432\u043e\u0434\u0441\u0442\u0432\u0435\u043d\u043d\u044b\u0445 \u0446\u0435\u043d\u0442\u0440\u043e\u0432 \u0422\u0443\u0440\u0446\u0438\u0438, \u044f\u0432\u043b\u044f\u0435\u0442\u0441\u044f \u0441\u0438\u043b\u044c\u043d\u044b\u043c \u0438\u0433\u0440\u043e\u043a\u043e\u043c \u043d\u0435 \u0442\u043e\u043b\u044c\u043a\u043e \u043d\u0430 \u0432\u043d\u0443\u0442\u0440\u0435\u043d\u043d\u0435\u043c, \u043d\u043e \u0438 \u043d\u0430 \u043c\u0438\u0440\u043e\u0432\u043e\u043c \u043c\u0435\u0431\u0435\u043b\u044c\u043d\u043e\u043c \u0440\u044b\u043d\u043a\u0435 \u0441 \u0441\u043e\u0442\u043d\u044f\u043c\u0438 \u043f\u0440\u043e\u0438\u0437\u0432\u043e\u0434\u0441\u0442\u0432\u0435\u043d\u043d\u044b\u0445 \u043a\u043e\u043c\u043f\u0430\u043d\u0438\u0439. ANAMOB \u043e\u0431\u044a\u0435\u0434\u0438\u043d\u044f\u0435\u0442 \u044d\u0442\u0443 \u043c\u043e\u0449\u044c \u0441 \u043c\u0435\u0436\u0434\u0443\u043d\u0430\u0440\u043e\u0434\u043d\u043e\u0439 \u0442\u043e\u0440\u0433\u043e\u0432\u043b\u0435\u0439 \u0438 \u043f\u0440\u0435\u0434\u043b\u0430\u0433\u0430\u0435\u0442 \u043d\u043e\u0432\u044b\u0435 \u0441\u043e\u0442\u0440\u0443\u0434\u043d\u0438\u0447\u0435\u0441\u0442\u0432\u0430, \u043d\u043e\u0432\u044b\u0435 \u0440\u044b\u043d\u043a\u0438 \u0438 \u044d\u043a\u0441\u043f\u043e\u0440\u0442\u043d\u043e-\u043e\u0440\u0438\u0435\u043d\u0442\u0438\u0440\u043e\u0432\u0430\u043d\u043d\u044b\u0435 \u0432\u043e\u0437\u043c\u043e\u0436\u043d\u043e\u0441\u0442\u0438 \u0434\u043b\u044f \u0441\u0435\u043a\u0442\u043e\u0440\u0430.<\/p><p class=\"fuar-hakkinda-metin\">\u00a0<\/p><h3><span style=\"color: #e20613;\">\u0421\u0430\u043c\u043e\u0435 \u043c\u043e\u0449\u043d\u043e\u0435 \u043c\u0435\u0441\u0442\u043e \u0432\u0441\u0442\u0440\u0435\u0447\u0438 \u0432 \u0441\u0435\u043a\u0442\u043e\u0440\u0435<\/span><\/h3><p>\u0421\u043e\u0431\u0438\u0440\u0430\u044f \u043d\u0430 \u043f\u043b\u043e\u0449\u0430\u0434\u0438 40 000 \u043c\u00b2 \u0431\u043e\u043b\u0435\u0435 450 \u0431\u0440\u0435\u043d\u0434\u043e\u0432 \u0438 \u0441\u0432\u044b\u0448\u0435 27 000 \u043f\u0440\u043e\u0444\u0435\u0441\u0441\u0438\u043e\u043d\u0430\u043b\u044c\u043d\u044b\u0445 \u043f\u043e\u0441\u0435\u0442\u0438\u0442\u0435\u043b\u0435\u0439, ANAMOB \u043e\u0442\u043a\u0440\u044b\u0432\u0430\u0435\u0442 \u0434\u0432\u0435\u0440\u0438 \u0433\u043b\u043e\u0431\u0430\u043b\u044c\u043d\u043e\u0439 \u0442\u043e\u0440\u0433\u043e\u0432\u043b\u0438 \u0434\u043b\u044f \u0441\u0432\u043e\u0438\u0445 \u0443\u0447\u0430\u0441\u0442\u043d\u0438\u043a\u043e\u0432 - \u0434\u0435\u043b\u0435\u0433\u0430\u0446\u0438\u0439 \u0437\u0430\u043a\u0443\u043f\u0449\u0438\u043a\u043e\u0432 \u0438\u0437 \u0431\u043e\u043b\u0435\u0435 \u0447\u0435\u043c 72 \u0441\u0442\u0440\u0430\u043d. \u042d\u0442\u043e \u043d\u0435 \u0442\u043e\u043b\u044c\u043a\u043e \u0432\u0438\u0442\u0440\u0438\u043d\u0430 \u0434\u043b\u044f \u043f\u0440\u043e\u0444\u0435\u0441\u0441\u0438\u043e\u043d\u0430\u043b\u043e\u0432 \u0438\u043d\u0434\u0443\u0441\u0442\u0440\u0438\u0438, \u043d\u043e \u0438 \u0442\u043e\u0440\u0433\u043e\u0432\u0430\u044f \u043f\u043b\u043e\u0449\u0430\u0434\u043a\u0430, \u0433\u0434\u0435 \u043f\u0440\u0435\u0434\u0441\u0442\u0430\u0432\u043b\u044f\u044e\u0442\u0441\u044f \u043d\u043e\u0432\u044b\u0435 \u043a\u043e\u043b\u043b\u0435\u043a\u0446\u0438\u0438, \u043f\u0440\u043e\u0432\u043e\u0434\u044f\u0442\u0441\u044f \u0434\u0432\u0443\u0441\u0442\u043e\u0440\u043e\u043d\u043d\u0438\u0435 \u0434\u0435\u043b\u043e\u0432\u044b\u0435 \u0432\u0441\u0442\u0440\u0435\u0447\u0438 \u0438 \u0443\u0441\u0442\u0430\u043d\u0430\u0432\u043b\u0438\u0432\u0430\u044e\u0442\u0441\u044f \u0441\u0442\u0440\u0430\u0442\u0435\u0433\u0438\u0447\u0435\u0441\u043a\u0438\u0435 \u0434\u0435\u043b\u043e\u0432\u044b\u0435 \u043f\u0430\u0440\u0442\u043d\u0435\u0440\u0441\u0442\u0432\u0430.<\/p>\t\t\t\t\t\t\t\t<\/div>\n\t\t\t\t\t<\/div>\n\t\t\t\t<\/div>\n\t\t<div class=\"elementor-element elementor-element-2137eec e-flex e-con-boxed e-con e-parent\" data-id=\"2137eec\" data-element_type=\"container\">\n\t\t\t\t\t<div class=\"e-con-inner\">\n\t\t\t\t<div class=\"elementor-element elementor-element-f739a35 elementor-widget elementor-widget-text-editor\" data-id=\"f739a35\" data-element_type=\"widget\" data-widget_type=\"text-editor.default\">\n\t\t\t\t\t\t\t\t\t<h3><span style=\"color: #e20613;\">\u041c\u0435\u0431\u0435\u043b\u044c\u043d\u044b\u0439 \u0446\u0435\u043d\u0442\u0440 \u041a\u0430\u0439\u0441\u0435\u0440\u0438<\/span><\/h3><p>ANAMOB \u043f\u0440\u0438\u0432\u043b\u0435\u043a\u0430\u0435\u0442 \u0448\u0438\u0440\u043e\u043a\u0438\u0439 \u043a\u0440\u0443\u0433 \u0443\u0447\u0430\u0441\u0442\u043d\u0438\u043a\u043e\u0432 \u0438 \u043f\u043e\u0441\u0435\u0442\u0438\u0442\u0435\u043b\u0435\u0439 - \u043e\u0442 \u043f\u0440\u043e\u0438\u0437\u0432\u043e\u0434\u0438\u0442\u0435\u043b\u0435\u0439 \u043c\u0435\u0431\u0435\u043b\u0438 \u0434\u043e \u044d\u043a\u0441\u043f\u043e\u0440\u0442\u0435\u0440\u043e\u0432, \u043e\u0442 \u0434\u0438\u0437\u0430\u0439\u043d\u0435\u0440\u043e\u0432 \u0434\u043e \u043f\u043e\u0441\u0442\u0430\u0432\u0449\u0438\u043a\u043e\u0432. \u0420\u0430\u0441\u043a\u0440\u044b\u0432\u0430\u044f \u043f\u0440\u043e\u0438\u0437\u0432\u043e\u0434\u0441\u0442\u0432\u0435\u043d\u043d\u0443\u044e \u043c\u043e\u0449\u044c \u0438 \u0438\u043d\u043d\u043e\u0432\u0430\u0446\u0438\u043e\u043d\u043d\u044b\u0439 \u043f\u043e\u0442\u0435\u043d\u0446\u0438\u0430\u043b \u0422\u0443\u0440\u0446\u0438\u0438, \u043e\u043d\u0430 \u0442\u0430\u043a\u0436\u0435 \u0444\u043e\u0440\u043c\u0438\u0440\u0443\u0435\u0442 \u0431\u0443\u0434\u0443\u0449\u0435\u0435 \u043c\u0435\u0431\u0435\u043b\u044c\u043d\u043e\u0439 \u0438\u043d\u0434\u0443\u0441\u0442\u0440\u0438\u0438. 365 \u0434\u043d\u0435\u0439 \u0443\u0441\u043b\u0443\u0433 \u0434\u043b\u044f \u0441\u0435\u043a\u0442\u043e\u0440\u0430 \u041e\u0440\u0433\u0430\u043d\u0438\u0437\u043e\u0432\u0430\u043d\u043d\u0430\u044f \u0432 \u0441\u043e\u043e\u0442\u0432\u0435\u0442\u0441\u0442\u0432\u0438\u0438 \u0441 \u043f\u043e\u0434\u0445\u043e\u0434\u043e\u043c Nobel Expo \u043a \u0443\u043f\u0440\u0430\u0432\u043b\u0435\u043d\u0438\u044e \u0432\u044b\u0441\u0442\u0430\u0432\u043a\u043e\u0439 \u043d\u043e\u0432\u043e\u0433\u043e \u043f\u043e\u043a\u043e\u043b\u0435\u043d\u0438\u044f, ANAMOB \u043d\u0430\u043f\u0440\u0430\u0432\u043b\u044f\u0435\u0442 \u0434\u0435\u043b\u043e\u0432\u043e\u0439 \u043c\u0438\u0440 \u0441 \u043f\u043e\u043c\u043e\u0449\u044c\u044e \u0443\u0441\u043b\u0443\u0433, \u043a\u043e\u0442\u043e\u0440\u044b\u0435 \u043e\u043d\u0430 \u043f\u0440\u0435\u0434\u043b\u0430\u0433\u0430\u0435\u0442 \u043d\u0435 \u0442\u043e\u043b\u044c\u043a\u043e \u0432 \u0434\u043d\u0438 \u0432\u044b\u0441\u0442\u0430\u0432\u043a\u0438, \u043d\u043e \u0438 \u0432 \u0442\u0435\u0447\u0435\u043d\u0438\u0435 \u0432\u0441\u0435\u0433\u043e \u0433\u043e\u0434\u0430. \u0411\u043b\u0430\u0433\u043e\u0434\u0430\u0440\u044f \u043f\u0440\u0438\u0432\u0438\u043b\u0435\u0433\u0438\u044f\u043c, \u043a\u043e\u0442\u043e\u0440\u044b\u0435 \u043e\u043d\u0430 \u043f\u0440\u0435\u0434\u043e\u0441\u0442\u0430\u0432\u043b\u044f\u0435\u0442 \u0434\u043e, \u0432\u043e \u0432\u0440\u0435\u043c\u044f \u0438 \u043f\u043e\u0441\u043b\u0435 \u0432\u044b\u0441\u0442\u0430\u0432\u043a\u0438, \u043e\u043d\u0430 \u044f\u0432\u043b\u044f\u0435\u0442\u0441\u044f \u043d\u0430\u0434\u0435\u0436\u043d\u044b\u043c \u0434\u0435\u043b\u043e\u0432\u044b\u043c \u043f\u0430\u0440\u0442\u043d\u0435\u0440\u043e\u043c \u0434\u043b\u044f \u0432\u0441\u0435\u0445 \u043a\u043e\u043c\u043c\u0435\u0440\u0447\u0435\u0441\u043a\u0438\u0445 \u043f\u0440\u043e\u0446\u0435\u0441\u0441\u043e\u0432 \u0432 \u043c\u0435\u0431\u0435\u043b\u044c\u043d\u043e\u0439 \u043f\u0440\u043e\u043c\u044b\u0448\u043b\u0435\u043d\u043d\u043e\u0441\u0442\u0438.<\/p><p>\u00a0<\/p><h3><strong><em><span style=\"color: #e20613;\">ANAMOB - \u041d\u043e\u0431\u0435\u043b\u0435\u0432\u0441\u043a\u0430\u044f \u044f\u0440\u043c\u0430\u0440\u043a\u0430 \u0434\u043b\u044f \u0442\u0435\u0445, \u043a\u0442\u043e \u0440\u0430\u0437\u0431\u0438\u0440\u0430\u0435\u0442\u0441\u044f \u0432 \u043c\u0435\u0431\u0435\u043b\u0438!<\/span><\/em><\/strong><\/h3>\t\t\t\t\t\t\t\t<\/div>\n\t\t\t\t\t<\/div>\n\t\t\t\t<\/div>\n\t\t\t\t<\/div>","protected":false},"excerpt":{"rendered":"<p>ANADOLU\u2019NUN EN B\u00dcY\u00dcK MOB\u0130LYA FUARI Nobel Expo taraf\u0131ndan organize edilen ANAMOB Anadolu Mobilya Fuar\u0131, mobilya sanayisinin kalbinin att\u0131\u011f\u0131 Kayseri\u2019de d\u00fczenleniyor. T\u00fcrkiye\u2019nin en b\u00fcy\u00fck \u00fcretim merkezlerinden biri olan Kayseri, y\u00fczlerce \u00fcretici firmas\u0131yla yaln\u0131zca yurt i\u00e7inde de\u011fil, d\u00fcnya mobilya pazar\u0131nda da g\u00fc\u00e7l\u00fc bir oyuncu konumunda. ANAMOB, bu g\u00fcc\u00fc uluslararas\u0131 ticaretle bulu\u015fturarak sekt\u00f6re yeni i\u015f birlikleri, yeni pazarlar [&hellip;]<\/p>","protected":false},"author":1,"featured_media":0,"parent":0,"menu_order":0,"comment_status":"closed","ping_status":"closed","template":"tpl-default-elementor.php","meta":{"footnotes":""},"class_list":["post-4068","page","type-page","status-publish","hentry"],"yoast_head":"<!-- This site is optimized with the Yoast SEO plugin v26.0 - https:\/\/yoast.com\/wordpress\/plugins\/seo\/ -->\n<title>HAKKIMIZDA - NOBEL ANAMOB - Anadolu Mobilya Fuar\u0131<\/title>\n<meta name=\"robots\" content=\"index, follow, max-snippet:-1, max-image-preview:large, max-video-preview:-1\" \/>\n<link rel=\"canonical\" href=\"http:\/\/nobelanamob.com\/ru\/hakkimizda\/\" \/>\n<meta property=\"og:locale\" content=\"ru_RU\" \/>\n<meta property=\"og:type\" content=\"article\" \/>\n<meta property=\"og:title\" content=\"HAKKIMIZDA - NOBEL ANAMOB - Anadolu Mobilya Fuar\u0131\" \/>\n<meta property=\"og:description\" content=\"ANADOLU\u2019NUN EN B\u00dcY\u00dcK MOB\u0130LYA FUARI Nobel Expo taraf\u0131ndan organize edilen ANAMOB Anadolu Mobilya Fuar\u0131, mobilya sanayisinin kalbinin att\u0131\u011f\u0131 Kayseri\u2019de d\u00fczenleniyor. T\u00fcrkiye\u2019nin en b\u00fcy\u00fck \u00fcretim merkezlerinden biri olan Kayseri, y\u00fczlerce \u00fcretici firmas\u0131yla yaln\u0131zca yurt i\u00e7inde de\u011fil, d\u00fcnya mobilya pazar\u0131nda da g\u00fc\u00e7l\u00fc bir oyuncu konumunda. ANAMOB, bu g\u00fcc\u00fc uluslararas\u0131 ticaretle bulu\u015fturarak sekt\u00f6re yeni i\u015f birlikleri, yeni pazarlar [&hellip;]\" \/>\n<meta property=\"og:url\" content=\"http:\/\/nobelanamob.com\/ru\/hakkimizda\/\" \/>\n<meta property=\"og:site_name\" content=\"NOBEL ANAMOB - Anadolu Mobilya Fuar\u0131\" \/>\n<meta property=\"article:modified_time\" content=\"2025-08-28T11:12:55+00:00\" \/>\n<meta name=\"twitter:card\" content=\"summary_large_image\" \/>\n<meta name=\"twitter:label1\" content=\"\u041f\u0440\u0438\u043c\u0435\u0440\u043d\u043e\u0435 \u0432\u0440\u0435\u043c\u044f \u0434\u043b\u044f \u0447\u0442\u0435\u043d\u0438\u044f\" \/>\n\t<meta name=\"twitter:data1\" content=\"1 \u043c\u0438\u043d\u0443\u0442\u0430\" \/>\n<script type=\"application\/ld+json\" class=\"yoast-schema-graph\">{\"@context\":\"https:\/\/schema.org\",\"@graph\":[{\"@type\":\"WebPage\",\"@id\":\"http:\/\/nobelanamob.com\/ar\/hakkimizda\/\",\"url\":\"http:\/\/nobelanamob.com\/ar\/hakkimizda\/\",\"name\":\"HAKKIMIZDA - NOBEL ANAMOB - Anadolu Mobilya Fuar\u0131\",\"isPartOf\":{\"@id\":\"https:\/\/nobelanamob.com\/#website\"},\"datePublished\":\"2024-01-31T12:06:30+00:00\",\"dateModified\":\"2025-08-28T11:12:55+00:00\",\"breadcrumb\":{\"@id\":\"http:\/\/nobelanamob.com\/ar\/hakkimizda\/#breadcrumb\"},\"inLanguage\":\"ru-RU\",\"potentialAction\":[{\"@type\":\"ReadAction\",\"target\":[\"http:\/\/nobelanamob.com\/ar\/hakkimizda\/\"]}]},{\"@type\":\"BreadcrumbList\",\"@id\":\"http:\/\/nobelanamob.com\/ar\/hakkimizda\/#breadcrumb\",\"itemListElement\":[{\"@type\":\"ListItem\",\"position\":1,\"name\":\"Anasayfa\",\"item\":\"https:\/\/nobelanamob.com\/\"},{\"@type\":\"ListItem\",\"position\":2,\"name\":\"HAKKIMIZDA\"}]},{\"@type\":\"WebSite\",\"@id\":\"https:\/\/nobelanamob.com\/#website\",\"url\":\"https:\/\/nobelanamob.com\/\",\"name\":\"NOBEL ANAMOB - Anadolu Mobilya Fuar\u0131\",\"description\":\"Nobel Expo\",\"publisher\":{\"@id\":\"https:\/\/nobelanamob.com\/#organization\"},\"potentialAction\":[{\"@type\":\"SearchAction\",\"target\":{\"@type\":\"EntryPoint\",\"urlTemplate\":\"https:\/\/nobelanamob.com\/?s={search_term_string}\"},\"query-input\":{\"@type\":\"PropertyValueSpecification\",\"valueRequired\":true,\"valueName\":\"search_term_string\"}}],\"inLanguage\":\"ru-RU\"},{\"@type\":\"Organization\",\"@id\":\"https:\/\/nobelanamob.com\/#organization\",\"name\":\"NOBEL ANAMOB - Anadolu Mobilya Fuar\u0131\",\"url\":\"https:\/\/nobelanamob.com\/\",\"logo\":{\"@type\":\"ImageObject\",\"inLanguage\":\"ru-RU\",\"@id\":\"https:\/\/nobelanamob.com\/#\/schema\/logo\/image\/\",\"url\":\"https:\/\/nobelanamob.com\/wp-content\/uploads\/2025\/08\/ANAMOB-2025_logo.png\",\"contentUrl\":\"https:\/\/nobelanamob.com\/wp-content\/uploads\/2025\/08\/ANAMOB-2025_logo.png\",\"width\":1010,\"height\":326,\"caption\":\"NOBEL ANAMOB - Anadolu Mobilya Fuar\u0131\"},\"image\":{\"@id\":\"https:\/\/nobelanamob.com\/#\/schema\/logo\/image\/\"}}]}<\/script>\n<!-- \/ Yoast SEO plugin. -->","yoast_head_json":{"title":"HAKKIMIZDA - NOBEL ANAMOB - Anadolu Mobilya Fuar\u0131","robots":{"index":"index","follow":"follow","max-snippet":"max-snippet:-1","max-image-preview":"max-image-preview:large","max-video-preview":"max-video-preview:-1"},"canonical":"http:\/\/nobelanamob.com\/ru\/hakkimizda\/","og_locale":"ru_RU","og_type":"article","og_title":"HAKKIMIZDA - NOBEL ANAMOB - Anadolu Mobilya Fuar\u0131","og_description":"ANADOLU\u2019NUN EN B\u00dcY\u00dcK MOB\u0130LYA FUARI Nobel Expo taraf\u0131ndan organize edilen ANAMOB Anadolu Mobilya Fuar\u0131, mobilya sanayisinin kalbinin att\u0131\u011f\u0131 Kayseri\u2019de d\u00fczenleniyor. T\u00fcrkiye\u2019nin en b\u00fcy\u00fck \u00fcretim merkezlerinden biri olan Kayseri, y\u00fczlerce \u00fcretici firmas\u0131yla yaln\u0131zca yurt i\u00e7inde de\u011fil, d\u00fcnya mobilya pazar\u0131nda da g\u00fc\u00e7l\u00fc bir oyuncu konumunda. ANAMOB, bu g\u00fcc\u00fc uluslararas\u0131 ticaretle bulu\u015fturarak sekt\u00f6re yeni i\u015f birlikleri, yeni pazarlar [&hellip;]","og_url":"http:\/\/nobelanamob.com\/ru\/hakkimizda\/","og_site_name":"NOBEL ANAMOB - Anadolu Mobilya Fuar\u0131","article_modified_time":"2025-08-28T11:12:55+00:00","twitter_card":"summary_large_image","twitter_misc":{"\u041f\u0440\u0438\u043c\u0435\u0440\u043d\u043e\u0435 \u0432\u0440\u0435\u043c\u044f \u0434\u043b\u044f \u0447\u0442\u0435\u043d\u0438\u044f":"1 \u043c\u0438\u043d\u0443\u0442\u0430"},"schema":{"@context":"https:\/\/schema.org","@graph":[{"@type":"WebPage","@id":"http:\/\/nobelanamob.com\/ar\/hakkimizda\/","url":"http:\/\/nobelanamob.com\/ar\/hakkimizda\/","name":"HAKKIMIZDA - NOBEL ANAMOB - Anadolu Mobilya Fuar\u0131","isPartOf":{"@id":"https:\/\/nobelanamob.com\/#website"},"datePublished":"2024-01-31T12:06:30+00:00","dateModified":"2025-08-28T11:12:55+00:00","breadcrumb":{"@id":"http:\/\/nobelanamob.com\/ar\/hakkimizda\/#breadcrumb"},"inLanguage":"ru-RU","potentialAction":[{"@type":"ReadAction","target":["http:\/\/nobelanamob.com\/ar\/hakkimizda\/"]}]},{"@type":"BreadcrumbList","@id":"http:\/\/nobelanamob.com\/ar\/hakkimizda\/#breadcrumb","itemListElement":[{"@type":"ListItem","position":1,"name":"Anasayfa","item":"https:\/\/nobelanamob.com\/"},{"@type":"ListItem","position":2,"name":"HAKKIMIZDA"}]},{"@type":"WebSite","@id":"https:\/\/nobelanamob.com\/#website","url":"https:\/\/nobelanamob.com\/","name":"NOBEL ANAMOB - \u0410\u043d\u0430\u0442\u043e\u043b\u0438\u0439\u0441\u043a\u0430\u044f \u043c\u0435\u0431\u0435\u043b\u044c\u043d\u0430\u044f \u044f\u0440\u043c\u0430\u0440\u043a\u0430","description":"\u041d\u043e\u0431\u0435\u043b\u0435\u0432\u0441\u043a\u0430\u044f \u0432\u044b\u0441\u0442\u0430\u0432\u043a\u0430","publisher":{"@id":"https:\/\/nobelanamob.com\/#organization"},"potentialAction":[{"@type":"SearchAction","target":{"@type":"EntryPoint","urlTemplate":"https:\/\/nobelanamob.com\/?s={search_term_string}"},"query-input":{"@type":"PropertyValueSpecification","valueRequired":true,"valueName":"search_term_string"}}],"inLanguage":"ru-RU"},{"@type":"Organization","@id":"https:\/\/nobelanamob.com\/#organization","name":"NOBEL ANAMOB - \u0410\u043d\u0430\u0442\u043e\u043b\u0438\u0439\u0441\u043a\u0430\u044f \u043c\u0435\u0431\u0435\u043b\u044c\u043d\u0430\u044f \u044f\u0440\u043c\u0430\u0440\u043a\u0430","url":"https:\/\/nobelanamob.com\/","logo":{"@type":"ImageObject","inLanguage":"ru-RU","@id":"https:\/\/nobelanamob.com\/#\/schema\/logo\/image\/","url":"https:\/\/nobelanamob.com\/wp-content\/uploads\/2025\/08\/ANAMOB-2025_logo.png","contentUrl":"https:\/\/nobelanamob.com\/wp-content\/uploads\/2025\/08\/ANAMOB-2025_logo.png","width":1010,"height":326,"caption":"NOBEL ANAMOB - Anadolu Mobilya Fuar\u0131"},"image":{"@id":"https:\/\/nobelanamob.com\/#\/schema\/logo\/image\/"}}]}},"_links":{"self":[{"href":"https:\/\/nobelanamob.com\/ru\/wp-json\/wp\/v2\/pages\/4068","targetHints":{"allow":["GET"]}}],"collection":[{"href":"https:\/\/nobelanamob.com\/ru\/wp-json\/wp\/v2\/pages"}],"about":[{"href":"https:\/\/nobelanamob.com\/ru\/wp-json\/wp\/v2\/types\/page"}],"author":[{"embeddable":true,"href":"https:\/\/nobelanamob.com\/ru\/wp-json\/wp\/v2\/users\/1"}],"replies":[{"embeddable":true,"href":"https:\/\/nobelanamob.com\/ru\/wp-json\/wp\/v2\/comments?post=4068"}],"version-history":[{"count":0,"href":"https:\/\/nobelanamob.com\/ru\/wp-json\/wp\/v2\/pages\/4068\/revisions"}],"wp:attachment":[{"href":"https:\/\/nobelanamob.com\/ru\/wp-json\/wp\/v2\/media?parent=4068"}],"curies":[{"name":"wp","href":"https:\/\/api.w.org\/{rel}","templated":true}]}}