{"id":4076,"date":"2024-01-31T13:06:04","date_gmt":"2024-01-31T13:06:04","guid":{"rendered":"https:\/\/wp2.yogsthemes.com\/thewp\/oment\/?page_id=655"},"modified":"2025-08-28T11:14:25","modified_gmt":"2025-08-28T11:14:25","slug":"hizmetlerimiz","status":"publish","type":"page","link":"https:\/\/nobelanamob.com\/ru\/hizmetlerimiz\/","title":{"rendered":"\u041d\u0410\u0428\u0418 \u0423\u0421\u041b\u0423\u0413\u0418"},"content":{"rendered":"<div data-elementor-type=\"wp-page\" data-elementor-id=\"4076\" class=\"elementor elementor-4076\">\n\t\t\t\t<div class=\"elementor-element elementor-element-01286b4 e-flex e-con-boxed e-con e-parent\" data-id=\"01286b4\" data-element_type=\"container\">\n\t\t\t\t\t<div class=\"e-con-inner\">\n\t\t\t\t<div class=\"elementor-element elementor-element-7dfa864 elementor-widget elementor-widget-text-editor\" data-id=\"7dfa864\" data-element_type=\"widget\" data-widget_type=\"text-editor.default\">\n\t\t\t\t\t\t\t\t\t<h2><br \/><span style=\"color: #e20613;\">\u041d\u0430\u0448\u0438 \u0441\u043f\u0435\u0446\u0438\u0430\u043b\u044c\u043d\u044b\u0435 \u0443\u0441\u043b\u0443\u0433\u0438 \u0434\u043b\u044f \u0443\u0441\u043f\u0435\u0448\u043d\u043e\u0433\u043e \u043f\u0440\u043e\u0432\u0435\u0434\u0435\u043d\u0438\u044f \u044f\u0440\u043c\u0430\u0440\u043a\u0438<\/span><\/h2><p>\u041f\u0440\u0438\u043d\u044f\u0432 \u0440\u0435\u0448\u0435\u043d\u0438\u0435 \u0443\u0447\u0430\u0441\u0442\u0432\u043e\u0432\u0430\u0442\u044c \u0432 \u0410\u043d\u0430\u0442\u043e\u043b\u0438\u0439\u0441\u043a\u043e\u0439 \u043c\u0435\u0431\u0435\u043b\u044c\u043d\u043e\u0439 \u0432\u044b\u0441\u0442\u0430\u0432\u043a\u0435 ANAMOB, \u0432\u044b \u0431\u043e\u043b\u044c\u0448\u0435 \u043d\u0435 \u043f\u0440\u043e\u0441\u0442\u043e \u0443\u0447\u0430\u0441\u0442\u0432\u0443\u0435\u0442\u0435 \u0432 \u0432\u044b\u0441\u0442\u0430\u0432\u043a\u0435. \u0411\u043b\u0430\u0433\u043e\u0434\u0430\u0440\u044f \u0432\u044b\u0441\u0442\u0430\u0432\u043e\u0447\u043d\u043e\u043c\u0443 \u043f\u043e\u0434\u0445\u043e\u0434\u0443 Nobel Expo \u043d\u043e\u0432\u043e\u0433\u043e \u043f\u043e\u043a\u043e\u043b\u0435\u043d\u0438\u044f, \u0432\u044b \u0441\u0442\u0430\u043d\u043e\u0432\u0438\u0442\u0435\u0441\u044c \u0431\u0438\u0437\u043d\u0435\u0441-\u043f\u043b\u0430\u0442\u0444\u043e\u0440\u043c\u043e\u0439, \u043a\u043e\u0442\u043e\u0440\u0430\u044f \u043c\u0430\u043a\u0441\u0438\u043c\u0430\u043b\u044c\u043d\u043e \u0443\u0432\u0435\u043b\u0438\u0447\u0438\u0442 \u043f\u043e\u0442\u0435\u043d\u0446\u0438\u0430\u043b \u0432\u0430\u0448\u0438\u0445 \u0438\u043d\u0432\u0435\u0441\u0442\u0438\u0446\u0438\u0439. \u041f\u0440\u0438\u0432\u0438\u043b\u0435\u0433\u0438\u0440\u043e\u0432\u0430\u043d\u043d\u044b\u0435 \u0443\u0441\u043b\u0443\u0433\u0438, \u043a\u043e\u0442\u043e\u0440\u044b\u0435 \u043c\u044b \u043f\u0440\u0435\u0434\u043b\u0430\u0433\u0430\u0435\u043c \u043d\u0430\u0448\u0438\u043c \u044d\u043a\u0441\u043f\u043e\u043d\u0435\u043d\u0442\u0430\u043c, \u043f\u043e\u043c\u043e\u0433\u0443\u0442 \u0432\u0430\u043c \u0443\u043a\u0440\u0435\u043f\u0438\u0442\u044c \u0441\u0432\u043e\u0439 \u0431\u0440\u0435\u043d\u0434 \u0434\u043e \u0438 \u043f\u043e\u0441\u043b\u0435 \u0432\u044b\u0441\u0442\u0430\u0432\u043a\u0438, \u0430 \u0442\u0430\u043a\u0436\u0435 \u0432\u043e \u0432\u0440\u0435\u043c\u044f \u0435\u0435 \u043f\u0440\u043e\u0432\u0435\u0434\u0435\u043d\u0438\u044f.<\/p>\t\t\t\t\t\t\t\t<\/div>\n\t\t\t\t\t<\/div>\n\t\t\t\t<\/div>\n\t\t<div class=\"elementor-element elementor-element-8b21606 e-grid e-con-boxed e-con e-parent\" data-id=\"8b21606\" data-element_type=\"container\">\n\t\t\t\t\t<div class=\"e-con-inner\">\n\t\t\t\t<div class=\"elementor-element elementor-element-4be3a75 elementor-widget elementor-widget-text-editor\" data-id=\"4be3a75\" data-element_type=\"widget\" data-widget_type=\"text-editor.default\">\n\t\t\t\t\t\t\t\t\t<h3><span style=\"color: #e20613;\">\u0420\u0435\u0448\u0435\u043d\u0438\u044f \u0434\u043b\u044f \u0440\u0435\u043a\u043b\u0430\u043c\u044b \u0438 \u043f\u0440\u043e\u0434\u0432\u0438\u0436\u0435\u043d\u0438\u044f<\/span><\/h3><p>\u041f\u043e\u0432\u044b\u0441\u044c\u0442\u0435 \u0443\u0437\u043d\u0430\u0432\u0430\u0435\u043c\u043e\u0441\u0442\u044c \u0441\u0432\u043e\u0435\u0433\u043e \u0431\u0440\u0435\u043d\u0434\u0430 \u0434\u043e, \u0432\u043e \u0432\u0440\u0435\u043c\u044f \u0438 \u043f\u043e\u0441\u043b\u0435 \u0432\u044b\u0441\u0442\u0430\u0432\u043a\u0438. \u041e\u0441\u0442\u0430\u0432\u0430\u0439\u0442\u0435\u0441\u044c \u0432 \u0446\u0435\u043d\u0442\u0440\u0435 \u0432\u043d\u0438\u043c\u0430\u043d\u0438\u044f \u0432\u0430\u0448\u0435\u0439 \u0446\u0435\u043b\u0435\u0432\u043e\u0439 \u0430\u0443\u0434\u0438\u0442\u043e\u0440\u0438\u0438, \u043f\u0440\u0438\u0432\u043b\u0435\u043a\u0430\u0439\u0442\u0435 \u043d\u043e\u0432\u044b\u0445 \u043a\u043b\u0438\u0435\u043d\u0442\u043e\u0432 \u0438 \u0443\u043a\u0440\u0435\u043f\u043b\u044f\u0439\u0442\u0435 \u0441\u043e\u0442\u0440\u0443\u0434\u043d\u0438\u0447\u0435\u0441\u0442\u0432\u043e \u0441 \u043f\u043e\u043c\u043e\u0449\u044c\u044e \u043d\u0430\u0448\u0438\u0445 \u0446\u0438\u0444\u0440\u043e\u0432\u044b\u0445 \u0438 \u0444\u0438\u0437\u0438\u0447\u0435\u0441\u043a\u0438\u0445 \u0440\u0435\u043a\u043b\u0430\u043c\u043d\u044b\u0445 \u043f\u0430\u043a\u0435\u0442\u043e\u0432.<\/p>\t\t\t\t\t\t\t\t<\/div>\n\t\t\t\t<div class=\"elementor-element elementor-element-c06bd60 elementor-widget elementor-widget-text-editor\" data-id=\"c06bd60\" data-element_type=\"widget\" data-widget_type=\"text-editor.default\">\n\t\t\t\t\t\t\t\t\t<h3><span style=\"color: #e20613;\">\u0413\u043e\u0442\u043e\u0432\u044b\u0435 \u043f\u0430\u043a\u0435\u0442\u044b \u0434\u043b\u044f \u0441\u0442\u0435\u043d\u0434\u043e\u0432<\/span><\/h3><p>\u0423\u0441\u0438\u043b\u044c\u0442\u0435 \u0432\u043e\u0441\u043f\u0440\u0438\u044f\u0442\u0438\u0435 \u0432\u0430\u0448\u0435\u0433\u043e \u0431\u0440\u0435\u043d\u0434\u0430, \u0441\u044d\u043a\u043e\u043d\u043e\u043c\u044c\u0442\u0435 \u0432\u0440\u0435\u043c\u044f. \u041f\u043e\u0434\u0433\u043e\u0442\u043e\u0432\u044c\u0442\u0435\u0441\u044c \u043a \u0432\u044b\u0441\u0442\u0430\u0432\u043a\u0435 \u0431\u044b\u0441\u0442\u0440\u043e, \u044d\u043a\u043e\u043d\u043e\u043c\u0438\u0447\u043d\u043e \u0438 \u044d\u0444\u0444\u0435\u043a\u0442\u0438\u0432\u043d\u043e \u0431\u043b\u0430\u0433\u043e\u0434\u0430\u0440\u044f \u043d\u0430\u0448\u0438\u043c \u0433\u043e\u0442\u043e\u0432\u044b\u043c \u043f\u0430\u043a\u0435\u0442\u0430\u043c \u0441\u0442\u0435\u043d\u0434\u043e\u0432. \u041f\u0440\u0435\u0434\u0441\u0442\u0430\u0432\u044c\u0442\u0435 \u0441\u0432\u043e\u0439 \u0431\u0440\u0435\u043d\u0434 \u043d\u0430\u0438\u043b\u0443\u0447\u0448\u0438\u043c \u043e\u0431\u0440\u0430\u0437\u043e\u043c \u0431\u043b\u0430\u0433\u043e\u0434\u0430\u0440\u044f \u0441\u043f\u0435\u0446\u0438\u0430\u043b\u044c\u043d\u043e\u043c\u0443 \u0434\u0438\u0437\u0430\u0439\u043d\u0443 \u0438 \u043f\u043e\u0434\u0434\u0435\u0440\u0436\u043a\u0435 \u043f\u0440\u0438 \u0443\u0441\u0442\u0430\u043d\u043e\u0432\u043a\u0435.<\/p>\t\t\t\t\t\t\t\t<\/div>\n\t\t\t\t<div class=\"elementor-element elementor-element-3f07456 elementor-widget elementor-widget-text-editor\" data-id=\"3f07456\" data-element_type=\"widget\" data-widget_type=\"text-editor.default\">\n\t\t\t\t\t\t\t\t\t<h3><span style=\"color: #e20613;\">\u0417\u043e\u043d\u044b \u0434\u043b\u044f \u0432\u0441\u0442\u0440\u0435\u0447 \u0438 \u043e\u0431\u0449\u0435\u043d\u0438\u044f B2B<\/span><\/h3><p>ANAMOB \u0432\u044b\u0434\u0435\u043b\u044f\u0435\u0442\u0441\u044f \u0441\u043f\u0435\u0446\u0438\u0430\u043b\u044c\u043d\u044b\u043c\u0438 \u0434\u0435\u043b\u043e\u0432\u044b\u043c\u0438 \u0432\u0441\u0442\u0440\u0435\u0447\u0430\u043c\u0438 \u0438 \u043f\u0440\u043e\u0433\u0440\u0430\u043c\u043c\u0430\u043c\u0438 \u043c\u0435\u0436\u0434\u0443\u043d\u0430\u0440\u043e\u0434\u043d\u044b\u0445 \u0434\u0435\u043b\u0435\u0433\u0430\u0446\u0438\u0439 \u043f\u043e\u043a\u0443\u043f\u0430\u0442\u0435\u043b\u0435\u0439, \u043a\u043e\u0442\u043e\u0440\u044b\u0435 \u0441\u0432\u043e\u0434\u044f\u0442 \u044d\u043a\u0441\u043f\u043e\u043d\u0435\u043d\u0442\u043e\u0432 \u0441 \u043d\u0443\u0436\u043d\u044b\u043c\u0438 \u043f\u043e\u043a\u0443\u043f\u0430\u0442\u0435\u043b\u044f\u043c\u0438. \u0421\u0432\u044f\u0437\u0438, \u043a\u043e\u0442\u043e\u0440\u044b\u0435 \u0432\u044b \u0443\u0441\u0442\u0430\u043d\u043e\u0432\u0438\u0442\u0435 \u0441 \u043f\u0440\u043e\u0444\u0435\u0441\u0441\u0438\u043e\u043d\u0430\u043b\u0430\u043c\u0438 \u043e\u0442\u0440\u0430\u0441\u043b\u0438, \u0441\u0442\u0430\u043d\u0443\u0442 \u0432\u0430\u0448\u0435\u0439 \u0441\u0430\u043c\u043e\u0439 \u0441\u0438\u043b\u044c\u043d\u043e\u0439 \u0432\u043e\u0437\u043c\u043e\u0436\u043d\u043e\u0441\u0442\u044c\u044e \u0443\u0432\u0435\u043b\u0438\u0447\u0438\u0442\u044c \u044d\u043a\u0441\u043f\u043e\u0440\u0442.<\/p>\t\t\t\t\t\t\t\t<\/div>\n\t\t\t\t<div class=\"elementor-element elementor-element-bf02308 elementor-widget elementor-widget-text-editor\" data-id=\"bf02308\" data-element_type=\"widget\" data-widget_type=\"text-editor.default\">\n\t\t\t\t\t\t\t\t\t<h3><span style=\"color: #e20613;\">\u0412\u0438\u0437\u0443\u0430\u043b\u044c\u043d\u044b\u0435 \u0438 \u043c\u0435\u0434\u0438\u0430 \u0443\u0441\u043b\u0443\u0433\u0438<\/span><\/h3><p>\u0412\u044b\u0432\u0435\u0434\u0438\u0442\u0435 \u0441\u0432\u043e\u0439 \u0431\u0440\u0435\u043d\u0434 \u0437\u0430 \u043f\u0440\u0435\u0434\u0435\u043b\u044b \u044f\u0440\u043c\u0430\u0440\u043a\u0438. \u041f\u043e\u0432\u044b\u0441\u044c\u0442\u0435 \u0441\u0432\u043e\u044e \u0443\u0437\u043d\u0430\u0432\u0430\u0435\u043c\u043e\u0441\u0442\u044c \u0432 \u0441\u043e\u0446\u0438\u0430\u043b\u044c\u043d\u044b\u0445 \u0441\u0435\u0442\u044f\u0445 \u0441 \u043f\u043e\u043c\u043e\u0449\u044c\u044e \u0443\u0441\u043b\u0443\u0433 \u0444\u043e\u0442\u043e- \u0438 \u0432\u0438\u0434\u0435\u043e\u0441\u044a\u0435\u043c\u043a\u0438 \u0438 \u043f\u0440\u043e\u0434\u043e\u043b\u0436\u0430\u0439\u0442\u0435 \u043e\u043a\u0430\u0437\u044b\u0432\u0430\u0442\u044c \u0432\u043b\u0438\u044f\u043d\u0438\u0435 \u0434\u0430\u0436\u0435 \u043f\u043e\u0441\u043b\u0435 \u0432\u044b\u0441\u0442\u0430\u0432\u043a\u0438. \u041e\u0441\u0442\u0430\u0432\u043b\u044f\u0439\u0442\u0435 \u043f\u0440\u043e\u0444\u0435\u0441\u0441\u0438\u043e\u043d\u0430\u043b\u044c\u043d\u043e\u0435 \u0432\u043f\u0435\u0447\u0430\u0442\u043b\u0435\u043d\u0438\u0435 \u0432\u043e \u0432\u0440\u0435\u043c\u044f \u043b\u0438\u0447\u043d\u044b\u0445 \u0432\u0441\u0442\u0440\u0435\u0447. \u041f\u0440\u0438\u043d\u0438\u043c\u0430\u0439\u0442\u0435 \u0441\u0432\u043e\u0438\u0445 \u0434\u0435\u043b\u043e\u0432\u044b\u0445 \u043f\u0430\u0440\u0442\u043d\u0435\u0440\u043e\u0432 \u0438 \u043f\u043e\u0434\u043f\u0438\u0441\u044b\u0432\u0430\u0439\u0442\u0435 \u043d\u043e\u0432\u044b\u0435 \u0441\u043e\u0433\u043b\u0430\u0448\u0435\u043d\u0438\u044f \u0432 \u043d\u0430\u0448\u0438\u0445 \u0443\u0434\u043e\u0431\u043d\u044b\u0445 \u0438 \u0441\u043e\u0432\u0440\u0435\u043c\u0435\u043d\u043d\u044b\u0445 \u043a\u043e\u043d\u0444\u0435\u0440\u0435\u043d\u0446-\u0437\u0430\u043b\u0430\u0445.<\/p>\t\t\t\t\t\t\t\t<\/div>\n\t\t\t\t\t<\/div>\n\t\t\t\t<\/div>\n\t\t<div class=\"elementor-element elementor-element-6889e5f e-grid e-con-boxed e-con e-parent\" data-id=\"6889e5f\" data-element_type=\"container\">\n\t\t\t\t\t<div class=\"e-con-inner\">\n\t\t\t\t\t<\/div>\n\t\t\t\t<\/div>\n\t\t<div class=\"elementor-element elementor-element-41cf930 e-flex e-con-boxed e-con e-parent\" data-id=\"41cf930\" data-element_type=\"container\">\n\t\t\t\t\t<div class=\"e-con-inner\">\n\t\t\t\t\t<\/div>\n\t\t\t\t<\/div>\n\t\t\t\t<\/div>","protected":false},"excerpt":{"rendered":"<p>Ba\u015far\u0131l\u0131 Bir Fuar Deneyimi \u0130\u00e7in Size \u00d6zel Hizmetlerimiz ANAMOB Anadolu Mobilya Fuar\u0131\u2019na kat\u0131lma karar\u0131 verdi\u011finizde, art\u0131k yaln\u0131zca bir fuarda yer alm\u0131yorsunuz. Nobel Expo\u2019nun yeni nesil fuarc\u0131l\u0131k anlay\u0131\u015f\u0131yla, yat\u0131r\u0131m\u0131n\u0131z\u0131n potansiyelini en \u00fcst seviyeye ta\u015f\u0131yacak bir i\u015f platformuna ad\u0131m at\u0131yorsunuz. Kat\u0131l\u0131mc\u0131lar\u0131m\u0131z i\u00e7in sundu\u011fumuz ayr\u0131cal\u0131kl\u0131 hizmetler, fuar s\u00fcresince oldu\u011fu kadar \u00f6ncesinde ve sonras\u0131nda da markan\u0131z\u0131 g\u00fc\u00e7lendirmenize yard\u0131mc\u0131 olur. [&hellip;]<\/p>","protected":false},"author":1,"featured_media":0,"parent":0,"menu_order":0,"comment_status":"closed","ping_status":"closed","template":"tpl-default-elementor.php","meta":{"footnotes":""},"class_list":["post-4076","page","type-page","status-publish","hentry"],"yoast_head":"<!-- This site is optimized with the Yoast SEO plugin v26.0 - https:\/\/yoast.com\/wordpress\/plugins\/seo\/ -->\n<title>H\u0130ZMETLER\u0130M\u0130Z - NOBEL ANAMOB - Anadolu Mobilya Fuar\u0131<\/title>\n<meta name=\"robots\" content=\"index, follow, max-snippet:-1, max-image-preview:large, max-video-preview:-1\" \/>\n<link rel=\"canonical\" href=\"http:\/\/nobelanamob.com\/ru\/hizmetlerimiz\/\" \/>\n<meta property=\"og:locale\" content=\"ru_RU\" \/>\n<meta property=\"og:type\" content=\"article\" \/>\n<meta property=\"og:title\" content=\"H\u0130ZMETLER\u0130M\u0130Z - NOBEL ANAMOB - Anadolu Mobilya Fuar\u0131\" \/>\n<meta property=\"og:description\" content=\"Ba\u015far\u0131l\u0131 Bir Fuar Deneyimi \u0130\u00e7in Size \u00d6zel Hizmetlerimiz ANAMOB Anadolu Mobilya Fuar\u0131\u2019na kat\u0131lma karar\u0131 verdi\u011finizde, art\u0131k yaln\u0131zca bir fuarda yer alm\u0131yorsunuz. Nobel Expo\u2019nun yeni nesil fuarc\u0131l\u0131k anlay\u0131\u015f\u0131yla, yat\u0131r\u0131m\u0131n\u0131z\u0131n potansiyelini en \u00fcst seviyeye ta\u015f\u0131yacak bir i\u015f platformuna ad\u0131m at\u0131yorsunuz. Kat\u0131l\u0131mc\u0131lar\u0131m\u0131z i\u00e7in sundu\u011fumuz ayr\u0131cal\u0131kl\u0131 hizmetler, fuar s\u00fcresince oldu\u011fu kadar \u00f6ncesinde ve sonras\u0131nda da markan\u0131z\u0131 g\u00fc\u00e7lendirmenize yard\u0131mc\u0131 olur. [&hellip;]\" \/>\n<meta property=\"og:url\" content=\"http:\/\/nobelanamob.com\/ru\/hizmetlerimiz\/\" \/>\n<meta property=\"og:site_name\" content=\"NOBEL ANAMOB - Anadolu Mobilya Fuar\u0131\" \/>\n<meta property=\"article:modified_time\" content=\"2025-08-28T11:14:25+00:00\" \/>\n<meta name=\"twitter:card\" content=\"summary_large_image\" \/>\n<meta name=\"twitter:label1\" content=\"\u041f\u0440\u0438\u043c\u0435\u0440\u043d\u043e\u0435 \u0432\u0440\u0435\u043c\u044f \u0434\u043b\u044f \u0447\u0442\u0435\u043d\u0438\u044f\" \/>\n\t<meta name=\"twitter:data1\" content=\"2 \u043c\u0438\u043d\u0443\u0442\u044b\" \/>\n<script type=\"application\/ld+json\" class=\"yoast-schema-graph\">{\"@context\":\"https:\/\/schema.org\",\"@graph\":[{\"@type\":\"WebPage\",\"@id\":\"http:\/\/nobelanamob.com\/ar\/hizmetlerimiz\/\",\"url\":\"http:\/\/nobelanamob.com\/ar\/hizmetlerimiz\/\",\"name\":\"H\u0130ZMETLER\u0130M\u0130Z - NOBEL ANAMOB - Anadolu Mobilya Fuar\u0131\",\"isPartOf\":{\"@id\":\"https:\/\/nobelanamob.com\/#website\"},\"datePublished\":\"2024-01-31T13:06:04+00:00\",\"dateModified\":\"2025-08-28T11:14:25+00:00\",\"breadcrumb\":{\"@id\":\"http:\/\/nobelanamob.com\/ar\/hizmetlerimiz\/#breadcrumb\"},\"inLanguage\":\"ru-RU\",\"potentialAction\":[{\"@type\":\"ReadAction\",\"target\":[\"http:\/\/nobelanamob.com\/ar\/hizmetlerimiz\/\"]}]},{\"@type\":\"BreadcrumbList\",\"@id\":\"http:\/\/nobelanamob.com\/ar\/hizmetlerimiz\/#breadcrumb\",\"itemListElement\":[{\"@type\":\"ListItem\",\"position\":1,\"name\":\"Anasayfa\",\"item\":\"https:\/\/nobelanamob.com\/\"},{\"@type\":\"ListItem\",\"position\":2,\"name\":\"H\u0130ZMETLER\u0130M\u0130Z\"}]},{\"@type\":\"WebSite\",\"@id\":\"https:\/\/nobelanamob.com\/#website\",\"url\":\"https:\/\/nobelanamob.com\/\",\"name\":\"NOBEL ANAMOB - Anadolu Mobilya Fuar\u0131\",\"description\":\"Nobel Expo\",\"publisher\":{\"@id\":\"https:\/\/nobelanamob.com\/#organization\"},\"potentialAction\":[{\"@type\":\"SearchAction\",\"target\":{\"@type\":\"EntryPoint\",\"urlTemplate\":\"https:\/\/nobelanamob.com\/?s={search_term_string}\"},\"query-input\":{\"@type\":\"PropertyValueSpecification\",\"valueRequired\":true,\"valueName\":\"search_term_string\"}}],\"inLanguage\":\"ru-RU\"},{\"@type\":\"Organization\",\"@id\":\"https:\/\/nobelanamob.com\/#organization\",\"name\":\"NOBEL ANAMOB - Anadolu Mobilya Fuar\u0131\",\"url\":\"https:\/\/nobelanamob.com\/\",\"logo\":{\"@type\":\"ImageObject\",\"inLanguage\":\"ru-RU\",\"@id\":\"https:\/\/nobelanamob.com\/#\/schema\/logo\/image\/\",\"url\":\"https:\/\/nobelanamob.com\/wp-content\/uploads\/2025\/08\/ANAMOB-2025_logo.png\",\"contentUrl\":\"https:\/\/nobelanamob.com\/wp-content\/uploads\/2025\/08\/ANAMOB-2025_logo.png\",\"width\":1010,\"height\":326,\"caption\":\"NOBEL ANAMOB - Anadolu Mobilya Fuar\u0131\"},\"image\":{\"@id\":\"https:\/\/nobelanamob.com\/#\/schema\/logo\/image\/\"}}]}<\/script>\n<!-- \/ Yoast SEO plugin. -->","yoast_head_json":{"title":"H\u0130ZMETLER\u0130M\u0130Z - NOBEL ANAMOB - Anadolu Mobilya Fuar\u0131","robots":{"index":"index","follow":"follow","max-snippet":"max-snippet:-1","max-image-preview":"max-image-preview:large","max-video-preview":"max-video-preview:-1"},"canonical":"http:\/\/nobelanamob.com\/ru\/hizmetlerimiz\/","og_locale":"ru_RU","og_type":"article","og_title":"H\u0130ZMETLER\u0130M\u0130Z - NOBEL ANAMOB - Anadolu Mobilya Fuar\u0131","og_description":"Ba\u015far\u0131l\u0131 Bir Fuar Deneyimi \u0130\u00e7in Size \u00d6zel Hizmetlerimiz ANAMOB Anadolu Mobilya Fuar\u0131\u2019na kat\u0131lma karar\u0131 verdi\u011finizde, art\u0131k yaln\u0131zca bir fuarda yer alm\u0131yorsunuz. Nobel Expo\u2019nun yeni nesil fuarc\u0131l\u0131k anlay\u0131\u015f\u0131yla, yat\u0131r\u0131m\u0131n\u0131z\u0131n potansiyelini en \u00fcst seviyeye ta\u015f\u0131yacak bir i\u015f platformuna ad\u0131m at\u0131yorsunuz. Kat\u0131l\u0131mc\u0131lar\u0131m\u0131z i\u00e7in sundu\u011fumuz ayr\u0131cal\u0131kl\u0131 hizmetler, fuar s\u00fcresince oldu\u011fu kadar \u00f6ncesinde ve sonras\u0131nda da markan\u0131z\u0131 g\u00fc\u00e7lendirmenize yard\u0131mc\u0131 olur. [&hellip;]","og_url":"http:\/\/nobelanamob.com\/ru\/hizmetlerimiz\/","og_site_name":"NOBEL ANAMOB - Anadolu Mobilya Fuar\u0131","article_modified_time":"2025-08-28T11:14:25+00:00","twitter_card":"summary_large_image","twitter_misc":{"\u041f\u0440\u0438\u043c\u0435\u0440\u043d\u043e\u0435 \u0432\u0440\u0435\u043c\u044f \u0434\u043b\u044f \u0447\u0442\u0435\u043d\u0438\u044f":"2 \u043c\u0438\u043d\u0443\u0442\u044b"},"schema":{"@context":"https:\/\/schema.org","@graph":[{"@type":"WebPage","@id":"http:\/\/nobelanamob.com\/ar\/hizmetlerimiz\/","url":"http:\/\/nobelanamob.com\/ar\/hizmetlerimiz\/","name":"H\u0130ZMETLER\u0130M\u0130Z - NOBEL ANAMOB - Anadolu Mobilya Fuar\u0131","isPartOf":{"@id":"https:\/\/nobelanamob.com\/#website"},"datePublished":"2024-01-31T13:06:04+00:00","dateModified":"2025-08-28T11:14:25+00:00","breadcrumb":{"@id":"http:\/\/nobelanamob.com\/ar\/hizmetlerimiz\/#breadcrumb"},"inLanguage":"ru-RU","potentialAction":[{"@type":"ReadAction","target":["http:\/\/nobelanamob.com\/ar\/hizmetlerimiz\/"]}]},{"@type":"BreadcrumbList","@id":"http:\/\/nobelanamob.com\/ar\/hizmetlerimiz\/#breadcrumb","itemListElement":[{"@type":"ListItem","position":1,"name":"Anasayfa","item":"https:\/\/nobelanamob.com\/"},{"@type":"ListItem","position":2,"name":"H\u0130ZMETLER\u0130M\u0130Z"}]},{"@type":"WebSite","@id":"https:\/\/nobelanamob.com\/#website","url":"https:\/\/nobelanamob.com\/","name":"NOBEL ANAMOB - \u0410\u043d\u0430\u0442\u043e\u043b\u0438\u0439\u0441\u043a\u0430\u044f \u043c\u0435\u0431\u0435\u043b\u044c\u043d\u0430\u044f \u044f\u0440\u043c\u0430\u0440\u043a\u0430","description":"\u041d\u043e\u0431\u0435\u043b\u0435\u0432\u0441\u043a\u0430\u044f \u0432\u044b\u0441\u0442\u0430\u0432\u043a\u0430","publisher":{"@id":"https:\/\/nobelanamob.com\/#organization"},"potentialAction":[{"@type":"SearchAction","target":{"@type":"EntryPoint","urlTemplate":"https:\/\/nobelanamob.com\/?s={search_term_string}"},"query-input":{"@type":"PropertyValueSpecification","valueRequired":true,"valueName":"search_term_string"}}],"inLanguage":"ru-RU"},{"@type":"Organization","@id":"https:\/\/nobelanamob.com\/#organization","name":"NOBEL ANAMOB - \u0410\u043d\u0430\u0442\u043e\u043b\u0438\u0439\u0441\u043a\u0430\u044f \u043c\u0435\u0431\u0435\u043b\u044c\u043d\u0430\u044f \u044f\u0440\u043c\u0430\u0440\u043a\u0430","url":"https:\/\/nobelanamob.com\/","logo":{"@type":"ImageObject","inLanguage":"ru-RU","@id":"https:\/\/nobelanamob.com\/#\/schema\/logo\/image\/","url":"https:\/\/nobelanamob.com\/wp-content\/uploads\/2025\/08\/ANAMOB-2025_logo.png","contentUrl":"https:\/\/nobelanamob.com\/wp-content\/uploads\/2025\/08\/ANAMOB-2025_logo.png","width":1010,"height":326,"caption":"NOBEL ANAMOB - Anadolu Mobilya Fuar\u0131"},"image":{"@id":"https:\/\/nobelanamob.com\/#\/schema\/logo\/image\/"}}]}},"_links":{"self":[{"href":"https:\/\/nobelanamob.com\/ru\/wp-json\/wp\/v2\/pages\/4076","targetHints":{"allow":["GET"]}}],"collection":[{"href":"https:\/\/nobelanamob.com\/ru\/wp-json\/wp\/v2\/pages"}],"about":[{"href":"https:\/\/nobelanamob.com\/ru\/wp-json\/wp\/v2\/types\/page"}],"author":[{"embeddable":true,"href":"https:\/\/nobelanamob.com\/ru\/wp-json\/wp\/v2\/users\/1"}],"replies":[{"embeddable":true,"href":"https:\/\/nobelanamob.com\/ru\/wp-json\/wp\/v2\/comments?post=4076"}],"version-history":[{"count":0,"href":"https:\/\/nobelanamob.com\/ru\/wp-json\/wp\/v2\/pages\/4076\/revisions"}],"wp:attachment":[{"href":"https:\/\/nobelanamob.com\/ru\/wp-json\/wp\/v2\/media?parent=4076"}],"curies":[{"name":"wp","href":"https:\/\/api.w.org\/{rel}","templated":true}]}}