{"id":4598,"date":"2025-08-26T12:35:45","date_gmt":"2025-08-26T12:35:45","guid":{"rendered":"https:\/\/anamob.websitesunum.com.tr\/?page_id=4598"},"modified":"2025-08-26T12:43:57","modified_gmt":"2025-08-26T12:43:57","slug":"kvkk","status":"publish","type":"page","link":"https:\/\/nobelanamob.com\/ru\/kvkk\/","title":{"rendered":"KVKK"},"content":{"rendered":"<div data-elementor-type=\"wp-page\" data-elementor-id=\"4598\" class=\"elementor elementor-4598\">\n\t\t\t\t<div class=\"elementor-element elementor-element-3386bc1 e-flex e-con-boxed e-con e-parent\" data-id=\"3386bc1\" data-element_type=\"container\">\n\t\t\t\t\t<div class=\"e-con-inner\">\n\t\t\t\t<div class=\"elementor-element elementor-element-76778a1 elementor-widget elementor-widget-heading\" data-id=\"76778a1\" data-element_type=\"widget\" data-widget_type=\"heading.default\">\n\t\t\t\t\t<h2 class=\"elementor-heading-title elementor-size-default\">Ki\u015fisel Verileri Koruma Kanunu (KVKK)<\/h2>\t\t\t\t<\/div>\n\t\t\t\t\t<\/div>\n\t\t\t\t<\/div>\n\t\t<div class=\"elementor-element elementor-element-b14141e e-flex e-con-boxed e-con e-parent\" data-id=\"b14141e\" data-element_type=\"container\">\n\t\t\t\t\t<div class=\"e-con-inner\">\n\t\t\t\t<div class=\"elementor-element elementor-element-511b0f2 elementor-widget elementor-widget-text-editor\" data-id=\"511b0f2\" data-element_type=\"widget\" data-widget_type=\"text-editor.default\">\n\t\t\t\t\t\t\t\t\t<p>Ki\u015fisel Verilerin Korunmas\u0131 Ziyaret\u00e7i (Internet) ANAMOB, veri sorumlusu olarak 6698 say\u0131l\u0131 Ki\u015fisel Verilerin Korunmas\u0131 Kanunu (KVKK) ve ilgili di\u011fer mevzuata uygun olarak ki\u015fisel verilerinizi i\u015flemektedir. KVKK\u2019nun Ayd\u0131nlatma Y\u00fck\u00fcml\u00fcl\u00fc\u011f\u00fc\u2019n\u00fc d\u00fczenleyen 10\u2019uncu maddesine g\u00f6re veri sorumlular\u0131, ki\u015fisel verilerini i\u015fledikleri ilgili ki\u015fileri belirli konularda bilgilendirmekle y\u00fck\u00fcml\u00fcd\u00fcr. Bu ayd\u0131nlatma metni de hukuki y\u00fck\u00fcml\u00fcl\u00fc\u011f\u00fcn yerine getirilebilmesi amac\u0131yla Ki\u015fisel Verileri Koruma Kurumu taraf\u0131ndan yay\u0131nlanan Ayd\u0131nlatma Y\u00fck\u00fcml\u00fcl\u00fc\u011f\u00fcn\u00fcn Yerine Getirilmesinde Uyulacak Usul ve Esaslar Hakk\u0131nda Tebli\u011f\u2019ine uygun olarak haz\u0131rlanm\u0131\u015ft\u0131r. \u0130lgili Ki\u015fi Ki\u015fisel verileri Nobel Expo taraf\u0131ndan i\u015flenen siz, web sitemizi ziyaret etmeniz sebebiyle Ziyaret\u00e7i (Internet) olarak tan\u0131mlanmakta ve Kanun taraf\u0131ndan da \u0130lgili Ki\u015fi olarak kabul edilmektesiniz. Veri Sorumlusu Sizinle ilgili ki\u015fisel veriler konusunda ki\u015fisel verilerin i\u015fleme ama\u00e7lar\u0131n\u0131 ve vas\u0131talar\u0131n\u0131 belirleyen, veri kay\u0131t sisteminin kurulmas\u0131ndan ve y\u00f6netilmesinden sorumlu olan Nobel Expo veri sorumlusudur. Ki\u015fisel Verilerinizin Elde Edilmesi A\u015fa\u011f\u0131daki ki\u015fisel verileriniz ve elde edinme y\u00f6ntemleri g\u00f6sterilmektedir. Ayn\u0131 ki\u015fisel veri birden fazla y\u00f6ntemle de elde edilebilir. Ki\u015fisel Verilerinizin \u0130\u015flenme Ama\u00e7lar\u0131 ve Hukuki Sebepleri A\u015fa\u011f\u0131daki tabloda ki\u015fisel verilerinizin i\u015flenmesindeki hukuki sebepler ve i\u015flenme ama\u00e7lar\u0131 listelenmi\u015ftir. KVKK Md.5\/2a\u2019ya uygun olarak kanunlarda a\u00e7\u0131k\u00e7a \u00f6ng\u00f6r\u00fclmesi sebebiyle Faaliyetlerin mevzuata uygun y\u00fcr\u00fct\u00fclmesi amac\u0131yla 5651 Say\u0131l\u0131 \u0130nternet Ortam\u0131nda Yap\u0131lan Yay\u0131nlar\u0131n D\u00fczenlenmesi ve Bu Yay\u0131nlar Yoluyla \u0130\u015flenen Su\u00e7larla M\u00fccadele Edilmesi Hakk\u0131nda Kanun\u2019ndaki Internet Kanunu\u2019na (Madde 7\/2) istinaden; \u0130\u015flem G\u00fcvenli\u011fi (IP Adresi, Kullan\u0131lan IP Protokol\u00fc, Ba\u011flant\u0131 Zaman\u0131, Ziyaret Edilen Sayfa, Aktar\u0131lan Veri Miktar\u0131, Ba\u011flant\u0131 Biti\u015f Zaman\u0131 vd.) Saklama ve ar\u015fiv faaliyetlerinin y\u00fcr\u00fct\u00fclmesi amac\u0131yla 5651 Say\u0131l\u0131 \u0130nternet Ortam\u0131nda Yap\u0131lan Yay\u0131nlar\u0131n D\u00fczenlenmesi ve Bu Yay\u0131nlar Yoluyla \u0130\u015flenen Su\u00e7larla M\u00fccadele Edilmesi Hakk\u0131nda Kanun\u2019ndaki Internet Kanunu\u2019na (Madde 7\/2) istinaden; Ki\u015fisel Verilerinizin Aktar\u0131lmas\u0131 Ki\u015fisel verileriniz KVKK Md.28\/1 \u00e7er\u00e7evesinde talep edilmesi halinde ayd\u0131nlatma y\u00fck\u00fcml\u00fcl\u00fc\u011f\u00fc olmadan ve a\u00e7\u0131k r\u0131zan\u0131z aranmadan ilgili makamlara aktar\u0131labilir. Bunun d\u0131\u015f\u0131nda \u00f6ng\u00f6r\u00fclemeyen durumlarda da ki\u015fisel verileriniz kanunlarda a\u00e7\u0131k\u00e7a belirtilmi\u015f durumlarda talep edilmesi halinde kanunlarda belirtilen kamu kurumlar\u0131na (bakanl\u0131klar, Cumhurba\u015fkanl\u0131\u011f\u0131 kurullar\u0131 gibi idari makamlara) kanunda \u00f6ng\u00f6r\u00fclen ama\u00e7 ve s\u0131n\u0131rlamalar d\u00e2hilinde aktar\u0131labilir. Ki\u015fisel verileriniz, ayd\u0131nlatma y\u00fck\u00fcml\u00fcl\u00fc\u011f\u00fc olmayan ve a\u00e7\u0131k r\u0131zan\u0131z\u0131 gerektirmeyen yasal y\u00fck\u00fcml\u00fcl\u00fcklerimizin d\u0131\u015f\u0131nda herhangi bir kurum, ki\u015fi ya da kurulu\u015fa aktar\u0131lmamaktad\u0131r Ki\u015fisel Verilerinizle \u0130lgili Haklar\u0131n\u0131z \u0130lgili ki\u015filer ki\u015fisel verilerine ili\u015fkin haklar\u0131n\u0131 kullanmak i\u00e7in \u00f6ncelikle veri sorumlusuna ba\u015fvurmak zorundad\u0131rlar. Kanunun 14\u2019\u00fcnc\u00fc maddesine g\u00f6re Ki\u015fisel Verileri Koruma Kurulu\u2019na do\u011frudan \u015fik\u00e2yette bulunulamaz. Kanun uyar\u0131nca ki\u015fisel verilerinizle ilgili a) Ki\u015fisel veri i\u015flenip i\u015flenmedi\u011fini \u00f6\u011frenme, b) Ki\u015fisel verileriniz i\u015flenmi\u015fse buna ili\u015fkin bilgi talep etme, c) Ki\u015fisel verilerinizin i\u015flenme amac\u0131n\u0131 ve bunlar\u0131n amac\u0131na uygun kullan\u0131l\u0131p kullan\u0131lmad\u0131\u011f\u0131n\u0131 \u00f6\u011frenme, \u00e7) Yurt i\u00e7inde veya yurt d\u0131\u015f\u0131nda ki\u015fisel verilerinizin aktar\u0131ld\u0131\u011f\u0131 \u00fc\u00e7\u00fcnc\u00fc ki\u015fileri bilme, d) Ki\u015fisel verilerinizin eksik veya yanl\u0131\u015f i\u015flenmi\u015f olmas\u0131 h\u00e2linde bunlar\u0131n d\u00fczeltilmesini isteme, e) \u0130\u015flenmesini gerektiren sebeplerin ortadan kalkmas\u0131 h\u00e2linde ki\u015fisel verilerinizin silinmesini veya yok edilmesini isteme, f) (d) ve (e) bentleri uyar\u0131nca yap\u0131lan i\u015flemlerin, ki\u015fisel verilerinizin aktar\u0131ld\u0131\u011f\u0131 \u00fc\u00e7\u00fcnc\u00fc ki\u015filere bildirilmesini isteme, g) \u0130\u015flenen verilerinizin m\u00fcnhas\u0131ran otomatik sistemler vas\u0131tas\u0131yla analiz edilmesi suretiyle aleyhinize bir sonucun ortaya \u00e7\u0131kmas\u0131na itiraz etme, \u011f) Ki\u015fisel verilerin kanuna ayk\u0131r\u0131 olarak i\u015flenmesi sebebiyle zarara u\u011framan\u0131z h\u00e2linde zarar\u0131n giderilmesini talep etme Haklar\u0131n\u0131z\u0131 veri sorumlusuna yani bize ba\u015fvurarak kullanabilirsiniz. Veri Sorumlusuna Ba\u015fvuru Y\u00f6ntemi Ba\u015fvurunuzu Ye\u015filk\u00f6y mah. Atat\u00fcrk cad. D\u00fcnya Ticaret Merkezi Blok No: 10 \u0130\u00e7 Kap\u0131 No: 182 Bak\u0131rk\u00f6y \/ \u0130stanbul adresine yaz\u0131l\u0131 olarak;\u00a0info@nobelexpo.com\u00a0kay\u0131tl\u0131 elektronik posta adresine kay\u0131tl\u0131 elektronik posta adresinizi kullanarak; Sistemimizde kay\u0131tl\u0131 bulunan elektronik posta adresinizi kullanarak\u00a0info@nobelexpo.com\u00a0adresine e-posta g\u00f6ndererek yapabilirsiniz. Ba\u015fvuru yap\u0131l\u0131rken uyulmas\u0131 gereken usul ve esaslar hakk\u0131ndaki daha detayl\u0131 bilgiye Ki\u015fisel Verileri Koruma Kurumu\u2019nun Veri Sorumlusuna Ba\u015fvuru Usul ve Esaslar\u0131 Hakk\u0131nda Tebli\u011f\u2019den ula\u015fabilirsiniz. ANAMOB.<\/p>\t\t\t\t\t\t\t\t<\/div>\n\t\t\t\t\t<\/div>\n\t\t\t\t<\/div>\n\t\t\t\t<\/div>","protected":false},"excerpt":{"rendered":"<p>Ki\u015fisel Verileri Koruma Kanunu (KVKK) Ki\u015fisel Verilerin Korunmas\u0131 Ziyaret\u00e7i (Internet) ANAMOB, veri sorumlusu olarak 6698 say\u0131l\u0131 Ki\u015fisel Verilerin Korunmas\u0131 Kanunu (KVKK) ve ilgili di\u011fer mevzuata uygun olarak ki\u015fisel verilerinizi i\u015flemektedir. KVKK\u2019nun Ayd\u0131nlatma Y\u00fck\u00fcml\u00fcl\u00fc\u011f\u00fc\u2019n\u00fc d\u00fczenleyen 10\u2019uncu maddesine g\u00f6re veri sorumlular\u0131, ki\u015fisel verilerini i\u015fledikleri ilgili ki\u015fileri belirli konularda bilgilendirmekle y\u00fck\u00fcml\u00fcd\u00fcr. Bu ayd\u0131nlatma metni de hukuki y\u00fck\u00fcml\u00fcl\u00fc\u011f\u00fcn yerine [&hellip;]<\/p>","protected":false},"author":1,"featured_media":0,"parent":0,"menu_order":0,"comment_status":"closed","ping_status":"closed","template":"","meta":{"footnotes":""},"class_list":["post-4598","page","type-page","status-publish","hentry"],"yoast_head":"<!-- This site is optimized with the Yoast SEO plugin v26.0 - https:\/\/yoast.com\/wordpress\/plugins\/seo\/ -->\n<title>KVKK - NOBEL ANAMOB - Anadolu Mobilya Fuar\u0131<\/title>\n<meta name=\"robots\" content=\"index, follow, max-snippet:-1, max-image-preview:large, max-video-preview:-1\" \/>\n<link rel=\"canonical\" href=\"http:\/\/nobelanamob.com\/ru\/kvkk\/\" \/>\n<meta property=\"og:locale\" content=\"ru_RU\" \/>\n<meta property=\"og:type\" content=\"article\" \/>\n<meta property=\"og:title\" content=\"KVKK - NOBEL ANAMOB - Anadolu Mobilya Fuar\u0131\" \/>\n<meta property=\"og:description\" content=\"Ki\u015fisel Verileri Koruma Kanunu (KVKK) Ki\u015fisel Verilerin Korunmas\u0131 Ziyaret\u00e7i (Internet) ANAMOB, veri sorumlusu olarak 6698 say\u0131l\u0131 Ki\u015fisel Verilerin Korunmas\u0131 Kanunu (KVKK) ve ilgili di\u011fer mevzuata uygun olarak ki\u015fisel verilerinizi i\u015flemektedir. KVKK\u2019nun Ayd\u0131nlatma Y\u00fck\u00fcml\u00fcl\u00fc\u011f\u00fc\u2019n\u00fc d\u00fczenleyen 10\u2019uncu maddesine g\u00f6re veri sorumlular\u0131, ki\u015fisel verilerini i\u015fledikleri ilgili ki\u015fileri belirli konularda bilgilendirmekle y\u00fck\u00fcml\u00fcd\u00fcr. Bu ayd\u0131nlatma metni de hukuki y\u00fck\u00fcml\u00fcl\u00fc\u011f\u00fcn yerine [&hellip;]\" \/>\n<meta property=\"og:url\" content=\"http:\/\/nobelanamob.com\/ru\/kvkk\/\" \/>\n<meta property=\"og:site_name\" content=\"NOBEL ANAMOB - Anadolu Mobilya Fuar\u0131\" \/>\n<meta property=\"article:modified_time\" content=\"2025-08-26T12:43:57+00:00\" \/>\n<meta name=\"twitter:card\" content=\"summary_large_image\" \/>\n<meta name=\"twitter:label1\" content=\"\u041f\u0440\u0438\u043c\u0435\u0440\u043d\u043e\u0435 \u0432\u0440\u0435\u043c\u044f \u0434\u043b\u044f \u0447\u0442\u0435\u043d\u0438\u044f\" \/>\n\t<meta name=\"twitter:data1\" content=\"4 \u043c\u0438\u043d\u0443\u0442\u044b\" \/>\n<script type=\"application\/ld+json\" class=\"yoast-schema-graph\">{\"@context\":\"https:\/\/schema.org\",\"@graph\":[{\"@type\":\"WebPage\",\"@id\":\"http:\/\/nobelanamob.com\/ar\/kvkk\/\",\"url\":\"http:\/\/nobelanamob.com\/ar\/kvkk\/\",\"name\":\"KVKK - NOBEL ANAMOB - Anadolu Mobilya Fuar\u0131\",\"isPartOf\":{\"@id\":\"https:\/\/nobelanamob.com\/#website\"},\"datePublished\":\"2025-08-26T12:35:45+00:00\",\"dateModified\":\"2025-08-26T12:43:57+00:00\",\"breadcrumb\":{\"@id\":\"http:\/\/nobelanamob.com\/ar\/kvkk\/#breadcrumb\"},\"inLanguage\":\"ru-RU\",\"potentialAction\":[{\"@type\":\"ReadAction\",\"target\":[\"http:\/\/nobelanamob.com\/ar\/kvkk\/\"]}]},{\"@type\":\"BreadcrumbList\",\"@id\":\"http:\/\/nobelanamob.com\/ar\/kvkk\/#breadcrumb\",\"itemListElement\":[{\"@type\":\"ListItem\",\"position\":1,\"name\":\"Anasayfa\",\"item\":\"https:\/\/nobelanamob.com\/\"},{\"@type\":\"ListItem\",\"position\":2,\"name\":\"KVKK\"}]},{\"@type\":\"WebSite\",\"@id\":\"https:\/\/nobelanamob.com\/#website\",\"url\":\"https:\/\/nobelanamob.com\/\",\"name\":\"NOBEL ANAMOB - Anadolu Mobilya Fuar\u0131\",\"description\":\"Nobel Expo\",\"publisher\":{\"@id\":\"https:\/\/nobelanamob.com\/#organization\"},\"potentialAction\":[{\"@type\":\"SearchAction\",\"target\":{\"@type\":\"EntryPoint\",\"urlTemplate\":\"https:\/\/nobelanamob.com\/?s={search_term_string}\"},\"query-input\":{\"@type\":\"PropertyValueSpecification\",\"valueRequired\":true,\"valueName\":\"search_term_string\"}}],\"inLanguage\":\"ru-RU\"},{\"@type\":\"Organization\",\"@id\":\"https:\/\/nobelanamob.com\/#organization\",\"name\":\"NOBEL ANAMOB - Anadolu Mobilya Fuar\u0131\",\"url\":\"https:\/\/nobelanamob.com\/\",\"logo\":{\"@type\":\"ImageObject\",\"inLanguage\":\"ru-RU\",\"@id\":\"https:\/\/nobelanamob.com\/#\/schema\/logo\/image\/\",\"url\":\"https:\/\/nobelanamob.com\/wp-content\/uploads\/2025\/08\/ANAMOB-2025_logo.png\",\"contentUrl\":\"https:\/\/nobelanamob.com\/wp-content\/uploads\/2025\/08\/ANAMOB-2025_logo.png\",\"width\":1010,\"height\":326,\"caption\":\"NOBEL ANAMOB - Anadolu Mobilya Fuar\u0131\"},\"image\":{\"@id\":\"https:\/\/nobelanamob.com\/#\/schema\/logo\/image\/\"}}]}<\/script>\n<!-- \/ Yoast SEO plugin. -->","yoast_head_json":{"title":"KVKK - NOBEL ANAMOB - Anadolu Mobilya Fuar\u0131","robots":{"index":"index","follow":"follow","max-snippet":"max-snippet:-1","max-image-preview":"max-image-preview:large","max-video-preview":"max-video-preview:-1"},"canonical":"http:\/\/nobelanamob.com\/ru\/kvkk\/","og_locale":"ru_RU","og_type":"article","og_title":"KVKK - NOBEL ANAMOB - Anadolu Mobilya Fuar\u0131","og_description":"Ki\u015fisel Verileri Koruma Kanunu (KVKK) Ki\u015fisel Verilerin Korunmas\u0131 Ziyaret\u00e7i (Internet) ANAMOB, veri sorumlusu olarak 6698 say\u0131l\u0131 Ki\u015fisel Verilerin Korunmas\u0131 Kanunu (KVKK) ve ilgili di\u011fer mevzuata uygun olarak ki\u015fisel verilerinizi i\u015flemektedir. KVKK\u2019nun Ayd\u0131nlatma Y\u00fck\u00fcml\u00fcl\u00fc\u011f\u00fc\u2019n\u00fc d\u00fczenleyen 10\u2019uncu maddesine g\u00f6re veri sorumlular\u0131, ki\u015fisel verilerini i\u015fledikleri ilgili ki\u015fileri belirli konularda bilgilendirmekle y\u00fck\u00fcml\u00fcd\u00fcr. Bu ayd\u0131nlatma metni de hukuki y\u00fck\u00fcml\u00fcl\u00fc\u011f\u00fcn yerine [&hellip;]","og_url":"http:\/\/nobelanamob.com\/ru\/kvkk\/","og_site_name":"NOBEL ANAMOB - Anadolu Mobilya Fuar\u0131","article_modified_time":"2025-08-26T12:43:57+00:00","twitter_card":"summary_large_image","twitter_misc":{"\u041f\u0440\u0438\u043c\u0435\u0440\u043d\u043e\u0435 \u0432\u0440\u0435\u043c\u044f \u0434\u043b\u044f \u0447\u0442\u0435\u043d\u0438\u044f":"4 \u043c\u0438\u043d\u0443\u0442\u044b"},"schema":{"@context":"https:\/\/schema.org","@graph":[{"@type":"WebPage","@id":"http:\/\/nobelanamob.com\/ar\/kvkk\/","url":"http:\/\/nobelanamob.com\/ar\/kvkk\/","name":"KVKK - NOBEL ANAMOB - Anadolu Mobilya Fuar\u0131","isPartOf":{"@id":"https:\/\/nobelanamob.com\/#website"},"datePublished":"2025-08-26T12:35:45+00:00","dateModified":"2025-08-26T12:43:57+00:00","breadcrumb":{"@id":"http:\/\/nobelanamob.com\/ar\/kvkk\/#breadcrumb"},"inLanguage":"ru-RU","potentialAction":[{"@type":"ReadAction","target":["http:\/\/nobelanamob.com\/ar\/kvkk\/"]}]},{"@type":"BreadcrumbList","@id":"http:\/\/nobelanamob.com\/ar\/kvkk\/#breadcrumb","itemListElement":[{"@type":"ListItem","position":1,"name":"Anasayfa","item":"https:\/\/nobelanamob.com\/"},{"@type":"ListItem","position":2,"name":"KVKK"}]},{"@type":"WebSite","@id":"https:\/\/nobelanamob.com\/#website","url":"https:\/\/nobelanamob.com\/","name":"NOBEL ANAMOB - \u0410\u043d\u0430\u0442\u043e\u043b\u0438\u0439\u0441\u043a\u0430\u044f \u043c\u0435\u0431\u0435\u043b\u044c\u043d\u0430\u044f \u044f\u0440\u043c\u0430\u0440\u043a\u0430","description":"\u041d\u043e\u0431\u0435\u043b\u0435\u0432\u0441\u043a\u0430\u044f \u0432\u044b\u0441\u0442\u0430\u0432\u043a\u0430","publisher":{"@id":"https:\/\/nobelanamob.com\/#organization"},"potentialAction":[{"@type":"SearchAction","target":{"@type":"EntryPoint","urlTemplate":"https:\/\/nobelanamob.com\/?s={search_term_string}"},"query-input":{"@type":"PropertyValueSpecification","valueRequired":true,"valueName":"search_term_string"}}],"inLanguage":"ru-RU"},{"@type":"Organization","@id":"https:\/\/nobelanamob.com\/#organization","name":"NOBEL ANAMOB - \u0410\u043d\u0430\u0442\u043e\u043b\u0438\u0439\u0441\u043a\u0430\u044f \u043c\u0435\u0431\u0435\u043b\u044c\u043d\u0430\u044f \u044f\u0440\u043c\u0430\u0440\u043a\u0430","url":"https:\/\/nobelanamob.com\/","logo":{"@type":"ImageObject","inLanguage":"ru-RU","@id":"https:\/\/nobelanamob.com\/#\/schema\/logo\/image\/","url":"https:\/\/nobelanamob.com\/wp-content\/uploads\/2025\/08\/ANAMOB-2025_logo.png","contentUrl":"https:\/\/nobelanamob.com\/wp-content\/uploads\/2025\/08\/ANAMOB-2025_logo.png","width":1010,"height":326,"caption":"NOBEL ANAMOB - Anadolu Mobilya Fuar\u0131"},"image":{"@id":"https:\/\/nobelanamob.com\/#\/schema\/logo\/image\/"}}]}},"_links":{"self":[{"href":"https:\/\/nobelanamob.com\/ru\/wp-json\/wp\/v2\/pages\/4598","targetHints":{"allow":["GET"]}}],"collection":[{"href":"https:\/\/nobelanamob.com\/ru\/wp-json\/wp\/v2\/pages"}],"about":[{"href":"https:\/\/nobelanamob.com\/ru\/wp-json\/wp\/v2\/types\/page"}],"author":[{"embeddable":true,"href":"https:\/\/nobelanamob.com\/ru\/wp-json\/wp\/v2\/users\/1"}],"replies":[{"embeddable":true,"href":"https:\/\/nobelanamob.com\/ru\/wp-json\/wp\/v2\/comments?post=4598"}],"version-history":[{"count":0,"href":"https:\/\/nobelanamob.com\/ru\/wp-json\/wp\/v2\/pages\/4598\/revisions"}],"wp:attachment":[{"href":"https:\/\/nobelanamob.com\/ru\/wp-json\/wp\/v2\/media?parent=4598"}],"curies":[{"name":"wp","href":"https:\/\/api.w.org\/{rel}","templated":true}]}}